{"id":726,"date":"2013-10-30T21:02:32","date_gmt":"2013-10-30T21:02:32","guid":{"rendered":"http:\/\/nogsteedshypo.nl\/?page_id=726"},"modified":"2013-10-30T21:12:39","modified_gmt":"2013-10-30T21:12:39","slug":"saperne-di-piu","status":"publish","type":"page","link":"https:\/\/nogsteedshypo.nl\/?page_id=726","title":{"rendered":"Saperne di pi\u00f9"},"content":{"rendered":"<div id=\"post-entry-excerpt-726\" class=\"entry-part\"><p><span style=\"font-size: 16px;\">Per saperne di pi\u00f9 sull&#8217;ipotiroidismo si consiglia di leggere il libro &#8220;Ipotiroidismo un&#8217;emergenza ignorata&#8221; di dottor Raul Vergini.<\/span><\/p>\n<p><span style=\"font-size: 16px;\"><em>&#8220;Si stima che la maggior parte della popolazione sia affetta da una ridotta funzionalit\u00e0 della tiroide. Il problema \u00e8 che non lo sa. Le cause di questa situazione sono da ricercare nel mancato riconoscimento dei sintomi e nella scarsa precisione degli esami di laboratoriadizionali. Questo fa s\u00ec che l&#8217;ipotiroidismo sia una tra le epidemie pi\u00f9 diffuse ma non riconosciute della storia della medicina moderna. Il libro di Raul Vergini rappresenta l&#8217;opera pi\u00f9 completa e aggiornata su questa patologia. Come riconoscerla e come curarla, quali sono i fattori di rischio e quali i limiti della terapia a base di tiroxina, quanto \u00e8 importante lo iodio per la salute della tiroide e in che modo trattare la &#8220;debolezza surrenale&#8221;.&#8221;<\/em><\/span><\/p>\n<p>&nbsp;<\/p>\n<p style=\"text-align: center;\"><a href=\"http:\/\/www.amazon.it\/Ipotiroidismo-Unemergenza-ignorata-riconoscere-trattare\/dp\/8862291310\/ref=sr_1_1?ie=UTF8&amp;qid=1383166487&amp;sr=8-1&amp;keywords=raul+vergini\" target=\"_blank\"><img loading=\"lazy\" decoding=\"async\" class=\"aligncenter size-full wp-image-728\" alt=\"plaatje boek vergini\" src=\"http:\/\/nogsteedshypo.nl\/wp-content\/uploads\/2013\/10\/plaatje-boek-vergini1.jpg\" width=\"194\" height=\"295\" \/><\/a><\/p>\n<\/div><div id=\"post-footer-726\" class=\"post-footer clear\"><\/div>","protected":false},"excerpt":{"rendered":"<p>Per saperne di pi\u00f9 sull&#8217;ipotiroidismo si consiglia di leggere il libro &#8220;Ipotiroidismo un&#8217;emergenza ignorata&#8221; di dottor Raul Vergini. &#8220;Si stima che la maggior parte della popolazione sia affetta da una ridotta funzionalit\u00e0 della tiroide. Il problema \u00e8 che non lo&hellip; <a href=\"https:\/\/nogsteedshypo.nl\/saperne-di-piu\/\" title=\"Continue reading &laquo;Saperne di pi\u00f9&raquo;\" class=\"more-link\">Continue reading &laquo;Saperne di pi\u00f9&raquo;<\/a><\/p>\n","protected":false},"author":1,"featured_media":0,"parent":0,"menu_order":0,"comment_status":"closed","ping_status":"closed","template":"","meta":{"footnotes":""},"class_list":["post-726","page","type-page","status-publish","hentry"],"yoast_head":"<!-- This site is optimized with the Yoast SEO plugin v27.4 - https:\/\/yoast.com\/product\/yoast-seo-wordpress\/ -->\n<title>Saperne di pi\u00f9 - Nog Steeds Hypo<\/title>\n<meta name=\"robots\" content=\"index, follow, max-snippet:-1, max-image-preview:large, max-video-preview:-1\" \/>\n<link rel=\"canonical\" href=\"https:\/\/nogsteedshypo.nl\/?page_id=726\" \/>\n<meta property=\"og:locale\" content=\"it_IT\" \/>\n<meta property=\"og:type\" content=\"article\" \/>\n<meta property=\"og:title\" content=\"Saperne di pi\u00f9 - Nog Steeds Hypo\" \/>\n<meta property=\"og:description\" content=\"Per saperne di pi\u00f9 sull&#8217;ipotiroidismo si consiglia di leggere il libro &#8220;Ipotiroidismo un&#8217;emergenza ignorata&#8221; di dottor Raul Vergini. &#8220;Si stima che la maggior parte della popolazione sia affetta da una ridotta funzionalit\u00e0 della tiroide. Il problema \u00e8 che non lo&hellip; Continue reading &laquo;Saperne di pi\u00f9&raquo;\" \/>\n<meta property=\"og:url\" content=\"https:\/\/nogsteedshypo.nl\/?page_id=726\" \/>\n<meta property=\"og:site_name\" content=\"Nog Steeds Hypo\" \/>\n<meta property=\"article:publisher\" content=\"https:\/\/www.facebook.com\/AncoraIpo\" \/>\n<meta property=\"article:modified_time\" content=\"2013-10-30T21:12:39+00:00\" \/>\n<meta property=\"og:image\" content=\"http:\/\/nogsteedshypo.nl\/wp-content\/uploads\/2013\/10\/plaatje-boek-vergini1.jpg\" \/>\n<meta name=\"twitter:label1\" content=\"Tempo di lettura stimato\" \/>\n\t<meta name=\"twitter:data1\" content=\"1 minuto\" \/>\n<script type=\"application\/ld+json\" class=\"yoast-schema-graph\">{\"@context\":\"https:\\\/\\\/schema.org\",\"@graph\":[{\"@type\":\"WebPage\",\"@id\":\"https:\\\/\\\/nogsteedshypo.nl\\\/?page_id=726\",\"url\":\"https:\\\/\\\/nogsteedshypo.nl\\\/?page_id=726\",\"name\":\"Saperne di pi\u00f9 - Nog Steeds Hypo\",\"isPartOf\":{\"@id\":\"http:\\\/\\\/nogsteedshypo.nl\\\/#website\"},\"primaryImageOfPage\":{\"@id\":\"https:\\\/\\\/nogsteedshypo.nl\\\/?page_id=726#primaryimage\"},\"image\":{\"@id\":\"https:\\\/\\\/nogsteedshypo.nl\\\/?page_id=726#primaryimage\"},\"thumbnailUrl\":\"http:\\\/\\\/nogsteedshypo.nl\\\/wp-content\\\/uploads\\\/2013\\\/10\\\/plaatje-boek-vergini1.jpg\",\"datePublished\":\"2013-10-30T21:02:32+00:00\",\"dateModified\":\"2013-10-30T21:12:39+00:00\",\"breadcrumb\":{\"@id\":\"https:\\\/\\\/nogsteedshypo.nl\\\/?page_id=726#breadcrumb\"},\"inLanguage\":\"it-IT\",\"potentialAction\":[{\"@type\":\"ReadAction\",\"target\":[\"https:\\\/\\\/nogsteedshypo.nl\\\/?page_id=726\"]}]},{\"@type\":\"ImageObject\",\"inLanguage\":\"it-IT\",\"@id\":\"https:\\\/\\\/nogsteedshypo.nl\\\/?page_id=726#primaryimage\",\"url\":\"https:\\\/\\\/nogsteedshypo.nl\\\/wp-content\\\/uploads\\\/2013\\\/10\\\/plaatje-boek-vergini1.jpg\",\"contentUrl\":\"https:\\\/\\\/nogsteedshypo.nl\\\/wp-content\\\/uploads\\\/2013\\\/10\\\/plaatje-boek-vergini1.jpg\",\"width\":194,\"height\":295},{\"@type\":\"BreadcrumbList\",\"@id\":\"https:\\\/\\\/nogsteedshypo.nl\\\/?page_id=726#breadcrumb\",\"itemListElement\":[{\"@type\":\"ListItem\",\"position\":1,\"name\":\"Home\",\"item\":\"http:\\\/\\\/nogsteedshypo.nl\\\/\"},{\"@type\":\"ListItem\",\"position\":2,\"name\":\"Saperne di pi\u00f9\"}]},{\"@type\":\"WebSite\",\"@id\":\"http:\\\/\\\/nogsteedshypo.nl\\\/#website\",\"url\":\"http:\\\/\\\/nogsteedshypo.nl\\\/\",\"name\":\"Ancora ipo\",\"description\":\"Als de standaardmedicijnen niet werken\u2026\",\"publisher\":{\"@id\":\"http:\\\/\\\/nogsteedshypo.nl\\\/#organization\"},\"potentialAction\":[{\"@type\":\"SearchAction\",\"target\":{\"@type\":\"EntryPoint\",\"urlTemplate\":\"http:\\\/\\\/nogsteedshypo.nl\\\/?s={search_term_string}\"},\"query-input\":{\"@type\":\"PropertyValueSpecification\",\"valueRequired\":true,\"valueName\":\"search_term_string\"}}],\"inLanguage\":\"it-IT\"},{\"@type\":\"Organization\",\"@id\":\"http:\\\/\\\/nogsteedshypo.nl\\\/#organization\",\"name\":\"Ancora ipo\",\"url\":\"http:\\\/\\\/nogsteedshypo.nl\\\/\",\"logo\":{\"@type\":\"ImageObject\",\"inLanguage\":\"it-IT\",\"@id\":\"http:\\\/\\\/nogsteedshypo.nl\\\/#\\\/schema\\\/logo\\\/image\\\/\",\"url\":\"http:\\\/\\\/nogsteedshypo.nl\\\/wp-content\\\/uploads\\\/2013\\\/10\\\/cropped-cropped-cropped-kleinere-foto-gedownload-voor-header-site2-1.jpg\",\"contentUrl\":\"http:\\\/\\\/nogsteedshypo.nl\\\/wp-content\\\/uploads\\\/2013\\\/10\\\/cropped-cropped-cropped-kleinere-foto-gedownload-voor-header-site2-1.jpg\",\"width\":800,\"height\":380,\"caption\":\"Ancora ipo\"},\"image\":{\"@id\":\"http:\\\/\\\/nogsteedshypo.nl\\\/#\\\/schema\\\/logo\\\/image\\\/\"},\"sameAs\":[\"https:\\\/\\\/www.facebook.com\\\/AncoraIpo\"]}]}<\/script>\n<!-- \/ Yoast SEO plugin. -->","yoast_head_json":{"title":"Saperne di pi\u00f9 - Nog Steeds Hypo","robots":{"index":"index","follow":"follow","max-snippet":"max-snippet:-1","max-image-preview":"max-image-preview:large","max-video-preview":"max-video-preview:-1"},"canonical":"https:\/\/nogsteedshypo.nl\/?page_id=726","og_locale":"it_IT","og_type":"article","og_title":"Saperne di pi\u00f9 - Nog Steeds Hypo","og_description":"Per saperne di pi\u00f9 sull&#8217;ipotiroidismo si consiglia di leggere il libro &#8220;Ipotiroidismo un&#8217;emergenza ignorata&#8221; di dottor Raul Vergini. &#8220;Si stima che la maggior parte della popolazione sia affetta da una ridotta funzionalit\u00e0 della tiroide. Il problema \u00e8 che non lo&hellip; Continue reading &laquo;Saperne di pi\u00f9&raquo;","og_url":"https:\/\/nogsteedshypo.nl\/?page_id=726","og_site_name":"Nog Steeds Hypo","article_publisher":"https:\/\/www.facebook.com\/AncoraIpo","article_modified_time":"2013-10-30T21:12:39+00:00","og_image":[{"url":"http:\/\/nogsteedshypo.nl\/wp-content\/uploads\/2013\/10\/plaatje-boek-vergini1.jpg","type":"","width":"","height":""}],"twitter_misc":{"Tempo di lettura stimato":"1 minuto"},"schema":{"@context":"https:\/\/schema.org","@graph":[{"@type":"WebPage","@id":"https:\/\/nogsteedshypo.nl\/?page_id=726","url":"https:\/\/nogsteedshypo.nl\/?page_id=726","name":"Saperne di pi\u00f9 - Nog Steeds Hypo","isPartOf":{"@id":"http:\/\/nogsteedshypo.nl\/#website"},"primaryImageOfPage":{"@id":"https:\/\/nogsteedshypo.nl\/?page_id=726#primaryimage"},"image":{"@id":"https:\/\/nogsteedshypo.nl\/?page_id=726#primaryimage"},"thumbnailUrl":"http:\/\/nogsteedshypo.nl\/wp-content\/uploads\/2013\/10\/plaatje-boek-vergini1.jpg","datePublished":"2013-10-30T21:02:32+00:00","dateModified":"2013-10-30T21:12:39+00:00","breadcrumb":{"@id":"https:\/\/nogsteedshypo.nl\/?page_id=726#breadcrumb"},"inLanguage":"it-IT","potentialAction":[{"@type":"ReadAction","target":["https:\/\/nogsteedshypo.nl\/?page_id=726"]}]},{"@type":"ImageObject","inLanguage":"it-IT","@id":"https:\/\/nogsteedshypo.nl\/?page_id=726#primaryimage","url":"https:\/\/nogsteedshypo.nl\/wp-content\/uploads\/2013\/10\/plaatje-boek-vergini1.jpg","contentUrl":"https:\/\/nogsteedshypo.nl\/wp-content\/uploads\/2013\/10\/plaatje-boek-vergini1.jpg","width":194,"height":295},{"@type":"BreadcrumbList","@id":"https:\/\/nogsteedshypo.nl\/?page_id=726#breadcrumb","itemListElement":[{"@type":"ListItem","position":1,"name":"Home","item":"http:\/\/nogsteedshypo.nl\/"},{"@type":"ListItem","position":2,"name":"Saperne di pi\u00f9"}]},{"@type":"WebSite","@id":"http:\/\/nogsteedshypo.nl\/#website","url":"http:\/\/nogsteedshypo.nl\/","name":"Ancora ipo","description":"Als de standaardmedicijnen niet werken\u2026","publisher":{"@id":"http:\/\/nogsteedshypo.nl\/#organization"},"potentialAction":[{"@type":"SearchAction","target":{"@type":"EntryPoint","urlTemplate":"http:\/\/nogsteedshypo.nl\/?s={search_term_string}"},"query-input":{"@type":"PropertyValueSpecification","valueRequired":true,"valueName":"search_term_string"}}],"inLanguage":"it-IT"},{"@type":"Organization","@id":"http:\/\/nogsteedshypo.nl\/#organization","name":"Ancora ipo","url":"http:\/\/nogsteedshypo.nl\/","logo":{"@type":"ImageObject","inLanguage":"it-IT","@id":"http:\/\/nogsteedshypo.nl\/#\/schema\/logo\/image\/","url":"http:\/\/nogsteedshypo.nl\/wp-content\/uploads\/2013\/10\/cropped-cropped-cropped-kleinere-foto-gedownload-voor-header-site2-1.jpg","contentUrl":"http:\/\/nogsteedshypo.nl\/wp-content\/uploads\/2013\/10\/cropped-cropped-cropped-kleinere-foto-gedownload-voor-header-site2-1.jpg","width":800,"height":380,"caption":"Ancora ipo"},"image":{"@id":"http:\/\/nogsteedshypo.nl\/#\/schema\/logo\/image\/"},"sameAs":["https:\/\/www.facebook.com\/AncoraIpo"]}]}},"_links":{"self":[{"href":"https:\/\/nogsteedshypo.nl\/index.php?rest_route=\/wp\/v2\/pages\/726","targetHints":{"allow":["GET"]}}],"collection":[{"href":"https:\/\/nogsteedshypo.nl\/index.php?rest_route=\/wp\/v2\/pages"}],"about":[{"href":"https:\/\/nogsteedshypo.nl\/index.php?rest_route=\/wp\/v2\/types\/page"}],"author":[{"embeddable":true,"href":"https:\/\/nogsteedshypo.nl\/index.php?rest_route=\/wp\/v2\/users\/1"}],"replies":[{"embeddable":true,"href":"https:\/\/nogsteedshypo.nl\/index.php?rest_route=%2Fwp%2Fv2%2Fcomments&post=726"}],"version-history":[{"count":8,"href":"https:\/\/nogsteedshypo.nl\/index.php?rest_route=\/wp\/v2\/pages\/726\/revisions"}],"predecessor-version":[{"id":737,"href":"https:\/\/nogsteedshypo.nl\/index.php?rest_route=\/wp\/v2\/pages\/726\/revisions\/737"}],"wp:attachment":[{"href":"https:\/\/nogsteedshypo.nl\/index.php?rest_route=%2Fwp%2Fv2%2Fmedia&parent=726"}],"curies":[{"name":"wp","href":"https:\/\/api.w.org\/{rel}","templated":true}]}}