{"id":675,"date":"2013-10-26T23:01:34","date_gmt":"2013-10-26T23:01:34","guid":{"rendered":"http:\/\/nogsteedshypo.nl\/?page_id=675"},"modified":"2020-03-16T13:16:43","modified_gmt":"2020-03-16T13:16:43","slug":"stanchezza-surrenale","status":"publish","type":"page","link":"https:\/\/nogsteedshypo.nl\/?page_id=675","title":{"rendered":"Stanchezza surrenale"},"content":{"rendered":"<div id=\"post-entry-excerpt-675\" class=\"entry-part\"><p><span style=\"font-size: 16px;\">La stanchezza surrenale \u00e8 una stanchezza cronica dovuta alla carenza di cortisolo. Secondo molti medici non esiste la stanchezza surrenale, esiste solo l&#8217;insufficienza surrenalica (malattia di Addison, una grave carenza di cortisolo).\u00a0Per i pazienti della tiroide \u00e8 importante sapere se vanno bene i loro livelli di cortisolo perch\u00e8 l&#8217;esperienza di tanti pazienti ci insegna che una carenza impedisce il funzionamento dell ormone tiroideo. Questo vale per tutte le cure (le cure base in di levotiroxina come l&#8217;Eutirox, la secca, l&#8217;IBSA ecc). Si pu\u00f2 fare un esame del sangue, ma quello indica solo com&#8217;\u00e8 il valore di cortisolo in un momento della giornata. Un test pi\u00f9 indicativo \u00e8 il test salivare che mostra una curva del cortisolo nell&#8217;arco di una giornata. Purtroppo in Italia non esiste un laboratorio che fa il test salivare, esistono solo laboratori che prelevono sangue pi\u00f9 volte al giorno. Questo test \u00e8 caro e scomodo perch\u00e8 il paziente deve stare nel laboratorio. Si pi\u00f9 ordinare un test salivare in Germania da <a href=\"https:\/\/www.medivere.de\" target=\"_blank\" rel=\"noopener noreferrer\">Medivere<\/a>\u00a0seguendo\u00a0<a href=\"http:\/\/nogsteedshypo.nl\/wp-content\/uploads\/2013\/10\/Come-ordinare-il-test-del-cortisolo-da-Medivere.pdf\" target=\"_blank\" rel=\"noopener noreferrer\">queste instruzioni<\/a>.<br \/>\n<\/span><\/p>\n<h1><span style=\"font-size: 24px;\">Eseguire il test (salvo cambiamenti)<br \/>\n<\/span><\/h1>\n<ul>\n<li><span style=\"font-size: 16px;\">Il test dev&#8217;essere eseguito in un giorno di normale routine<\/span><\/li>\n<li><span style=\"font-size: 16px;\">Il test viene fatto in un giorno all&#8217;inizio della settimana, cos\u00ec che i tubetti possono raggiungere il laboratorio prima dell weekend (siccome durante il trasporto si trovano fuori dal frigor)\u00a0<\/span><\/li>\n<li><span style=\"font-size: 16px;\">Bisogna mettere i tubetti nell ordine di colore come da foglio di istruzione\u00a0<\/span><\/li>\n<li><span style=\"font-size: 16px;\">Non ci dev&#8217;essere sangue nella saliva (per esempio sangue dalle gengive)<\/span><\/li>\n<li><span style=\"font-size: 16px;\">Non si deve usare collutorio<\/span><\/li>\n<li><span style=\"font-size: 16px;\">Subito prima di sputare nell tubetto si deve\u00a0risciacquare la bocca con acqua\u00a0<\/span><\/li>\n<li><span style=\"font-size: 16px;\">Il primo test non si deve n\u00e9\u00a0mangiare n\u00e9 bere<\/span><\/li>\n<li><span style=\"font-size: 16px;\">Bisogna evitare di lavare i denti almeno 30 minuti prima di sputare\u00a0<\/span><\/li>\n<li><span style=\"font-size: 16px;\">Non si deve n\u00e9\u00a0mangiare n\u00e9 bere fino a 30 minuti prima di sputare<\/span><\/li>\n<li><span style=\"font-size: 16px;\">Si deve mettere il tubetto in frigor subito dopo aver sputato (fino al momento del trasporto).<\/span><\/li>\n<li><span style=\"font-size: 16px;\">Si riempie il tubetto (utilizzando le cannuccie) con sputo fino a met\u00e0 (senza contare la schiuma)<\/span><\/li>\n<li><span style=\"font-size: 16px;\">Le cannuccie sono da usare una volta sola<\/span><\/li>\n<li><span style=\"font-size: 16px;\">Dopo aver sputato si chiude il tubetto e si applica un etichetta (data, ora e cognome)<\/span><\/li>\n<\/ul>\n<h1><span style=\"font-size: 24px;\">Inviare il test<\/span><\/h1>\n<ul>\n<li><span style=\"font-size: 16px;\">I tubetti vengono spediti nei contenitori bianchi (non pi\u00f9 di 4 tubetti ogni contenitore)<\/span><\/li>\n<li><span style=\"font-size: 16px;\">Prima di inviare il test si deve scrivere il &#8220;Seriennummer&#8221; \u00a0e &#8220;code&#8221; (che si trovano sul foglio) per poi poter vedere l&#8217;esito sul sito di Medivere<\/span><\/li>\n<li><span style=\"font-size: 16px;\">La busta all interno del kit prestampata non \u00e8 valida per l&#8217;Italia quindi si deve applicare un altra etichetta per aggiungere &#8216;Germania&#8221; nell indirizzo<\/span><\/li>\n<li><span style=\"font-size: 16px;\">Si consiglia di utilizzare la posta prioritaria, perch\u00e8 risulta di essere la modalit\u00e0 pi\u00f9 veloce\u00a0<\/span><\/li>\n<\/ul>\n<p><span style=\"font-size: 16px;\">Nei fogli di istruzione si trova una tabella come questa (gli orari dipendono da quale test si sceglie):<\/span><\/p>\n<p><span style=\"font-size: 16px;\">Speichel-probe 1 \u00a0 \u00a0 \u00a0direkt 1\/2 Std. nach dem aufstehen<\/span><br \/>\n<span style=\"font-size: 16px;\"> Speichel-probe 2 \u00a0 \u00a0 \u00a01 Std. nach dem aufstehen<\/span><br \/>\n<span style=\"font-size: 16px;\"> Speichel-probe 3 \u00a0 \u00a0 \u00a02 Std. nach dem aufstehen<\/span><\/p>\n<p><span style=\"font-size: 16px;\">&#8220;Std.&#8221; significa ora e &#8220;nach dem aufstehen&#8221; significa dopo essersi alzato.\u00a0<\/span><\/p>\n<h1><span style=\"font-size: 24px;\">L&#8217; esito del test<\/span><\/h1>\n<p><span style=\"font-size: 16px;\">L&#8217; esito del test viene spedito a domicilio. Si pu\u00f2 anche vedere l&#8217;esito online effetuando il login sul sito di Medivere. Servono il &#8220;Seriennummer&#8221; e &#8220;code&#8221;.<\/span><\/p>\n<p style=\"text-align: center;\">\u00a0<span style=\"font-size: 14px;\"><em>Esito del \u00a0primo test dell&#8217;autore di questo sito, febbraio 2012,\u00a0dopo anni di assunzione di Eutirox.<\/em><\/span><\/p>\n<p style=\"text-align: center;\"><a href=\"http:\/\/nogsteedshypo.nl\/wp-content\/uploads\/2013\/10\/eerste-cortisol-test.jpg\"><img loading=\"lazy\" decoding=\"async\" class=\"aligncenter size-full wp-image-1137\" src=\"http:\/\/nogsteedshypo.nl\/wp-content\/uploads\/2013\/10\/eerste-cortisol-test.jpg\" alt=\"eerste cortisol test\" width=\"668\" height=\"423\" srcset=\"https:\/\/nogsteedshypo.nl\/wp-content\/uploads\/2013\/10\/eerste-cortisol-test.jpg 668w, https:\/\/nogsteedshypo.nl\/wp-content\/uploads\/2013\/10\/eerste-cortisol-test-300x189.jpg 300w\" sizes=\"auto, (max-width: 668px) 100vw, 668px\" \/><\/a><span style=\"font-size: 14px;\"><em>Esito del secondo test dell&#8217;autore di questo sito, luglio 2013, dopo trattamento con la secca<br \/>\ne prodotti contro la stanchezza surrenale e dopo la dieta priva di glutine<\/em><\/span><\/p>\n<p style=\"text-align: center;\"><span style=\"font-size: 12px;\"><a href=\"http:\/\/nogsteedshypo.nl\/wp-content\/uploads\/2013\/10\/tweede-cortisoltest.jpg\"><img loading=\"lazy\" decoding=\"async\" class=\"aligncenter size-full wp-image-1138\" src=\"http:\/\/nogsteedshypo.nl\/wp-content\/uploads\/2013\/10\/tweede-cortisoltest.jpg\" alt=\"tweede cortisoltest\" width=\"668\" height=\"447\" srcset=\"https:\/\/nogsteedshypo.nl\/wp-content\/uploads\/2013\/10\/tweede-cortisoltest.jpg 668w, https:\/\/nogsteedshypo.nl\/wp-content\/uploads\/2013\/10\/tweede-cortisoltest-300x200.jpg 300w\" sizes=\"auto, (max-width: 668px) 100vw, 668px\" \/><\/a><br \/>\n<\/span><\/p>\n<\/div><div id=\"post-footer-675\" class=\"post-footer clear\"><\/div>","protected":false},"excerpt":{"rendered":"<p>La stanchezza surrenale \u00e8 una stanchezza cronica dovuta alla carenza di cortisolo. Secondo molti medici non esiste la stanchezza surrenale, esiste solo l&#8217;insufficienza surrenalica (malattia di Addison, una grave carenza di cortisolo).\u00a0Per i pazienti della tiroide \u00e8 importante sapere se&hellip; <a href=\"https:\/\/nogsteedshypo.nl\/stanchezza-surrenale\/\" title=\"Continue reading &laquo;Stanchezza surrenale&raquo;\" class=\"more-link\">Continue reading &laquo;Stanchezza surrenale&raquo;<\/a><\/p>\n","protected":false},"author":1,"featured_media":0,"parent":0,"menu_order":0,"comment_status":"closed","ping_status":"closed","template":"","meta":{"footnotes":""},"class_list":["post-675","page","type-page","status-publish","hentry"],"yoast_head":"<!-- This site is optimized with the Yoast SEO plugin v27.4 - https:\/\/yoast.com\/product\/yoast-seo-wordpress\/ -->\n<title>Stanchezza surrenale - Nog Steeds Hypo<\/title>\n<meta name=\"robots\" content=\"index, follow, max-snippet:-1, max-image-preview:large, max-video-preview:-1\" \/>\n<link rel=\"canonical\" href=\"https:\/\/nogsteedshypo.nl\/?page_id=675\" \/>\n<meta property=\"og:locale\" content=\"it_IT\" \/>\n<meta property=\"og:type\" content=\"article\" \/>\n<meta property=\"og:title\" content=\"Stanchezza surrenale - Nog Steeds Hypo\" \/>\n<meta property=\"og:description\" content=\"La stanchezza surrenale \u00e8 una stanchezza cronica dovuta alla carenza di cortisolo. Secondo molti medici non esiste la stanchezza surrenale, esiste solo l&#8217;insufficienza surrenalica (malattia di Addison, una grave carenza di cortisolo).\u00a0Per i pazienti della tiroide \u00e8 importante sapere se&hellip; Continue reading &laquo;Stanchezza surrenale&raquo;\" \/>\n<meta property=\"og:url\" content=\"https:\/\/nogsteedshypo.nl\/?page_id=675\" \/>\n<meta property=\"og:site_name\" content=\"Nog Steeds Hypo\" \/>\n<meta property=\"article:publisher\" content=\"https:\/\/www.facebook.com\/AncoraIpo\" \/>\n<meta property=\"article:modified_time\" content=\"2020-03-16T13:16:43+00:00\" \/>\n<meta property=\"og:image\" content=\"http:\/\/nogsteedshypo.nl\/wp-content\/uploads\/2013\/10\/eerste-cortisol-test.jpg\" \/>\n<meta name=\"twitter:label1\" content=\"Tempo di lettura stimato\" \/>\n\t<meta name=\"twitter:data1\" content=\"3 minuti\" \/>\n<script type=\"application\/ld+json\" class=\"yoast-schema-graph\">{\"@context\":\"https:\\\/\\\/schema.org\",\"@graph\":[{\"@type\":\"WebPage\",\"@id\":\"https:\\\/\\\/nogsteedshypo.nl\\\/?page_id=675\",\"url\":\"https:\\\/\\\/nogsteedshypo.nl\\\/?page_id=675\",\"name\":\"Stanchezza surrenale - Nog Steeds Hypo\",\"isPartOf\":{\"@id\":\"http:\\\/\\\/nogsteedshypo.nl\\\/#website\"},\"primaryImageOfPage\":{\"@id\":\"https:\\\/\\\/nogsteedshypo.nl\\\/?page_id=675#primaryimage\"},\"image\":{\"@id\":\"https:\\\/\\\/nogsteedshypo.nl\\\/?page_id=675#primaryimage\"},\"thumbnailUrl\":\"http:\\\/\\\/nogsteedshypo.nl\\\/wp-content\\\/uploads\\\/2013\\\/10\\\/eerste-cortisol-test.jpg\",\"datePublished\":\"2013-10-26T23:01:34+00:00\",\"dateModified\":\"2020-03-16T13:16:43+00:00\",\"breadcrumb\":{\"@id\":\"https:\\\/\\\/nogsteedshypo.nl\\\/?page_id=675#breadcrumb\"},\"inLanguage\":\"it-IT\",\"potentialAction\":[{\"@type\":\"ReadAction\",\"target\":[\"https:\\\/\\\/nogsteedshypo.nl\\\/?page_id=675\"]}]},{\"@type\":\"ImageObject\",\"inLanguage\":\"it-IT\",\"@id\":\"https:\\\/\\\/nogsteedshypo.nl\\\/?page_id=675#primaryimage\",\"url\":\"https:\\\/\\\/nogsteedshypo.nl\\\/wp-content\\\/uploads\\\/2013\\\/10\\\/eerste-cortisol-test.jpg\",\"contentUrl\":\"https:\\\/\\\/nogsteedshypo.nl\\\/wp-content\\\/uploads\\\/2013\\\/10\\\/eerste-cortisol-test.jpg\",\"width\":668,\"height\":423},{\"@type\":\"BreadcrumbList\",\"@id\":\"https:\\\/\\\/nogsteedshypo.nl\\\/?page_id=675#breadcrumb\",\"itemListElement\":[{\"@type\":\"ListItem\",\"position\":1,\"name\":\"Home\",\"item\":\"http:\\\/\\\/nogsteedshypo.nl\\\/\"},{\"@type\":\"ListItem\",\"position\":2,\"name\":\"Stanchezza surrenale\"}]},{\"@type\":\"WebSite\",\"@id\":\"http:\\\/\\\/nogsteedshypo.nl\\\/#website\",\"url\":\"http:\\\/\\\/nogsteedshypo.nl\\\/\",\"name\":\"Ancora ipo\",\"description\":\"Als de standaardmedicijnen niet werken\u2026\",\"publisher\":{\"@id\":\"http:\\\/\\\/nogsteedshypo.nl\\\/#organization\"},\"potentialAction\":[{\"@type\":\"SearchAction\",\"target\":{\"@type\":\"EntryPoint\",\"urlTemplate\":\"http:\\\/\\\/nogsteedshypo.nl\\\/?s={search_term_string}\"},\"query-input\":{\"@type\":\"PropertyValueSpecification\",\"valueRequired\":true,\"valueName\":\"search_term_string\"}}],\"inLanguage\":\"it-IT\"},{\"@type\":\"Organization\",\"@id\":\"http:\\\/\\\/nogsteedshypo.nl\\\/#organization\",\"name\":\"Ancora ipo\",\"url\":\"http:\\\/\\\/nogsteedshypo.nl\\\/\",\"logo\":{\"@type\":\"ImageObject\",\"inLanguage\":\"it-IT\",\"@id\":\"http:\\\/\\\/nogsteedshypo.nl\\\/#\\\/schema\\\/logo\\\/image\\\/\",\"url\":\"http:\\\/\\\/nogsteedshypo.nl\\\/wp-content\\\/uploads\\\/2013\\\/10\\\/cropped-cropped-cropped-kleinere-foto-gedownload-voor-header-site2-1.jpg\",\"contentUrl\":\"http:\\\/\\\/nogsteedshypo.nl\\\/wp-content\\\/uploads\\\/2013\\\/10\\\/cropped-cropped-cropped-kleinere-foto-gedownload-voor-header-site2-1.jpg\",\"width\":800,\"height\":380,\"caption\":\"Ancora ipo\"},\"image\":{\"@id\":\"http:\\\/\\\/nogsteedshypo.nl\\\/#\\\/schema\\\/logo\\\/image\\\/\"},\"sameAs\":[\"https:\\\/\\\/www.facebook.com\\\/AncoraIpo\"]}]}<\/script>\n<!-- \/ Yoast SEO plugin. -->","yoast_head_json":{"title":"Stanchezza surrenale - Nog Steeds Hypo","robots":{"index":"index","follow":"follow","max-snippet":"max-snippet:-1","max-image-preview":"max-image-preview:large","max-video-preview":"max-video-preview:-1"},"canonical":"https:\/\/nogsteedshypo.nl\/?page_id=675","og_locale":"it_IT","og_type":"article","og_title":"Stanchezza surrenale - Nog Steeds Hypo","og_description":"La stanchezza surrenale \u00e8 una stanchezza cronica dovuta alla carenza di cortisolo. Secondo molti medici non esiste la stanchezza surrenale, esiste solo l&#8217;insufficienza surrenalica (malattia di Addison, una grave carenza di cortisolo).\u00a0Per i pazienti della tiroide \u00e8 importante sapere se&hellip; Continue reading &laquo;Stanchezza surrenale&raquo;","og_url":"https:\/\/nogsteedshypo.nl\/?page_id=675","og_site_name":"Nog Steeds Hypo","article_publisher":"https:\/\/www.facebook.com\/AncoraIpo","article_modified_time":"2020-03-16T13:16:43+00:00","og_image":[{"url":"http:\/\/nogsteedshypo.nl\/wp-content\/uploads\/2013\/10\/eerste-cortisol-test.jpg","type":"","width":"","height":""}],"twitter_misc":{"Tempo di lettura stimato":"3 minuti"},"schema":{"@context":"https:\/\/schema.org","@graph":[{"@type":"WebPage","@id":"https:\/\/nogsteedshypo.nl\/?page_id=675","url":"https:\/\/nogsteedshypo.nl\/?page_id=675","name":"Stanchezza surrenale - Nog Steeds Hypo","isPartOf":{"@id":"http:\/\/nogsteedshypo.nl\/#website"},"primaryImageOfPage":{"@id":"https:\/\/nogsteedshypo.nl\/?page_id=675#primaryimage"},"image":{"@id":"https:\/\/nogsteedshypo.nl\/?page_id=675#primaryimage"},"thumbnailUrl":"http:\/\/nogsteedshypo.nl\/wp-content\/uploads\/2013\/10\/eerste-cortisol-test.jpg","datePublished":"2013-10-26T23:01:34+00:00","dateModified":"2020-03-16T13:16:43+00:00","breadcrumb":{"@id":"https:\/\/nogsteedshypo.nl\/?page_id=675#breadcrumb"},"inLanguage":"it-IT","potentialAction":[{"@type":"ReadAction","target":["https:\/\/nogsteedshypo.nl\/?page_id=675"]}]},{"@type":"ImageObject","inLanguage":"it-IT","@id":"https:\/\/nogsteedshypo.nl\/?page_id=675#primaryimage","url":"https:\/\/nogsteedshypo.nl\/wp-content\/uploads\/2013\/10\/eerste-cortisol-test.jpg","contentUrl":"https:\/\/nogsteedshypo.nl\/wp-content\/uploads\/2013\/10\/eerste-cortisol-test.jpg","width":668,"height":423},{"@type":"BreadcrumbList","@id":"https:\/\/nogsteedshypo.nl\/?page_id=675#breadcrumb","itemListElement":[{"@type":"ListItem","position":1,"name":"Home","item":"http:\/\/nogsteedshypo.nl\/"},{"@type":"ListItem","position":2,"name":"Stanchezza surrenale"}]},{"@type":"WebSite","@id":"http:\/\/nogsteedshypo.nl\/#website","url":"http:\/\/nogsteedshypo.nl\/","name":"Ancora ipo","description":"Als de standaardmedicijnen niet werken\u2026","publisher":{"@id":"http:\/\/nogsteedshypo.nl\/#organization"},"potentialAction":[{"@type":"SearchAction","target":{"@type":"EntryPoint","urlTemplate":"http:\/\/nogsteedshypo.nl\/?s={search_term_string}"},"query-input":{"@type":"PropertyValueSpecification","valueRequired":true,"valueName":"search_term_string"}}],"inLanguage":"it-IT"},{"@type":"Organization","@id":"http:\/\/nogsteedshypo.nl\/#organization","name":"Ancora ipo","url":"http:\/\/nogsteedshypo.nl\/","logo":{"@type":"ImageObject","inLanguage":"it-IT","@id":"http:\/\/nogsteedshypo.nl\/#\/schema\/logo\/image\/","url":"http:\/\/nogsteedshypo.nl\/wp-content\/uploads\/2013\/10\/cropped-cropped-cropped-kleinere-foto-gedownload-voor-header-site2-1.jpg","contentUrl":"http:\/\/nogsteedshypo.nl\/wp-content\/uploads\/2013\/10\/cropped-cropped-cropped-kleinere-foto-gedownload-voor-header-site2-1.jpg","width":800,"height":380,"caption":"Ancora ipo"},"image":{"@id":"http:\/\/nogsteedshypo.nl\/#\/schema\/logo\/image\/"},"sameAs":["https:\/\/www.facebook.com\/AncoraIpo"]}]}},"_links":{"self":[{"href":"https:\/\/nogsteedshypo.nl\/index.php?rest_route=\/wp\/v2\/pages\/675","targetHints":{"allow":["GET"]}}],"collection":[{"href":"https:\/\/nogsteedshypo.nl\/index.php?rest_route=\/wp\/v2\/pages"}],"about":[{"href":"https:\/\/nogsteedshypo.nl\/index.php?rest_route=\/wp\/v2\/types\/page"}],"author":[{"embeddable":true,"href":"https:\/\/nogsteedshypo.nl\/index.php?rest_route=\/wp\/v2\/users\/1"}],"replies":[{"embeddable":true,"href":"https:\/\/nogsteedshypo.nl\/index.php?rest_route=%2Fwp%2Fv2%2Fcomments&post=675"}],"version-history":[{"count":47,"href":"https:\/\/nogsteedshypo.nl\/index.php?rest_route=\/wp\/v2\/pages\/675\/revisions"}],"predecessor-version":[{"id":1660,"href":"https:\/\/nogsteedshypo.nl\/index.php?rest_route=\/wp\/v2\/pages\/675\/revisions\/1660"}],"wp:attachment":[{"href":"https:\/\/nogsteedshypo.nl\/index.php?rest_route=%2Fwp%2Fv2%2Fmedia&parent=675"}],"curies":[{"name":"wp","href":"https:\/\/api.w.org\/{rel}","templated":true}]}}