{"id":424,"date":"2013-10-16T10:40:23","date_gmt":"2013-10-16T10:40:23","guid":{"rendered":"http:\/\/nogsteedshypo.nl\/?page_id=424"},"modified":"2013-10-29T23:49:25","modified_gmt":"2013-10-29T23:49:25","slug":"test-tsh","status":"publish","type":"page","link":"https:\/\/nogsteedshypo.nl\/?page_id=424","title":{"rendered":"Test del TSH"},"content":{"rendered":"<div id=\"post-entry-excerpt-424\" class=\"entry-part\"><p><span style=\"font-size: 16px;\">Se una persona ha il sospetto di essere ipotiroidea (i sintomi sono descritti<a href=\"http:\/\/nogsteedshypo.nl\/?page_id=273\" target=\"_blank\">\u00a0qui<\/a>) deve rivolgersi al medico di base per richiedere un analisi del sangue. Per evitare che succeda quello che purtroppo \u00e8 successo a tanti pazienti e cio\u00e8 che il medico dica ingiustamente che la tiroide \u00e8 a posto, si deve fare in modo che il medico non controlli solo il livello del TSH, ma consideri anche i livelli di FT3 e FT4 (F=Free, non da confondere con T3 e T4 i quali non hanno tanta importanza per diagnosticare ipotiroidismo) e preferibilmente anche gli anticorpi (AbTG e AbTPO).<\/span><\/p>\n<p><span style=\"font-size: 16px;\"><b><span style=\"text-decoration: underline;\">Perch\u00e8 non basta solo il test del TSH?<\/span><\/b><\/span><\/p>\n<p><span style=\"font-size: 16px;\">Il TSH \u00e8 un ormone rilasciato dal pituitario per comunicare alla tiroide di produrre pi\u00f9 ormoni. Quindi si tratta di un ormone pituitario non di un ormone tiroideo, perci\u00f2 non dice niente sul fatto se la tiroide funziona bene o no.<\/span><\/p>\n<p>&nbsp;<\/p>\n<p><a href=\"http:\/\/nogsteedshypo.nl\/wp-content\/uploads\/2013\/10\/blood-test-analysis1.jpg\"><img loading=\"lazy\" decoding=\"async\" class=\"aligncenter size-full wp-image-721\" alt=\"blood test analysis\" src=\"http:\/\/nogsteedshypo.nl\/wp-content\/uploads\/2013\/10\/blood-test-analysis1.jpg\" width=\"800\" height=\"533\" srcset=\"https:\/\/nogsteedshypo.nl\/wp-content\/uploads\/2013\/10\/blood-test-analysis1.jpg 800w, https:\/\/nogsteedshypo.nl\/wp-content\/uploads\/2013\/10\/blood-test-analysis1-300x199.jpg 300w\" sizes=\"auto, (max-width: 800px) 100vw, 800px\" \/><\/a><\/p>\n<\/div><div id=\"post-footer-424\" class=\"post-footer clear\"><\/div>","protected":false},"excerpt":{"rendered":"<p>Se una persona ha il sospetto di essere ipotiroidea (i sintomi sono descritti\u00a0qui) deve rivolgersi al medico di base per richiedere un analisi del sangue. Per evitare che succeda quello che purtroppo \u00e8 successo a tanti pazienti e cio\u00e8 che&hellip; <a href=\"https:\/\/nogsteedshypo.nl\/test-tsh\/\" title=\"Continue reading &laquo;Test del TSH&raquo;\" class=\"more-link\">Continue reading &laquo;Test del TSH&raquo;<\/a><\/p>\n","protected":false},"author":1,"featured_media":0,"parent":0,"menu_order":0,"comment_status":"closed","ping_status":"closed","template":"","meta":{"footnotes":""},"class_list":["post-424","page","type-page","status-publish","hentry"],"yoast_head":"<!-- This site is optimized with the Yoast SEO plugin v27.4 - https:\/\/yoast.com\/product\/yoast-seo-wordpress\/ -->\n<title>Test del TSH - Nog Steeds Hypo<\/title>\n<meta name=\"robots\" content=\"index, follow, max-snippet:-1, max-image-preview:large, max-video-preview:-1\" \/>\n<link rel=\"canonical\" href=\"https:\/\/nogsteedshypo.nl\/?page_id=424\" \/>\n<meta property=\"og:locale\" content=\"it_IT\" \/>\n<meta property=\"og:type\" content=\"article\" \/>\n<meta property=\"og:title\" content=\"Test del TSH - Nog Steeds Hypo\" \/>\n<meta property=\"og:description\" content=\"Se una persona ha il sospetto di essere ipotiroidea (i sintomi sono descritti\u00a0qui) deve rivolgersi al medico di base per richiedere un analisi del sangue. Per evitare che succeda quello che purtroppo \u00e8 successo a tanti pazienti e cio\u00e8 che&hellip; Continue reading &laquo;Test del TSH&raquo;\" \/>\n<meta property=\"og:url\" content=\"https:\/\/nogsteedshypo.nl\/?page_id=424\" \/>\n<meta property=\"og:site_name\" content=\"Nog Steeds Hypo\" \/>\n<meta property=\"article:publisher\" content=\"https:\/\/www.facebook.com\/AncoraIpo\" \/>\n<meta property=\"article:modified_time\" content=\"2013-10-29T23:49:25+00:00\" \/>\n<meta property=\"og:image\" content=\"http:\/\/nogsteedshypo.nl\/wp-content\/uploads\/2013\/10\/blood-test-analysis1.jpg\" \/>\n<meta name=\"twitter:label1\" content=\"Tempo di lettura stimato\" \/>\n\t<meta name=\"twitter:data1\" content=\"1 minuto\" \/>\n<script type=\"application\/ld+json\" class=\"yoast-schema-graph\">{\"@context\":\"https:\\\/\\\/schema.org\",\"@graph\":[{\"@type\":\"WebPage\",\"@id\":\"https:\\\/\\\/nogsteedshypo.nl\\\/?page_id=424\",\"url\":\"https:\\\/\\\/nogsteedshypo.nl\\\/?page_id=424\",\"name\":\"Test del TSH - Nog Steeds Hypo\",\"isPartOf\":{\"@id\":\"http:\\\/\\\/nogsteedshypo.nl\\\/#website\"},\"primaryImageOfPage\":{\"@id\":\"https:\\\/\\\/nogsteedshypo.nl\\\/?page_id=424#primaryimage\"},\"image\":{\"@id\":\"https:\\\/\\\/nogsteedshypo.nl\\\/?page_id=424#primaryimage\"},\"thumbnailUrl\":\"http:\\\/\\\/nogsteedshypo.nl\\\/wp-content\\\/uploads\\\/2013\\\/10\\\/blood-test-analysis1.jpg\",\"datePublished\":\"2013-10-16T10:40:23+00:00\",\"dateModified\":\"2013-10-29T23:49:25+00:00\",\"breadcrumb\":{\"@id\":\"https:\\\/\\\/nogsteedshypo.nl\\\/?page_id=424#breadcrumb\"},\"inLanguage\":\"it-IT\",\"potentialAction\":[{\"@type\":\"ReadAction\",\"target\":[\"https:\\\/\\\/nogsteedshypo.nl\\\/?page_id=424\"]}]},{\"@type\":\"ImageObject\",\"inLanguage\":\"it-IT\",\"@id\":\"https:\\\/\\\/nogsteedshypo.nl\\\/?page_id=424#primaryimage\",\"url\":\"https:\\\/\\\/nogsteedshypo.nl\\\/wp-content\\\/uploads\\\/2013\\\/10\\\/blood-test-analysis1.jpg\",\"contentUrl\":\"https:\\\/\\\/nogsteedshypo.nl\\\/wp-content\\\/uploads\\\/2013\\\/10\\\/blood-test-analysis1.jpg\",\"width\":800,\"height\":533},{\"@type\":\"BreadcrumbList\",\"@id\":\"https:\\\/\\\/nogsteedshypo.nl\\\/?page_id=424#breadcrumb\",\"itemListElement\":[{\"@type\":\"ListItem\",\"position\":1,\"name\":\"Home\",\"item\":\"http:\\\/\\\/nogsteedshypo.nl\\\/\"},{\"@type\":\"ListItem\",\"position\":2,\"name\":\"Test del TSH\"}]},{\"@type\":\"WebSite\",\"@id\":\"http:\\\/\\\/nogsteedshypo.nl\\\/#website\",\"url\":\"http:\\\/\\\/nogsteedshypo.nl\\\/\",\"name\":\"Ancora ipo\",\"description\":\"Als de standaardmedicijnen niet werken\u2026\",\"publisher\":{\"@id\":\"http:\\\/\\\/nogsteedshypo.nl\\\/#organization\"},\"potentialAction\":[{\"@type\":\"SearchAction\",\"target\":{\"@type\":\"EntryPoint\",\"urlTemplate\":\"http:\\\/\\\/nogsteedshypo.nl\\\/?s={search_term_string}\"},\"query-input\":{\"@type\":\"PropertyValueSpecification\",\"valueRequired\":true,\"valueName\":\"search_term_string\"}}],\"inLanguage\":\"it-IT\"},{\"@type\":\"Organization\",\"@id\":\"http:\\\/\\\/nogsteedshypo.nl\\\/#organization\",\"name\":\"Ancora ipo\",\"url\":\"http:\\\/\\\/nogsteedshypo.nl\\\/\",\"logo\":{\"@type\":\"ImageObject\",\"inLanguage\":\"it-IT\",\"@id\":\"http:\\\/\\\/nogsteedshypo.nl\\\/#\\\/schema\\\/logo\\\/image\\\/\",\"url\":\"http:\\\/\\\/nogsteedshypo.nl\\\/wp-content\\\/uploads\\\/2013\\\/10\\\/cropped-cropped-cropped-kleinere-foto-gedownload-voor-header-site2-1.jpg\",\"contentUrl\":\"http:\\\/\\\/nogsteedshypo.nl\\\/wp-content\\\/uploads\\\/2013\\\/10\\\/cropped-cropped-cropped-kleinere-foto-gedownload-voor-header-site2-1.jpg\",\"width\":800,\"height\":380,\"caption\":\"Ancora ipo\"},\"image\":{\"@id\":\"http:\\\/\\\/nogsteedshypo.nl\\\/#\\\/schema\\\/logo\\\/image\\\/\"},\"sameAs\":[\"https:\\\/\\\/www.facebook.com\\\/AncoraIpo\"]}]}<\/script>\n<!-- \/ Yoast SEO plugin. -->","yoast_head_json":{"title":"Test del TSH - Nog Steeds Hypo","robots":{"index":"index","follow":"follow","max-snippet":"max-snippet:-1","max-image-preview":"max-image-preview:large","max-video-preview":"max-video-preview:-1"},"canonical":"https:\/\/nogsteedshypo.nl\/?page_id=424","og_locale":"it_IT","og_type":"article","og_title":"Test del TSH - Nog Steeds Hypo","og_description":"Se una persona ha il sospetto di essere ipotiroidea (i sintomi sono descritti\u00a0qui) deve rivolgersi al medico di base per richiedere un analisi del sangue. Per evitare che succeda quello che purtroppo \u00e8 successo a tanti pazienti e cio\u00e8 che&hellip; Continue reading &laquo;Test del TSH&raquo;","og_url":"https:\/\/nogsteedshypo.nl\/?page_id=424","og_site_name":"Nog Steeds Hypo","article_publisher":"https:\/\/www.facebook.com\/AncoraIpo","article_modified_time":"2013-10-29T23:49:25+00:00","og_image":[{"url":"http:\/\/nogsteedshypo.nl\/wp-content\/uploads\/2013\/10\/blood-test-analysis1.jpg","type":"","width":"","height":""}],"twitter_misc":{"Tempo di lettura stimato":"1 minuto"},"schema":{"@context":"https:\/\/schema.org","@graph":[{"@type":"WebPage","@id":"https:\/\/nogsteedshypo.nl\/?page_id=424","url":"https:\/\/nogsteedshypo.nl\/?page_id=424","name":"Test del TSH - Nog Steeds Hypo","isPartOf":{"@id":"http:\/\/nogsteedshypo.nl\/#website"},"primaryImageOfPage":{"@id":"https:\/\/nogsteedshypo.nl\/?page_id=424#primaryimage"},"image":{"@id":"https:\/\/nogsteedshypo.nl\/?page_id=424#primaryimage"},"thumbnailUrl":"http:\/\/nogsteedshypo.nl\/wp-content\/uploads\/2013\/10\/blood-test-analysis1.jpg","datePublished":"2013-10-16T10:40:23+00:00","dateModified":"2013-10-29T23:49:25+00:00","breadcrumb":{"@id":"https:\/\/nogsteedshypo.nl\/?page_id=424#breadcrumb"},"inLanguage":"it-IT","potentialAction":[{"@type":"ReadAction","target":["https:\/\/nogsteedshypo.nl\/?page_id=424"]}]},{"@type":"ImageObject","inLanguage":"it-IT","@id":"https:\/\/nogsteedshypo.nl\/?page_id=424#primaryimage","url":"https:\/\/nogsteedshypo.nl\/wp-content\/uploads\/2013\/10\/blood-test-analysis1.jpg","contentUrl":"https:\/\/nogsteedshypo.nl\/wp-content\/uploads\/2013\/10\/blood-test-analysis1.jpg","width":800,"height":533},{"@type":"BreadcrumbList","@id":"https:\/\/nogsteedshypo.nl\/?page_id=424#breadcrumb","itemListElement":[{"@type":"ListItem","position":1,"name":"Home","item":"http:\/\/nogsteedshypo.nl\/"},{"@type":"ListItem","position":2,"name":"Test del TSH"}]},{"@type":"WebSite","@id":"http:\/\/nogsteedshypo.nl\/#website","url":"http:\/\/nogsteedshypo.nl\/","name":"Ancora ipo","description":"Als de standaardmedicijnen niet werken\u2026","publisher":{"@id":"http:\/\/nogsteedshypo.nl\/#organization"},"potentialAction":[{"@type":"SearchAction","target":{"@type":"EntryPoint","urlTemplate":"http:\/\/nogsteedshypo.nl\/?s={search_term_string}"},"query-input":{"@type":"PropertyValueSpecification","valueRequired":true,"valueName":"search_term_string"}}],"inLanguage":"it-IT"},{"@type":"Organization","@id":"http:\/\/nogsteedshypo.nl\/#organization","name":"Ancora ipo","url":"http:\/\/nogsteedshypo.nl\/","logo":{"@type":"ImageObject","inLanguage":"it-IT","@id":"http:\/\/nogsteedshypo.nl\/#\/schema\/logo\/image\/","url":"http:\/\/nogsteedshypo.nl\/wp-content\/uploads\/2013\/10\/cropped-cropped-cropped-kleinere-foto-gedownload-voor-header-site2-1.jpg","contentUrl":"http:\/\/nogsteedshypo.nl\/wp-content\/uploads\/2013\/10\/cropped-cropped-cropped-kleinere-foto-gedownload-voor-header-site2-1.jpg","width":800,"height":380,"caption":"Ancora ipo"},"image":{"@id":"http:\/\/nogsteedshypo.nl\/#\/schema\/logo\/image\/"},"sameAs":["https:\/\/www.facebook.com\/AncoraIpo"]}]}},"_links":{"self":[{"href":"https:\/\/nogsteedshypo.nl\/index.php?rest_route=\/wp\/v2\/pages\/424","targetHints":{"allow":["GET"]}}],"collection":[{"href":"https:\/\/nogsteedshypo.nl\/index.php?rest_route=\/wp\/v2\/pages"}],"about":[{"href":"https:\/\/nogsteedshypo.nl\/index.php?rest_route=\/wp\/v2\/types\/page"}],"author":[{"embeddable":true,"href":"https:\/\/nogsteedshypo.nl\/index.php?rest_route=\/wp\/v2\/users\/1"}],"replies":[{"embeddable":true,"href":"https:\/\/nogsteedshypo.nl\/index.php?rest_route=%2Fwp%2Fv2%2Fcomments&post=424"}],"version-history":[{"count":18,"href":"https:\/\/nogsteedshypo.nl\/index.php?rest_route=\/wp\/v2\/pages\/424\/revisions"}],"predecessor-version":[{"id":723,"href":"https:\/\/nogsteedshypo.nl\/index.php?rest_route=\/wp\/v2\/pages\/424\/revisions\/723"}],"wp:attachment":[{"href":"https:\/\/nogsteedshypo.nl\/index.php?rest_route=%2Fwp%2Fv2%2Fmedia&parent=424"}],"curies":[{"name":"wp","href":"https:\/\/api.w.org\/{rel}","templated":true}]}}