{"id":301,"date":"2013-10-12T10:05:37","date_gmt":"2013-10-12T10:05:37","guid":{"rendered":"http:\/\/nogsteedshypo.nl\/?page_id=301"},"modified":"2013-10-30T21:47:36","modified_gmt":"2013-10-30T21:47:36","slug":"la-secca","status":"publish","type":"page","link":"https:\/\/nogsteedshypo.nl\/?page_id=301","title":{"rendered":"La secca (tiroide essiccata)"},"content":{"rendered":"<div id=\"post-entry-excerpt-301\" class=\"entry-part\"><p style=\"text-align: left;\"><span style=\"font-size: 16px;\">La secca (tiroide essiccata di maiale o bovino, perci\u00f2 ormone tiroideo naturale) al contrario dell\u2019Eutirox che contiene solo T4 sintetico, contiene tutti gli ormoni naturali che produce una tiroide sana. Perci\u00f2 tanti pazienti si sentono meglio prendendo la secca. La secca non viene pi\u00f9 commercializata in Italia, nonostante il fatto che \u00e8 stata usata in modo efficace e sicuro per pi\u00f9\u00a0di 100 anni con gran successo. Purtroppo ha avuto strada libera l&#8217;Eutirox (T4 sintetico) con le grandi lobby farmaceutiche. A vendere la secca non si guadagna tanto,\u00a0perch\u00e8 essendo un prodotto naturale non si\u00a0pu\u00f2 richiedere il brevetto.<\/span><span style=\"font-size: 16px;\">\u00a0L&#8217;ultima casa farmaceutica che produceva tiroide essiccata in Italia, Teofarma, ha smesso di produrla qualche anno fa (Cinetic). Tanti medici sono contrari all&#8217;uso della secca perch\u00e8 dicono che sia pericolosa. Invece <a href=\"http:\/\/www.ncbi.nlm.nih.gov\/pubmed\/23539727\" target=\"_blank\">questo studio<\/a> recente presentato alla riunione annuale dell&#8217;Endocrine Society\u00a0<\/span><span style=\"font-size: 16px;\">dimostra (come pi\u00f9\u00a0di\u00a0100 anni di uso con gran successo) che la secca \u00e8 un&#8217;alternativa sicura e efficace alla levotiroxina (come l&#8217;Eutirox, Syntroxine, Tiracrin e Tirosint).<\/span><\/p>\n<\/div><div id=\"post-footer-301\" class=\"post-footer clear\"><\/div>","protected":false},"excerpt":{"rendered":"<p>La secca (tiroide essiccata di maiale o bovino, perci\u00f2 ormone tiroideo naturale) al contrario dell\u2019Eutirox che contiene solo T4 sintetico, contiene tutti gli ormoni naturali che produce una tiroide sana. Perci\u00f2 tanti pazienti si sentono meglio prendendo la secca. La&hellip; <a href=\"https:\/\/nogsteedshypo.nl\/la-secca\/\" title=\"Continue reading &laquo;La secca (tiroide essiccata)&raquo;\" class=\"more-link\">Continue reading &laquo;La secca (tiroide essiccata)&raquo;<\/a><\/p>\n","protected":false},"author":1,"featured_media":0,"parent":0,"menu_order":0,"comment_status":"closed","ping_status":"closed","template":"","meta":{"footnotes":""},"class_list":["post-301","page","type-page","status-publish","hentry"],"yoast_head":"<!-- This site is optimized with the Yoast SEO plugin v27.4 - https:\/\/yoast.com\/product\/yoast-seo-wordpress\/ -->\n<title>La secca (tiroide essiccata) - Nog Steeds Hypo<\/title>\n<meta name=\"robots\" content=\"index, follow, max-snippet:-1, max-image-preview:large, max-video-preview:-1\" \/>\n<link rel=\"canonical\" href=\"https:\/\/nogsteedshypo.nl\/?page_id=301\" \/>\n<meta property=\"og:locale\" content=\"it_IT\" \/>\n<meta property=\"og:type\" content=\"article\" \/>\n<meta property=\"og:title\" content=\"La secca (tiroide essiccata) - Nog Steeds Hypo\" \/>\n<meta property=\"og:description\" content=\"La secca (tiroide essiccata di maiale o bovino, perci\u00f2 ormone tiroideo naturale) al contrario dell\u2019Eutirox che contiene solo T4 sintetico, contiene tutti gli ormoni naturali che produce una tiroide sana. Perci\u00f2 tanti pazienti si sentono meglio prendendo la secca. La&hellip; Continue reading &laquo;La secca (tiroide essiccata)&raquo;\" \/>\n<meta property=\"og:url\" content=\"https:\/\/nogsteedshypo.nl\/?page_id=301\" \/>\n<meta property=\"og:site_name\" content=\"Nog Steeds Hypo\" \/>\n<meta property=\"article:publisher\" content=\"https:\/\/www.facebook.com\/AncoraIpo\" \/>\n<meta property=\"article:modified_time\" content=\"2013-10-30T21:47:36+00:00\" \/>\n<meta name=\"twitter:label1\" content=\"Tempo di lettura stimato\" \/>\n\t<meta name=\"twitter:data1\" content=\"1 minuto\" \/>\n<script type=\"application\/ld+json\" class=\"yoast-schema-graph\">{\"@context\":\"https:\\\/\\\/schema.org\",\"@graph\":[{\"@type\":\"WebPage\",\"@id\":\"https:\\\/\\\/nogsteedshypo.nl\\\/?page_id=301\",\"url\":\"https:\\\/\\\/nogsteedshypo.nl\\\/?page_id=301\",\"name\":\"La secca (tiroide essiccata) - Nog Steeds Hypo\",\"isPartOf\":{\"@id\":\"http:\\\/\\\/nogsteedshypo.nl\\\/#website\"},\"datePublished\":\"2013-10-12T10:05:37+00:00\",\"dateModified\":\"2013-10-30T21:47:36+00:00\",\"breadcrumb\":{\"@id\":\"https:\\\/\\\/nogsteedshypo.nl\\\/?page_id=301#breadcrumb\"},\"inLanguage\":\"it-IT\",\"potentialAction\":[{\"@type\":\"ReadAction\",\"target\":[\"https:\\\/\\\/nogsteedshypo.nl\\\/?page_id=301\"]}]},{\"@type\":\"BreadcrumbList\",\"@id\":\"https:\\\/\\\/nogsteedshypo.nl\\\/?page_id=301#breadcrumb\",\"itemListElement\":[{\"@type\":\"ListItem\",\"position\":1,\"name\":\"Home\",\"item\":\"http:\\\/\\\/nogsteedshypo.nl\\\/\"},{\"@type\":\"ListItem\",\"position\":2,\"name\":\"La secca (tiroide essiccata)\"}]},{\"@type\":\"WebSite\",\"@id\":\"http:\\\/\\\/nogsteedshypo.nl\\\/#website\",\"url\":\"http:\\\/\\\/nogsteedshypo.nl\\\/\",\"name\":\"Ancora ipo\",\"description\":\"Als de standaardmedicijnen niet werken\u2026\",\"publisher\":{\"@id\":\"http:\\\/\\\/nogsteedshypo.nl\\\/#organization\"},\"potentialAction\":[{\"@type\":\"SearchAction\",\"target\":{\"@type\":\"EntryPoint\",\"urlTemplate\":\"http:\\\/\\\/nogsteedshypo.nl\\\/?s={search_term_string}\"},\"query-input\":{\"@type\":\"PropertyValueSpecification\",\"valueRequired\":true,\"valueName\":\"search_term_string\"}}],\"inLanguage\":\"it-IT\"},{\"@type\":\"Organization\",\"@id\":\"http:\\\/\\\/nogsteedshypo.nl\\\/#organization\",\"name\":\"Ancora ipo\",\"url\":\"http:\\\/\\\/nogsteedshypo.nl\\\/\",\"logo\":{\"@type\":\"ImageObject\",\"inLanguage\":\"it-IT\",\"@id\":\"http:\\\/\\\/nogsteedshypo.nl\\\/#\\\/schema\\\/logo\\\/image\\\/\",\"url\":\"http:\\\/\\\/nogsteedshypo.nl\\\/wp-content\\\/uploads\\\/2013\\\/10\\\/cropped-cropped-cropped-kleinere-foto-gedownload-voor-header-site2-1.jpg\",\"contentUrl\":\"http:\\\/\\\/nogsteedshypo.nl\\\/wp-content\\\/uploads\\\/2013\\\/10\\\/cropped-cropped-cropped-kleinere-foto-gedownload-voor-header-site2-1.jpg\",\"width\":800,\"height\":380,\"caption\":\"Ancora ipo\"},\"image\":{\"@id\":\"http:\\\/\\\/nogsteedshypo.nl\\\/#\\\/schema\\\/logo\\\/image\\\/\"},\"sameAs\":[\"https:\\\/\\\/www.facebook.com\\\/AncoraIpo\"]}]}<\/script>\n<!-- \/ Yoast SEO plugin. -->","yoast_head_json":{"title":"La secca (tiroide essiccata) - Nog Steeds Hypo","robots":{"index":"index","follow":"follow","max-snippet":"max-snippet:-1","max-image-preview":"max-image-preview:large","max-video-preview":"max-video-preview:-1"},"canonical":"https:\/\/nogsteedshypo.nl\/?page_id=301","og_locale":"it_IT","og_type":"article","og_title":"La secca (tiroide essiccata) - Nog Steeds Hypo","og_description":"La secca (tiroide essiccata di maiale o bovino, perci\u00f2 ormone tiroideo naturale) al contrario dell\u2019Eutirox che contiene solo T4 sintetico, contiene tutti gli ormoni naturali che produce una tiroide sana. Perci\u00f2 tanti pazienti si sentono meglio prendendo la secca. La&hellip; Continue reading &laquo;La secca (tiroide essiccata)&raquo;","og_url":"https:\/\/nogsteedshypo.nl\/?page_id=301","og_site_name":"Nog Steeds Hypo","article_publisher":"https:\/\/www.facebook.com\/AncoraIpo","article_modified_time":"2013-10-30T21:47:36+00:00","twitter_misc":{"Tempo di lettura stimato":"1 minuto"},"schema":{"@context":"https:\/\/schema.org","@graph":[{"@type":"WebPage","@id":"https:\/\/nogsteedshypo.nl\/?page_id=301","url":"https:\/\/nogsteedshypo.nl\/?page_id=301","name":"La secca (tiroide essiccata) - Nog Steeds Hypo","isPartOf":{"@id":"http:\/\/nogsteedshypo.nl\/#website"},"datePublished":"2013-10-12T10:05:37+00:00","dateModified":"2013-10-30T21:47:36+00:00","breadcrumb":{"@id":"https:\/\/nogsteedshypo.nl\/?page_id=301#breadcrumb"},"inLanguage":"it-IT","potentialAction":[{"@type":"ReadAction","target":["https:\/\/nogsteedshypo.nl\/?page_id=301"]}]},{"@type":"BreadcrumbList","@id":"https:\/\/nogsteedshypo.nl\/?page_id=301#breadcrumb","itemListElement":[{"@type":"ListItem","position":1,"name":"Home","item":"http:\/\/nogsteedshypo.nl\/"},{"@type":"ListItem","position":2,"name":"La secca (tiroide essiccata)"}]},{"@type":"WebSite","@id":"http:\/\/nogsteedshypo.nl\/#website","url":"http:\/\/nogsteedshypo.nl\/","name":"Ancora ipo","description":"Als de standaardmedicijnen niet werken\u2026","publisher":{"@id":"http:\/\/nogsteedshypo.nl\/#organization"},"potentialAction":[{"@type":"SearchAction","target":{"@type":"EntryPoint","urlTemplate":"http:\/\/nogsteedshypo.nl\/?s={search_term_string}"},"query-input":{"@type":"PropertyValueSpecification","valueRequired":true,"valueName":"search_term_string"}}],"inLanguage":"it-IT"},{"@type":"Organization","@id":"http:\/\/nogsteedshypo.nl\/#organization","name":"Ancora ipo","url":"http:\/\/nogsteedshypo.nl\/","logo":{"@type":"ImageObject","inLanguage":"it-IT","@id":"http:\/\/nogsteedshypo.nl\/#\/schema\/logo\/image\/","url":"http:\/\/nogsteedshypo.nl\/wp-content\/uploads\/2013\/10\/cropped-cropped-cropped-kleinere-foto-gedownload-voor-header-site2-1.jpg","contentUrl":"http:\/\/nogsteedshypo.nl\/wp-content\/uploads\/2013\/10\/cropped-cropped-cropped-kleinere-foto-gedownload-voor-header-site2-1.jpg","width":800,"height":380,"caption":"Ancora ipo"},"image":{"@id":"http:\/\/nogsteedshypo.nl\/#\/schema\/logo\/image\/"},"sameAs":["https:\/\/www.facebook.com\/AncoraIpo"]}]}},"_links":{"self":[{"href":"https:\/\/nogsteedshypo.nl\/index.php?rest_route=\/wp\/v2\/pages\/301","targetHints":{"allow":["GET"]}}],"collection":[{"href":"https:\/\/nogsteedshypo.nl\/index.php?rest_route=\/wp\/v2\/pages"}],"about":[{"href":"https:\/\/nogsteedshypo.nl\/index.php?rest_route=\/wp\/v2\/types\/page"}],"author":[{"embeddable":true,"href":"https:\/\/nogsteedshypo.nl\/index.php?rest_route=\/wp\/v2\/users\/1"}],"replies":[{"embeddable":true,"href":"https:\/\/nogsteedshypo.nl\/index.php?rest_route=%2Fwp%2Fv2%2Fcomments&post=301"}],"version-history":[{"count":22,"href":"https:\/\/nogsteedshypo.nl\/index.php?rest_route=\/wp\/v2\/pages\/301\/revisions"}],"predecessor-version":[{"id":757,"href":"https:\/\/nogsteedshypo.nl\/index.php?rest_route=\/wp\/v2\/pages\/301\/revisions\/757"}],"wp:attachment":[{"href":"https:\/\/nogsteedshypo.nl\/index.php?rest_route=%2Fwp%2Fv2%2Fmedia&parent=301"}],"curies":[{"name":"wp","href":"https:\/\/api.w.org\/{rel}","templated":true}]}}