{"id":1662,"date":"2020-04-09T16:59:57","date_gmt":"2020-04-09T16:59:57","guid":{"rendered":"http:\/\/nogsteedshypo.nl\/?page_id=1662"},"modified":"2020-04-09T17:24:02","modified_gmt":"2020-04-09T17:24:02","slug":"intervista-con-il-dottor-matteo-pedrali-sullozono-terapia-ed-il-coronavirus","status":"publish","type":"page","link":"https:\/\/nogsteedshypo.nl\/?page_id=1662","title":{"rendered":"Intervista con il dottor Matteo Pedrali sull\u2019ozono terapia ed il Coronavirus"},"content":{"rendered":"<div id=\"post-entry-excerpt-1662\" class=\"entry-part\">\n<p class=\"has-medium-font-size\"><strong>Ultimamente leggo nel media che stanno sperimentando l\u2019ozonoterapia per combattere il <\/strong><strong>C<\/strong><strong>oronavirus. Dottor Pedrali, potrebbe introdursi e spiegare che cos\u2019\u00e8 l\u2019ozonoterapia? <\/strong><strong><\/strong><\/p>\n\n\n\n<p class=\"has-medium-font-size\">Buongiorno sono medico chirurgo e specialista in Pediatria, da diversi anni ormai mi occupo di medicina complementare, ossia nella terapia utilizzo secondo le necessit\u00e0 combinazioni dietetiche, vitaminiche, aminoacidi ed ozono terapia. L&#8217;interazione di pi\u00f9 componenti determina nell&#8217;organismo richiedente sorprendenti effetti benefici, sia in merito alla qualit\u00e0 della vita recuperata sia determinando spesso un arresto evolutivo della malattia o la regressione stessa.<\/p>\n\n\n\n<p class=\"has-medium-font-size\"><strong>Da quanto tempo se ne occupa e come sono i risultati<\/strong><strong>?<\/strong>&nbsp;<\/p>\n\n\n\n<p class=\"has-medium-font-size\">Ho iniziato cercando metodi alternativi di guarigione x i pazienti quando mi accorgevo che la malattia di cui soffrivano creava una sorta di camicia di forza attorno alla loro reattivit\u00e0, poco reagiva o pi\u00f9 progediva la malattia! Ecco che mi sono avvicinato alla omeopatia, alla medicina ortomolecolare ed al l&#8217;ossigeno ozono terapia.&nbsp;La qualit\u00e0 della vita nei pazienti migliora e la malattia si arresta.<\/p>\n\n\n\n<p class=\"has-medium-font-size\"><strong>Quanto tempo dura la terapia ed \u00e8 doloroso?<\/strong><strong><\/strong><\/p>\n\n\n\n<p class=\"has-medium-font-size\">Il trattamento con l&#8217;ossigeno ozono miscelato al proprio sangue venoso non \u00e8 doloroso e dura circa 40&nbsp;minuti.<\/p>\n\n\n\n<p class=\"has-medium-font-size\"><strong>L\u2019ozonoterapia pu\u00f2 essere utile anche per chi soffre gi\u00e0 di sintomi da Coronavirus o secondo lei \u00e8 pi\u00f9 da usare come prevenzione?<\/strong><strong><\/strong><\/p>\n\n\n\n<p class=\"has-medium-font-size\">Recenti studi stanno dimostrando come in corso di patologia da Covid19 sia determinante l&#8217;effetto antisettico ed immunostimolante dell&#8217;ozono, naturalmente sarebbe auspicabile che fosse richiesto in questo periodo anche al fine preventivo. L&#8217;applicazione terapeutica non ha limiti di et\u00e0!! Nessun effetto collaterale.<\/p>\n\n\n\n<p class=\"has-medium-font-size\"><strong>Sempre secondo lei, chi soffre di malattie della tiroide \u00e8 pi\u00f9 vulnerabile al Coronavirus?<\/strong>&nbsp;<\/p>\n\n\n\n<p class=\"has-medium-font-size\">In generale coloro che sono affetti da una patologia autoimmune sono molto vulnerabili.<\/p>\n\n\n\n<p class=\"has-medium-font-size\"><strong>In generale l\u2019ozonoterapia pu\u00f2 avere dei benefici per i pazienti che soffrono di malattie della tiroide? <\/strong><strong><\/strong><\/p>\n\n\n\n<p class=\"has-medium-font-size\">Assolutamente si, in quanto trattandosi di patologia autoimmune o post infettiva, troverebbe nelle propriet\u00e0 dell&#8217;ozono, sopra enunciate, notevoli benefici.<\/p>\n\n\n\n<p class=\"has-medium-font-size\"><strong>L\u2019ozonoterapia \u00e8 costoso? <\/strong><strong><\/strong><\/p>\n\n\n\n<p class=\"has-medium-font-size\">Il trattamento con ozono terapia ha varie modalit\u00e0 di somministrazione ed ognuna delle stesse un costo appropriato, deve essere eseguito da un medico competente e certificato da una societ\u00e0 scientifica riconosciuta dal ISS. Non \u00e8 un trattamento costoso\u00a0considerando i molteplici effetti terapeutici.<\/p>\n\n\n\n<p class=\"has-medium-font-size\"><strong>La ringrazio per quest\u2019intervista e per gli sforzi che fa per far stare meglio i suoi pazienti.<\/strong><\/p>\n\n\n\n\n\n\n\n<div style=\"height:41px\" aria-hidden=\"true\" class=\"wp-block-spacer\"><\/div>\n\n\n\n<p><a href=\"http:\/\/www.matteopedrali.com\/\" target=\"_blank\" aria-label=\" (opens in a new tab)\" rel=\"noreferrer noopener\" class=\"aioseop-link\">http:\/\/www.matteopedrali.com\/<\/a><\/p>\n\n\n\n<p><a href=\"https:\/\/primabergamo.it\/cronaca\/cio-non-puo-farmaco-puo-lozono-parola-medico\/\" target=\"_blank\" aria-label=\" (opens in a new tab)\" rel=\"noreferrer noopener\" class=\"aioseop-link\">https:\/\/primabergamo.it\/cronaca\/cio-non-puo-farmaco-puo-lozono-parola-medico\/<\/a><\/p>\n\n\n\n<p><a href=\"https:\/\/www.repubblica.it\/salute\/medicina-e-ricerca\/2020\/04\/06\/news\/coronavirus_l_ozonoterapia_evita_la_terapia_intensiva-253290022\/\" target=\"_blank\" aria-label=\" (opens in a new tab)\" rel=\"noreferrer noopener\" class=\"aioseop-link\">https:\/\/www.repubblica.it\/salute\/medicina-e-ricerca\/2020\/04\/06\/news\/coronavirus_l_ozonoterapia_evita_la_terapia_intensiva-253290022\/<\/a><\/p>\n\n\n\n\n\n\n\n<p><a href=\"https:\/\/www.miodottore.it\/matteo-pedrali\/pediatra\/bagnatica#&amp;tab=profile-info\" target=\"_blank\" aria-label=\" (opens in a new tab)\" rel=\"noreferrer noopener\" class=\"aioseop-link\">https:\/\/www.miodottore.it\/matteo-pedrali\/pediatra\/bagnatica#&amp;tab=profile-info<\/a><\/p>\n\n\n\n\n\n\n\n\n\n\n\n<p class=\"has-medium-font-size\"><strong><br \/><br \/><\/strong><\/p>\n\n\n\n\n<\/div><div id=\"post-footer-1662\" class=\"post-footer clear\"><\/div>","protected":false},"excerpt":{"rendered":"<p>Ultimamente leggo nel media che stanno sperimentando l\u2019ozonoterapia per combattere il Coronavirus. Dottor Pedrali, potrebbe introdursi e spiegare che cos\u2019\u00e8 l\u2019ozonoterapia? Buongiorno sono medico chirurgo e specialista in Pediatria, da diversi anni ormai mi occupo di medicina complementare, ossia nella&hellip; <a href=\"https:\/\/nogsteedshypo.nl\/intervista-con-il-dottor-matteo-pedrali-sullozono-terapia-ed-il-coronavirus\/\" title=\"Continue reading &laquo;Intervista con il dottor Matteo Pedrali sull\u2019ozono terapia ed il Coronavirus&raquo;\" class=\"more-link\">Continue reading &laquo;Intervista con il dottor Matteo Pedrali sull\u2019ozono terapia ed il Coronavirus&raquo;<\/a><\/p>\n","protected":false},"author":1,"featured_media":1677,"parent":0,"menu_order":0,"comment_status":"closed","ping_status":"closed","template":"","meta":{"footnotes":""},"class_list":["post-1662","page","type-page","status-publish","has-post-thumbnail","hentry"],"yoast_head":"<!-- This site is optimized with the Yoast SEO plugin v27.4 - https:\/\/yoast.com\/product\/yoast-seo-wordpress\/ -->\n<title>Intervista con il dottor Matteo Pedrali sull\u2019ozono terapia ed il Coronavirus - Nog Steeds Hypo<\/title>\n<meta name=\"robots\" content=\"index, follow, max-snippet:-1, max-image-preview:large, max-video-preview:-1\" \/>\n<link rel=\"canonical\" href=\"https:\/\/nogsteedshypo.nl\/?page_id=1662\" \/>\n<meta property=\"og:locale\" content=\"it_IT\" \/>\n<meta property=\"og:type\" content=\"article\" \/>\n<meta property=\"og:title\" content=\"Intervista con il dottor Matteo Pedrali sull\u2019ozono terapia ed il Coronavirus - Nog Steeds Hypo\" \/>\n<meta property=\"og:description\" content=\"Ultimamente leggo nel media che stanno sperimentando l\u2019ozonoterapia per combattere il Coronavirus. Dottor Pedrali, potrebbe introdursi e spiegare che cos\u2019\u00e8 l\u2019ozonoterapia? Buongiorno sono medico chirurgo e specialista in Pediatria, da diversi anni ormai mi occupo di medicina complementare, ossia nella&hellip; Continue reading &laquo;Intervista con il dottor Matteo Pedrali sull\u2019ozono terapia ed il Coronavirus&raquo;\" \/>\n<meta property=\"og:url\" content=\"https:\/\/nogsteedshypo.nl\/?page_id=1662\" \/>\n<meta property=\"og:site_name\" content=\"Nog Steeds Hypo\" \/>\n<meta property=\"article:publisher\" content=\"https:\/\/www.facebook.com\/AncoraIpo\" \/>\n<meta property=\"article:modified_time\" content=\"2020-04-09T17:24:02+00:00\" \/>\n<meta property=\"og:image\" content=\"https:\/\/nogsteedshypo.nl\/wp-content\/uploads\/2020\/04\/canstockphoto7492658.jpg\" \/>\n\t<meta property=\"og:image:width\" content=\"800\" \/>\n\t<meta property=\"og:image:height\" content=\"595\" \/>\n\t<meta property=\"og:image:type\" content=\"image\/jpeg\" \/>\n<meta name=\"twitter:label1\" content=\"Tempo di lettura stimato\" \/>\n\t<meta name=\"twitter:data1\" content=\"2 minuti\" \/>\n<script type=\"application\/ld+json\" class=\"yoast-schema-graph\">{\"@context\":\"https:\\\/\\\/schema.org\",\"@graph\":[{\"@type\":\"WebPage\",\"@id\":\"https:\\\/\\\/nogsteedshypo.nl\\\/?page_id=1662\",\"url\":\"https:\\\/\\\/nogsteedshypo.nl\\\/?page_id=1662\",\"name\":\"Intervista con il dottor Matteo Pedrali sull\u2019ozono terapia ed il Coronavirus - Nog Steeds Hypo\",\"isPartOf\":{\"@id\":\"http:\\\/\\\/nogsteedshypo.nl\\\/#website\"},\"primaryImageOfPage\":{\"@id\":\"https:\\\/\\\/nogsteedshypo.nl\\\/?page_id=1662#primaryimage\"},\"image\":{\"@id\":\"https:\\\/\\\/nogsteedshypo.nl\\\/?page_id=1662#primaryimage\"},\"thumbnailUrl\":\"https:\\\/\\\/nogsteedshypo.nl\\\/wp-content\\\/uploads\\\/2020\\\/04\\\/canstockphoto7492658.jpg\",\"datePublished\":\"2020-04-09T16:59:57+00:00\",\"dateModified\":\"2020-04-09T17:24:02+00:00\",\"breadcrumb\":{\"@id\":\"https:\\\/\\\/nogsteedshypo.nl\\\/?page_id=1662#breadcrumb\"},\"inLanguage\":\"it-IT\",\"potentialAction\":[{\"@type\":\"ReadAction\",\"target\":[\"https:\\\/\\\/nogsteedshypo.nl\\\/?page_id=1662\"]}]},{\"@type\":\"ImageObject\",\"inLanguage\":\"it-IT\",\"@id\":\"https:\\\/\\\/nogsteedshypo.nl\\\/?page_id=1662#primaryimage\",\"url\":\"https:\\\/\\\/nogsteedshypo.nl\\\/wp-content\\\/uploads\\\/2020\\\/04\\\/canstockphoto7492658.jpg\",\"contentUrl\":\"https:\\\/\\\/nogsteedshypo.nl\\\/wp-content\\\/uploads\\\/2020\\\/04\\\/canstockphoto7492658.jpg\",\"width\":800,\"height\":595},{\"@type\":\"BreadcrumbList\",\"@id\":\"https:\\\/\\\/nogsteedshypo.nl\\\/?page_id=1662#breadcrumb\",\"itemListElement\":[{\"@type\":\"ListItem\",\"position\":1,\"name\":\"Home\",\"item\":\"http:\\\/\\\/nogsteedshypo.nl\\\/\"},{\"@type\":\"ListItem\",\"position\":2,\"name\":\"Intervista con il dottor Matteo Pedrali sull\u2019ozono terapia ed il Coronavirus\"}]},{\"@type\":\"WebSite\",\"@id\":\"http:\\\/\\\/nogsteedshypo.nl\\\/#website\",\"url\":\"http:\\\/\\\/nogsteedshypo.nl\\\/\",\"name\":\"Ancora ipo\",\"description\":\"Als de standaardmedicijnen niet werken\u2026\",\"publisher\":{\"@id\":\"http:\\\/\\\/nogsteedshypo.nl\\\/#organization\"},\"potentialAction\":[{\"@type\":\"SearchAction\",\"target\":{\"@type\":\"EntryPoint\",\"urlTemplate\":\"http:\\\/\\\/nogsteedshypo.nl\\\/?s={search_term_string}\"},\"query-input\":{\"@type\":\"PropertyValueSpecification\",\"valueRequired\":true,\"valueName\":\"search_term_string\"}}],\"inLanguage\":\"it-IT\"},{\"@type\":\"Organization\",\"@id\":\"http:\\\/\\\/nogsteedshypo.nl\\\/#organization\",\"name\":\"Ancora ipo\",\"url\":\"http:\\\/\\\/nogsteedshypo.nl\\\/\",\"logo\":{\"@type\":\"ImageObject\",\"inLanguage\":\"it-IT\",\"@id\":\"http:\\\/\\\/nogsteedshypo.nl\\\/#\\\/schema\\\/logo\\\/image\\\/\",\"url\":\"http:\\\/\\\/nogsteedshypo.nl\\\/wp-content\\\/uploads\\\/2013\\\/10\\\/cropped-cropped-cropped-kleinere-foto-gedownload-voor-header-site2-1.jpg\",\"contentUrl\":\"http:\\\/\\\/nogsteedshypo.nl\\\/wp-content\\\/uploads\\\/2013\\\/10\\\/cropped-cropped-cropped-kleinere-foto-gedownload-voor-header-site2-1.jpg\",\"width\":800,\"height\":380,\"caption\":\"Ancora ipo\"},\"image\":{\"@id\":\"http:\\\/\\\/nogsteedshypo.nl\\\/#\\\/schema\\\/logo\\\/image\\\/\"},\"sameAs\":[\"https:\\\/\\\/www.facebook.com\\\/AncoraIpo\"]}]}<\/script>\n<!-- \/ Yoast SEO plugin. -->","yoast_head_json":{"title":"Intervista con il dottor Matteo Pedrali sull\u2019ozono terapia ed il Coronavirus - Nog Steeds Hypo","robots":{"index":"index","follow":"follow","max-snippet":"max-snippet:-1","max-image-preview":"max-image-preview:large","max-video-preview":"max-video-preview:-1"},"canonical":"https:\/\/nogsteedshypo.nl\/?page_id=1662","og_locale":"it_IT","og_type":"article","og_title":"Intervista con il dottor Matteo Pedrali sull\u2019ozono terapia ed il Coronavirus - Nog Steeds Hypo","og_description":"Ultimamente leggo nel media che stanno sperimentando l\u2019ozonoterapia per combattere il Coronavirus. Dottor Pedrali, potrebbe introdursi e spiegare che cos\u2019\u00e8 l\u2019ozonoterapia? Buongiorno sono medico chirurgo e specialista in Pediatria, da diversi anni ormai mi occupo di medicina complementare, ossia nella&hellip; Continue reading &laquo;Intervista con il dottor Matteo Pedrali sull\u2019ozono terapia ed il Coronavirus&raquo;","og_url":"https:\/\/nogsteedshypo.nl\/?page_id=1662","og_site_name":"Nog Steeds Hypo","article_publisher":"https:\/\/www.facebook.com\/AncoraIpo","article_modified_time":"2020-04-09T17:24:02+00:00","og_image":[{"width":800,"height":595,"url":"https:\/\/nogsteedshypo.nl\/wp-content\/uploads\/2020\/04\/canstockphoto7492658.jpg","type":"image\/jpeg"}],"twitter_misc":{"Tempo di lettura stimato":"2 minuti"},"schema":{"@context":"https:\/\/schema.org","@graph":[{"@type":"WebPage","@id":"https:\/\/nogsteedshypo.nl\/?page_id=1662","url":"https:\/\/nogsteedshypo.nl\/?page_id=1662","name":"Intervista con il dottor Matteo Pedrali sull\u2019ozono terapia ed il Coronavirus - Nog Steeds Hypo","isPartOf":{"@id":"http:\/\/nogsteedshypo.nl\/#website"},"primaryImageOfPage":{"@id":"https:\/\/nogsteedshypo.nl\/?page_id=1662#primaryimage"},"image":{"@id":"https:\/\/nogsteedshypo.nl\/?page_id=1662#primaryimage"},"thumbnailUrl":"https:\/\/nogsteedshypo.nl\/wp-content\/uploads\/2020\/04\/canstockphoto7492658.jpg","datePublished":"2020-04-09T16:59:57+00:00","dateModified":"2020-04-09T17:24:02+00:00","breadcrumb":{"@id":"https:\/\/nogsteedshypo.nl\/?page_id=1662#breadcrumb"},"inLanguage":"it-IT","potentialAction":[{"@type":"ReadAction","target":["https:\/\/nogsteedshypo.nl\/?page_id=1662"]}]},{"@type":"ImageObject","inLanguage":"it-IT","@id":"https:\/\/nogsteedshypo.nl\/?page_id=1662#primaryimage","url":"https:\/\/nogsteedshypo.nl\/wp-content\/uploads\/2020\/04\/canstockphoto7492658.jpg","contentUrl":"https:\/\/nogsteedshypo.nl\/wp-content\/uploads\/2020\/04\/canstockphoto7492658.jpg","width":800,"height":595},{"@type":"BreadcrumbList","@id":"https:\/\/nogsteedshypo.nl\/?page_id=1662#breadcrumb","itemListElement":[{"@type":"ListItem","position":1,"name":"Home","item":"http:\/\/nogsteedshypo.nl\/"},{"@type":"ListItem","position":2,"name":"Intervista con il dottor Matteo Pedrali sull\u2019ozono terapia ed il Coronavirus"}]},{"@type":"WebSite","@id":"http:\/\/nogsteedshypo.nl\/#website","url":"http:\/\/nogsteedshypo.nl\/","name":"Ancora ipo","description":"Als de standaardmedicijnen niet werken\u2026","publisher":{"@id":"http:\/\/nogsteedshypo.nl\/#organization"},"potentialAction":[{"@type":"SearchAction","target":{"@type":"EntryPoint","urlTemplate":"http:\/\/nogsteedshypo.nl\/?s={search_term_string}"},"query-input":{"@type":"PropertyValueSpecification","valueRequired":true,"valueName":"search_term_string"}}],"inLanguage":"it-IT"},{"@type":"Organization","@id":"http:\/\/nogsteedshypo.nl\/#organization","name":"Ancora ipo","url":"http:\/\/nogsteedshypo.nl\/","logo":{"@type":"ImageObject","inLanguage":"it-IT","@id":"http:\/\/nogsteedshypo.nl\/#\/schema\/logo\/image\/","url":"http:\/\/nogsteedshypo.nl\/wp-content\/uploads\/2013\/10\/cropped-cropped-cropped-kleinere-foto-gedownload-voor-header-site2-1.jpg","contentUrl":"http:\/\/nogsteedshypo.nl\/wp-content\/uploads\/2013\/10\/cropped-cropped-cropped-kleinere-foto-gedownload-voor-header-site2-1.jpg","width":800,"height":380,"caption":"Ancora ipo"},"image":{"@id":"http:\/\/nogsteedshypo.nl\/#\/schema\/logo\/image\/"},"sameAs":["https:\/\/www.facebook.com\/AncoraIpo"]}]}},"_links":{"self":[{"href":"https:\/\/nogsteedshypo.nl\/index.php?rest_route=\/wp\/v2\/pages\/1662","targetHints":{"allow":["GET"]}}],"collection":[{"href":"https:\/\/nogsteedshypo.nl\/index.php?rest_route=\/wp\/v2\/pages"}],"about":[{"href":"https:\/\/nogsteedshypo.nl\/index.php?rest_route=\/wp\/v2\/types\/page"}],"author":[{"embeddable":true,"href":"https:\/\/nogsteedshypo.nl\/index.php?rest_route=\/wp\/v2\/users\/1"}],"replies":[{"embeddable":true,"href":"https:\/\/nogsteedshypo.nl\/index.php?rest_route=%2Fwp%2Fv2%2Fcomments&post=1662"}],"version-history":[{"count":13,"href":"https:\/\/nogsteedshypo.nl\/index.php?rest_route=\/wp\/v2\/pages\/1662\/revisions"}],"predecessor-version":[{"id":1676,"href":"https:\/\/nogsteedshypo.nl\/index.php?rest_route=\/wp\/v2\/pages\/1662\/revisions\/1676"}],"wp:featuredmedia":[{"embeddable":true,"href":"https:\/\/nogsteedshypo.nl\/index.php?rest_route=\/wp\/v2\/media\/1677"}],"wp:attachment":[{"href":"https:\/\/nogsteedshypo.nl\/index.php?rest_route=%2Fwp%2Fv2%2Fmedia&parent=1662"}],"curies":[{"name":"wp","href":"https:\/\/api.w.org\/{rel}","templated":true}]}}