{"id":1604,"date":"2016-03-16T09:01:38","date_gmt":"2016-03-16T09:01:38","guid":{"rendered":"http:\/\/nogsteedshypo.nl\/?page_id=1604"},"modified":"2016-03-16T22:00:37","modified_gmt":"2016-03-16T22:00:37","slug":"testimonianza-di-cristina","status":"publish","type":"page","link":"https:\/\/nogsteedshypo.nl\/?page_id=1604","title":{"rendered":"Testimonianza di Cristina (39 anni, paziente che soffre di ipotiroidismo)"},"content":{"rendered":"<div id=\"post-entry-excerpt-1604\" class=\"entry-part\"><p><span style=\"font-size: 12pt;\">La mia storia inizia nel 2006, quando vengo operata per un nodulo alla tiroide che deviava la trachea, va detto per\u00f2, che il mio allora medico di base ,nonostante avessi una nonna con un gozzo tiroideo non mi ha mai prescritto alcun esame per monitorare la salute della mia tiroide, sino a quando non mi sono recata da lui, dicendo che avvertivo un nodo alla gola e mi vedevo il collo ingrossato.<\/span><br \/>\n<span style=\"font-size: 12pt;\"> Dopo l&#8217;intervento mi viene prescritto un dosaggio di eutirox da 50, poi nel corso degli anni il dosaggio verr\u00e0 sempre aumentato, a 100, 125, sino al 150.<\/span><br \/>\n<span style=\"font-size: 12pt;\"> nel corso degli anni acquisto sempre pi\u00f9 peso, gonfiore, ritenzione idrica, e nonostante cercassi di stare attenta con l&#8217;alimentazione tutto era vano.<\/span><br \/>\n<span style=\"font-size: 12pt;\"> Nell&#8217;Aprile del 2008 do alla luce Irene, la gravidanza \u00e8 stata dura da affrontare, due minacce d&#8217;aborto, tantissimi kg in pi\u00f9 che facevano in modo che gi\u00e0 al terzo mese non riuscissi pi\u00f9 a entrare in macchina per guidare o non riuscissi pi\u00f9 a infilarmi le scarpe.<\/span><br \/>\n<span style=\"font-size: 12pt;\"> Nel corso degli anni ho deciso, nonostante i miei vari diplomi, di rimettermi in gioco, mi sono iscritta a un corso serale di estetista e quella \u00e8 stata la mia grande svolta.<\/span><br \/>\n<span style=\"font-size: 12pt;\"> Nel secondo anno dell&#8217;Accademia di estetica partecipo ad un convegno, dove una dottoressa parla dei problemi creati dagli alimenti gozzigeni e dell&#8217;importanza per chi soffre di tiroide o malattie autoimmini di eliminare il glutine e i latticini dall&#8217;alimentazione&#8230;.<\/span><br \/>\n<span style=\"font-size: 12pt;\"> Io tra il pubblico rimango basita, \u00e8 il 2015 e non ho mai sentito queste cose da un endocrinologo&#8230;.<\/span><br \/>\n<span style=\"font-size: 12pt;\"> A fine convegno la contatto, fisso l&#8217;appuntamento e inizio un percorso meraviglioso, parto con un peso enorme 135 kg&#8230;. mai avrei pensato di cambiare cos\u00ec tanto la mia vita.<\/span><br \/>\n<span style=\"font-size: 12pt;\"> Dopo pochi mesi e dopo aver perso circa10- 12 Kg ci accorgiamo che, nonostante seguissi alla lettera la mia alimentazione il peso non scendeva, \u00e8 stata lei la prima, l&#8217;unica a dirmi&#8230;..potrebbe essere il farmaco!<\/span><br \/>\n<span style=\"font-size: 12pt;\"> E&#8217; stata la mia cara Dottoressa Anna Agnusdei a spronarmi a cercare un&#8217;alternativa, prima mai nessuno mi ha mai parlato di alternative all&#8217;eutirox! Io inizio allora a girare in internet&#8230;.leggo, trovo il sito ancora ipo&#8230;.ma voglio capire,voglio sapere come si sentono le persone, avere un confronto, entro in fb&#8230;.e per caso trovo la pagina &#8220;Ipotiroidismo e alternative all&#8217;eutirox&#8221;.<\/span><br \/>\n<span style=\"font-size: 12pt;\"> In quel gruppo trovo la stupenda Claudia Baldissera che mi ha spiegato tutto, mi ha detto di leggere i file, ero praticamente concentrata per tante ore sulla pagina!<\/span><br \/>\n<span style=\"font-size: 12pt;\"> Ho preso subito appuntamento con la Dottoressa Labanca, la sua visita \u00e8 stata minuziosa e attenta, mi ricordo che \u00e8 durata un&#8217;ora, e quando sono uscita sono scoppiata in lacrime, per la prima volta mi sono sentita ascoltata e capita, tutti i sintomi che avevo: freddo, tremori, tachicardia, umore depresso, dolori articolari, dolori muscolari, stanchezza cronica, macchie davanti agli occhi, difficolt\u00e0 di concentrazione, gonfiore, ritenzione idrica, aumento di peso&#8230;.<\/span><br \/>\n<span style=\"font-size: 12pt;\"> Pochi giorni dopo inizio la terapia Nature Throid 125 mg 1 compressa al giorno, ed insieme gli integratori. Dopo solo la prima settimana mi accorgo di stare molto meglio, mi peso, 1 kg in meno!<\/span><br \/>\n<span style=\"font-size: 12pt;\"> I primi due mesi di secca perdo 10 Kg, il mio viso si sgonfia, torno ,dopo pi\u00f9 di vent&#8217;anni a camminare in montagna senza avvertire la minima fatica!! Alla fine con la secca sono passata da una taglia 62 a una 50!<\/span><br \/>\n<span style=\"font-size: 12pt;\"> Al controllo la dottoressa mi prescrive Erfa, altra marca di tiroide secca, sempre lo stesso dosaggio, ma pi\u00f9 semplice, abitando vicino la Svizzera, da reperire, in quell&#8217;incontro parlo con lei del mio desiderio di una seconda maternit\u00e0, che cerco da sei anni, e lei mi dice di stare tranquilla, perch\u00e8 era proprio l&#8217;alto dosaggio di eutirox che mi impediva di avere una gravidanza.<\/span><br \/>\n<span style=\"font-size: 12pt;\"> Mi spiega dell&#8217;importanza del valore del tsh per cercare una maternit\u00e0, che non dovrebbe superare il 2, mi prescrive un integratore di inositolo, sono i primi giorni di Settembre del 2015. Il 29 Settembre faccio il test di gravidanza, con mio grande stupore vedo le tanto desiderate due linee!<\/span><br \/>\n<span style=\"font-size: 12pt;\"> Il mattino chiamo subito le due mie Dottoresse e comunico loro la mia splendida notizia! oggi sono al settimo mese di gravidanza, mi sento benissimo, la gravidanza usando la tiroide secca \u00e8 un&#8217;altra vita, guido, non mi sento stanca, sono serena, riesco a condurre una vita normale, cosa che nella prima gravidanza era impossiblie! Lo stesso ginecologo che ha vissuto la prima gravidanza rimane scioccato, \u00e8 lui che mi dice sembri un&#8217;altra paziente! Non sei gonfia&#8230;.non hai ritenzione idrica!<\/span><br \/>\n<span style=\"font-size: 12pt;\"> lo scorso mese il ginecologo mi ha chiesto di alzare leggermente il valore del t4, la mia dottoressa, per accontentarlo mi ha prescritto eutirox 25 mg 1 volta a settimana, dopo meno di un mese sono stata malissimo, non riuscivo ad alzarmi dal divano, avevo un forte gonfiore alle gambe, dormivo 4 ore a notte, ho messo i piedi a bagno in una soluzione che stimolasse la diuresi,passato il week-end ho chiamato la dottoressa che mi ha prescritto la tiroide secca, e le ho detto che preferivo aumentare la dose di secca ed eliminare completamente eutirox, lei era pienamente d&#8217;accordo, cos\u00ec ho fatto, mi sono bastati pochi giorni per rimettermi in sesto, ho ripreso a dormire, e, devo dire che sento la differenza dei movimenti della mia bimba, il periodo minimo in cui ho preso eutirox avvertivo che i suoi movimenti erano pi\u00f9 pacati, come ovattati.<\/span><br \/>\n<span style=\"font-size: 12pt;\"> Ora stiamo benissimo entrambe, un consiglio che mi sento di dare a chi vuol capire come possa funzionare la tiroide secca \u00e8 quello di informarsi, di leggere, di documentarsi, di sentirsi sempre spronate dalla curiosit\u00e0, io leggendo il libro del Dottor Vergini ho capito di aver problemi dalla tiroide dall&#8217;et\u00e0 di 15 anni, la mia grande fortuna oggi \u00e8 di sapere come riconoscere i sintomi dell&#8217;ipo, e per questo ho sempre sotto costante controllo la salute di mia figlia, a 7 anni segue una terapia omeopatica per la tiroide perch\u00e8 gi\u00e0 ha alcuni sintomi di ipotiroidismo, il mio dovere oggi \u00e8 di evitarle la sofferenza che ho patito negli anni, e ,se posso essere di aiuto a qualche persona&#8230;ben venga!<\/span><br \/>\n<span style=\"font-size: 12pt;\"> Per questo non finir\u00f2 mai di ringraziare Claudia Baldissera per avermi chiesto di essere una admin del suo gruppo, la pi\u00f9 grande soddisfazione \u00e8 quella di poter aiutare qualcuno che sta male! Inserisco qualche foto per farvi vedere la differenza.<\/span><\/p>\n<p style=\"text-align: center;\"><span style=\"font-size: 12pt;\">Il mio viso con Eutirox:<\/span><\/p>\n<p style=\"text-align: center;\"><a href=\"http:\/\/nogsteedshypo.nl\/wp-content\/uploads\/2016\/03\/gravidanza-con-eutirox.jpg\" rel=\"attachment wp-att-1609\"><img loading=\"lazy\" decoding=\"async\" class=\"aligncenter size-medium wp-image-1609\" src=\"http:\/\/nogsteedshypo.nl\/wp-content\/uploads\/2016\/03\/gravidanza-con-eutirox-300x225.jpg\" alt=\"gravidanza con eutirox\" width=\"300\" height=\"225\" srcset=\"https:\/\/nogsteedshypo.nl\/wp-content\/uploads\/2016\/03\/gravidanza-con-eutirox-300x225.jpg 300w, https:\/\/nogsteedshypo.nl\/wp-content\/uploads\/2016\/03\/gravidanza-con-eutirox-768x576.jpg 768w, https:\/\/nogsteedshypo.nl\/wp-content\/uploads\/2016\/03\/gravidanza-con-eutirox-1024x768.jpg 1024w\" sizes=\"auto, (max-width: 300px) 100vw, 300px\" \/><\/a><br \/>\n<span style=\"font-size: 12pt;\">Il mio viso con la secca (prima della gravidanza ero arrivata<\/span><br \/>\n<span style=\"font-size: 12pt;\"> a pesare 105 Kg, partivo con un peso di 135):<\/span><\/p>\n<p style=\"text-align: center;\"><a href=\"http:\/\/nogsteedshypo.nl\/wp-content\/uploads\/2016\/03\/viso-con-tiroide-secca.jpg\" rel=\"attachment wp-att-1608\"><img loading=\"lazy\" decoding=\"async\" class=\"aligncenter size-medium wp-image-1608\" src=\"http:\/\/nogsteedshypo.nl\/wp-content\/uploads\/2016\/03\/viso-con-tiroide-secca-300x225.jpg\" alt=\"viso con tiroide secca\" width=\"300\" height=\"225\" srcset=\"https:\/\/nogsteedshypo.nl\/wp-content\/uploads\/2016\/03\/viso-con-tiroide-secca-300x225.jpg 300w, https:\/\/nogsteedshypo.nl\/wp-content\/uploads\/2016\/03\/viso-con-tiroide-secca-768x576.jpg 768w, https:\/\/nogsteedshypo.nl\/wp-content\/uploads\/2016\/03\/viso-con-tiroide-secca-1024x768.jpg 1024w\" sizes=\"auto, (max-width: 300px) 100vw, 300px\" \/><\/a><br \/>\n<span style=\"font-size: 12pt;\">Gravidanza con Eutirox:<\/span><\/p>\n<p style=\"text-align: center;\"><a href=\"http:\/\/nogsteedshypo.nl\/wp-content\/uploads\/2016\/03\/gravidanza-con-eutirox.jpeg\" rel=\"attachment wp-att-1606\"><img loading=\"lazy\" decoding=\"async\" class=\"aligncenter size-medium wp-image-1606\" src=\"http:\/\/nogsteedshypo.nl\/wp-content\/uploads\/2016\/03\/gravidanza-con-eutirox-300x230.jpeg\" alt=\"gravidanza con eutirox\" width=\"300\" height=\"230\" srcset=\"https:\/\/nogsteedshypo.nl\/wp-content\/uploads\/2016\/03\/gravidanza-con-eutirox-300x230.jpeg 300w, https:\/\/nogsteedshypo.nl\/wp-content\/uploads\/2016\/03\/gravidanza-con-eutirox-768x589.jpeg 768w, https:\/\/nogsteedshypo.nl\/wp-content\/uploads\/2016\/03\/gravidanza-con-eutirox.jpeg 1015w\" sizes=\"auto, (max-width: 300px) 100vw, 300px\" \/><\/a><br \/>\n<span style=\"font-size: 12pt;\">Gravidanza con la secca:<\/span><\/p>\n<p><a href=\"http:\/\/nogsteedshypo.nl\/wp-content\/uploads\/2016\/03\/gravidanza-con-tiroide-secca.jpg\" rel=\"attachment wp-att-1607\"><img loading=\"lazy\" decoding=\"async\" class=\"aligncenter size-medium wp-image-1607\" src=\"http:\/\/nogsteedshypo.nl\/wp-content\/uploads\/2016\/03\/gravidanza-con-tiroide-secca-300x225.jpg\" alt=\"gravidanza con tiroide secca\" width=\"300\" height=\"225\" srcset=\"https:\/\/nogsteedshypo.nl\/wp-content\/uploads\/2016\/03\/gravidanza-con-tiroide-secca-300x225.jpg 300w, https:\/\/nogsteedshypo.nl\/wp-content\/uploads\/2016\/03\/gravidanza-con-tiroide-secca-768x576.jpg 768w, https:\/\/nogsteedshypo.nl\/wp-content\/uploads\/2016\/03\/gravidanza-con-tiroide-secca-1024x768.jpg 1024w\" sizes=\"auto, (max-width: 300px) 100vw, 300px\" \/><\/a><\/p>\n<\/div><div id=\"post-footer-1604\" class=\"post-footer clear\"><\/div>","protected":false},"excerpt":{"rendered":"<p>La mia storia inizia nel 2006, quando vengo operata per un nodulo alla tiroide che deviava la trachea, va detto per\u00f2, che il mio allora medico di base ,nonostante avessi una nonna con un gozzo tiroideo non mi ha mai&hellip; <a href=\"https:\/\/nogsteedshypo.nl\/testimonianza-di-cristina\/\" title=\"Continue reading &laquo;Testimonianza di Cristina (39 anni, paziente che soffre di ipotiroidismo)&raquo;\" class=\"more-link\">Continue reading &laquo;Testimonianza di Cristina (39 anni, paziente che soffre di ipotiroidismo)&raquo;<\/a><\/p>\n","protected":false},"author":1,"featured_media":0,"parent":0,"menu_order":0,"comment_status":"closed","ping_status":"closed","template":"","meta":{"footnotes":""},"class_list":["post-1604","page","type-page","status-publish","hentry"],"yoast_head":"<!-- This site is optimized with the Yoast SEO plugin v27.4 - https:\/\/yoast.com\/product\/yoast-seo-wordpress\/ -->\n<title>Testimonianza di Cristina (39 anni, paziente che soffre di ipotiroidismo) - Nog Steeds Hypo<\/title>\n<meta name=\"robots\" content=\"index, follow, max-snippet:-1, max-image-preview:large, max-video-preview:-1\" \/>\n<link rel=\"canonical\" href=\"https:\/\/nogsteedshypo.nl\/?page_id=1604\" \/>\n<meta property=\"og:locale\" content=\"it_IT\" \/>\n<meta property=\"og:type\" content=\"article\" \/>\n<meta property=\"og:title\" content=\"Testimonianza di Cristina (39 anni, paziente che soffre di ipotiroidismo) - Nog Steeds Hypo\" \/>\n<meta property=\"og:description\" content=\"La mia storia inizia nel 2006, quando vengo operata per un nodulo alla tiroide che deviava la trachea, va detto per\u00f2, che il mio allora medico di base ,nonostante avessi una nonna con un gozzo tiroideo non mi ha mai&hellip; Continue reading &laquo;Testimonianza di Cristina (39 anni, paziente che soffre di ipotiroidismo)&raquo;\" \/>\n<meta property=\"og:url\" content=\"https:\/\/nogsteedshypo.nl\/?page_id=1604\" \/>\n<meta property=\"og:site_name\" content=\"Nog Steeds Hypo\" \/>\n<meta property=\"article:publisher\" content=\"https:\/\/www.facebook.com\/AncoraIpo\" \/>\n<meta property=\"article:modified_time\" content=\"2016-03-16T22:00:37+00:00\" \/>\n<meta property=\"og:image\" content=\"http:\/\/nogsteedshypo.nl\/wp-content\/uploads\/2016\/03\/gravidanza-con-eutirox-300x225.jpg\" \/>\n<meta name=\"twitter:label1\" content=\"Tempo di lettura stimato\" \/>\n\t<meta name=\"twitter:data1\" content=\"5 minuti\" \/>\n<script type=\"application\/ld+json\" class=\"yoast-schema-graph\">{\"@context\":\"https:\\\/\\\/schema.org\",\"@graph\":[{\"@type\":\"WebPage\",\"@id\":\"https:\\\/\\\/nogsteedshypo.nl\\\/?page_id=1604\",\"url\":\"https:\\\/\\\/nogsteedshypo.nl\\\/?page_id=1604\",\"name\":\"Testimonianza di Cristina (39 anni, paziente che soffre di ipotiroidismo) - Nog Steeds Hypo\",\"isPartOf\":{\"@id\":\"http:\\\/\\\/nogsteedshypo.nl\\\/#website\"},\"primaryImageOfPage\":{\"@id\":\"https:\\\/\\\/nogsteedshypo.nl\\\/?page_id=1604#primaryimage\"},\"image\":{\"@id\":\"https:\\\/\\\/nogsteedshypo.nl\\\/?page_id=1604#primaryimage\"},\"thumbnailUrl\":\"http:\\\/\\\/nogsteedshypo.nl\\\/wp-content\\\/uploads\\\/2016\\\/03\\\/gravidanza-con-eutirox-300x225.jpg\",\"datePublished\":\"2016-03-16T09:01:38+00:00\",\"dateModified\":\"2016-03-16T22:00:37+00:00\",\"breadcrumb\":{\"@id\":\"https:\\\/\\\/nogsteedshypo.nl\\\/?page_id=1604#breadcrumb\"},\"inLanguage\":\"it-IT\",\"potentialAction\":[{\"@type\":\"ReadAction\",\"target\":[\"https:\\\/\\\/nogsteedshypo.nl\\\/?page_id=1604\"]}]},{\"@type\":\"ImageObject\",\"inLanguage\":\"it-IT\",\"@id\":\"https:\\\/\\\/nogsteedshypo.nl\\\/?page_id=1604#primaryimage\",\"url\":\"https:\\\/\\\/nogsteedshypo.nl\\\/wp-content\\\/uploads\\\/2016\\\/03\\\/gravidanza-con-eutirox.jpg\",\"contentUrl\":\"https:\\\/\\\/nogsteedshypo.nl\\\/wp-content\\\/uploads\\\/2016\\\/03\\\/gravidanza-con-eutirox.jpg\",\"width\":3056,\"height\":2292},{\"@type\":\"BreadcrumbList\",\"@id\":\"https:\\\/\\\/nogsteedshypo.nl\\\/?page_id=1604#breadcrumb\",\"itemListElement\":[{\"@type\":\"ListItem\",\"position\":1,\"name\":\"Home\",\"item\":\"http:\\\/\\\/nogsteedshypo.nl\\\/\"},{\"@type\":\"ListItem\",\"position\":2,\"name\":\"Testimonianza di Cristina (39 anni, paziente che soffre di ipotiroidismo)\"}]},{\"@type\":\"WebSite\",\"@id\":\"http:\\\/\\\/nogsteedshypo.nl\\\/#website\",\"url\":\"http:\\\/\\\/nogsteedshypo.nl\\\/\",\"name\":\"Ancora ipo\",\"description\":\"Als de standaardmedicijnen niet werken\u2026\",\"publisher\":{\"@id\":\"http:\\\/\\\/nogsteedshypo.nl\\\/#organization\"},\"potentialAction\":[{\"@type\":\"SearchAction\",\"target\":{\"@type\":\"EntryPoint\",\"urlTemplate\":\"http:\\\/\\\/nogsteedshypo.nl\\\/?s={search_term_string}\"},\"query-input\":{\"@type\":\"PropertyValueSpecification\",\"valueRequired\":true,\"valueName\":\"search_term_string\"}}],\"inLanguage\":\"it-IT\"},{\"@type\":\"Organization\",\"@id\":\"http:\\\/\\\/nogsteedshypo.nl\\\/#organization\",\"name\":\"Ancora ipo\",\"url\":\"http:\\\/\\\/nogsteedshypo.nl\\\/\",\"logo\":{\"@type\":\"ImageObject\",\"inLanguage\":\"it-IT\",\"@id\":\"http:\\\/\\\/nogsteedshypo.nl\\\/#\\\/schema\\\/logo\\\/image\\\/\",\"url\":\"http:\\\/\\\/nogsteedshypo.nl\\\/wp-content\\\/uploads\\\/2013\\\/10\\\/cropped-cropped-cropped-kleinere-foto-gedownload-voor-header-site2-1.jpg\",\"contentUrl\":\"http:\\\/\\\/nogsteedshypo.nl\\\/wp-content\\\/uploads\\\/2013\\\/10\\\/cropped-cropped-cropped-kleinere-foto-gedownload-voor-header-site2-1.jpg\",\"width\":800,\"height\":380,\"caption\":\"Ancora ipo\"},\"image\":{\"@id\":\"http:\\\/\\\/nogsteedshypo.nl\\\/#\\\/schema\\\/logo\\\/image\\\/\"},\"sameAs\":[\"https:\\\/\\\/www.facebook.com\\\/AncoraIpo\"]}]}<\/script>\n<!-- \/ Yoast SEO plugin. -->","yoast_head_json":{"title":"Testimonianza di Cristina (39 anni, paziente che soffre di ipotiroidismo) - Nog Steeds Hypo","robots":{"index":"index","follow":"follow","max-snippet":"max-snippet:-1","max-image-preview":"max-image-preview:large","max-video-preview":"max-video-preview:-1"},"canonical":"https:\/\/nogsteedshypo.nl\/?page_id=1604","og_locale":"it_IT","og_type":"article","og_title":"Testimonianza di Cristina (39 anni, paziente che soffre di ipotiroidismo) - Nog Steeds Hypo","og_description":"La mia storia inizia nel 2006, quando vengo operata per un nodulo alla tiroide che deviava la trachea, va detto per\u00f2, che il mio allora medico di base ,nonostante avessi una nonna con un gozzo tiroideo non mi ha mai&hellip; Continue reading &laquo;Testimonianza di Cristina (39 anni, paziente che soffre di ipotiroidismo)&raquo;","og_url":"https:\/\/nogsteedshypo.nl\/?page_id=1604","og_site_name":"Nog Steeds Hypo","article_publisher":"https:\/\/www.facebook.com\/AncoraIpo","article_modified_time":"2016-03-16T22:00:37+00:00","og_image":[{"url":"http:\/\/nogsteedshypo.nl\/wp-content\/uploads\/2016\/03\/gravidanza-con-eutirox-300x225.jpg","type":"","width":"","height":""}],"twitter_misc":{"Tempo di lettura stimato":"5 minuti"},"schema":{"@context":"https:\/\/schema.org","@graph":[{"@type":"WebPage","@id":"https:\/\/nogsteedshypo.nl\/?page_id=1604","url":"https:\/\/nogsteedshypo.nl\/?page_id=1604","name":"Testimonianza di Cristina (39 anni, paziente che soffre di ipotiroidismo) - Nog Steeds Hypo","isPartOf":{"@id":"http:\/\/nogsteedshypo.nl\/#website"},"primaryImageOfPage":{"@id":"https:\/\/nogsteedshypo.nl\/?page_id=1604#primaryimage"},"image":{"@id":"https:\/\/nogsteedshypo.nl\/?page_id=1604#primaryimage"},"thumbnailUrl":"http:\/\/nogsteedshypo.nl\/wp-content\/uploads\/2016\/03\/gravidanza-con-eutirox-300x225.jpg","datePublished":"2016-03-16T09:01:38+00:00","dateModified":"2016-03-16T22:00:37+00:00","breadcrumb":{"@id":"https:\/\/nogsteedshypo.nl\/?page_id=1604#breadcrumb"},"inLanguage":"it-IT","potentialAction":[{"@type":"ReadAction","target":["https:\/\/nogsteedshypo.nl\/?page_id=1604"]}]},{"@type":"ImageObject","inLanguage":"it-IT","@id":"https:\/\/nogsteedshypo.nl\/?page_id=1604#primaryimage","url":"https:\/\/nogsteedshypo.nl\/wp-content\/uploads\/2016\/03\/gravidanza-con-eutirox.jpg","contentUrl":"https:\/\/nogsteedshypo.nl\/wp-content\/uploads\/2016\/03\/gravidanza-con-eutirox.jpg","width":3056,"height":2292},{"@type":"BreadcrumbList","@id":"https:\/\/nogsteedshypo.nl\/?page_id=1604#breadcrumb","itemListElement":[{"@type":"ListItem","position":1,"name":"Home","item":"http:\/\/nogsteedshypo.nl\/"},{"@type":"ListItem","position":2,"name":"Testimonianza di Cristina (39 anni, paziente che soffre di ipotiroidismo)"}]},{"@type":"WebSite","@id":"http:\/\/nogsteedshypo.nl\/#website","url":"http:\/\/nogsteedshypo.nl\/","name":"Ancora ipo","description":"Als de standaardmedicijnen niet werken\u2026","publisher":{"@id":"http:\/\/nogsteedshypo.nl\/#organization"},"potentialAction":[{"@type":"SearchAction","target":{"@type":"EntryPoint","urlTemplate":"http:\/\/nogsteedshypo.nl\/?s={search_term_string}"},"query-input":{"@type":"PropertyValueSpecification","valueRequired":true,"valueName":"search_term_string"}}],"inLanguage":"it-IT"},{"@type":"Organization","@id":"http:\/\/nogsteedshypo.nl\/#organization","name":"Ancora ipo","url":"http:\/\/nogsteedshypo.nl\/","logo":{"@type":"ImageObject","inLanguage":"it-IT","@id":"http:\/\/nogsteedshypo.nl\/#\/schema\/logo\/image\/","url":"http:\/\/nogsteedshypo.nl\/wp-content\/uploads\/2013\/10\/cropped-cropped-cropped-kleinere-foto-gedownload-voor-header-site2-1.jpg","contentUrl":"http:\/\/nogsteedshypo.nl\/wp-content\/uploads\/2013\/10\/cropped-cropped-cropped-kleinere-foto-gedownload-voor-header-site2-1.jpg","width":800,"height":380,"caption":"Ancora ipo"},"image":{"@id":"http:\/\/nogsteedshypo.nl\/#\/schema\/logo\/image\/"},"sameAs":["https:\/\/www.facebook.com\/AncoraIpo"]}]}},"_links":{"self":[{"href":"https:\/\/nogsteedshypo.nl\/index.php?rest_route=\/wp\/v2\/pages\/1604","targetHints":{"allow":["GET"]}}],"collection":[{"href":"https:\/\/nogsteedshypo.nl\/index.php?rest_route=\/wp\/v2\/pages"}],"about":[{"href":"https:\/\/nogsteedshypo.nl\/index.php?rest_route=\/wp\/v2\/types\/page"}],"author":[{"embeddable":true,"href":"https:\/\/nogsteedshypo.nl\/index.php?rest_route=\/wp\/v2\/users\/1"}],"replies":[{"embeddable":true,"href":"https:\/\/nogsteedshypo.nl\/index.php?rest_route=%2Fwp%2Fv2%2Fcomments&post=1604"}],"version-history":[{"count":9,"href":"https:\/\/nogsteedshypo.nl\/index.php?rest_route=\/wp\/v2\/pages\/1604\/revisions"}],"predecessor-version":[{"id":1618,"href":"https:\/\/nogsteedshypo.nl\/index.php?rest_route=\/wp\/v2\/pages\/1604\/revisions\/1618"}],"wp:attachment":[{"href":"https:\/\/nogsteedshypo.nl\/index.php?rest_route=%2Fwp%2Fv2%2Fmedia&parent=1604"}],"curies":[{"name":"wp","href":"https:\/\/api.w.org\/{rel}","templated":true}]}}