{"id":1505,"date":"2015-02-13T22:41:50","date_gmt":"2015-02-13T22:41:50","guid":{"rendered":"http:\/\/nogsteedshypo.nl\/?page_id=1505"},"modified":"2015-02-13T23:03:18","modified_gmt":"2015-02-13T23:03:18","slug":"testimonianza-compagno-di-vincenza","status":"publish","type":"page","link":"https:\/\/nogsteedshypo.nl\/?page_id=1505","title":{"rendered":"Testimonianza di Michele, compagno di Vincenza"},"content":{"rendered":"<div id=\"post-entry-excerpt-1505\" class=\"entry-part\"><p><span style=\"font-size: 12pt;\">Per sentire il punto di visto di un compagno di un paziente ipo, ecco la testimonianza di Michele,\u00a0 compagno di <a href=\"http:\/\/nogsteedshypo.nl\/?page_id=1494\" target=\"_blank\">Vincenza<\/a>. <\/span><\/p>\n<p><span style=\"font-size: 12pt;\">Da quando ho conosciuto la mia compagna ho iniziato a scoprire le problematiche legate alla tiroide e le rispettive sintomatologie non solo attraverso i suoi racconti ma soprattutto attraverso le sue reazioni fisiche, emotive ed altro ancora. Cos\u00ec, indirettamente, mi sono inoltrato in un mondo che prima non sapevo nemmeno cosa fosse e la mia prima domanda fu: \u201cCome \u00e8 possibile che una pillola, ingerita tutti i giorni per tutta la vita, possa interamente risolvere o sostituire delle funzioni nel nostro organismo?\u201d.<\/span><\/p>\n<p><span style=\"font-size: 12pt;\">Dal punto di vista fisico la stanchezza ha sempre predominato, ma ovviamente il tutto si rifletteva sullo stato emotivo, i classici sbalzi di umore erano pi\u00f9 che inevitabili. Ma la cosa ancora pi\u00f9 strana si incentrava sulle continue tachicardie, stati d&#8217;ansia fino ad arrivare all&#8217;insonnia.<\/span><\/p>\n<p><span style=\"font-size: 12pt;\">Ho seguito Vincenza in tutte le sue visite per scoprire quale fosse il vero problema, partendo da quello tiroideo non ricordo nemmeno pi\u00f9 io quanti endocrinologi ho conosciuto. Tutti con la stessa formula matematica \u201cEutirox\u201d con rispettivo numero affiancato. Ma nessuno alzava lo sguardo da quel foglio bianco con in alto a sinistra il timbro \u201d Dott&#8230;&#8230;\u201d. Magari, in aggiunta, un saluto finale con un bel \u201dsi prenda una vacanza!\u201d, \u201cForse \u00e8 un po&#8217; ansiosa?\u201d, \u201cPer l&#8217;ansia le prescrivo&#8230;\u201d. Cos\u00ec siamo andati oltre cercando il cosiddetto tassello mancante con altri specialisti, ma il problema era alla fonte, forse quella pillolina piccola piccola non andava proprio bene, ma esiste solo quella formula magica? Di giorno, di notte vedevo Vincenza documentarsi a pi\u00f9 non posso perch\u00e9 voleva cambiare e sapeva che poteva. Ho continuato a seguire il suo sogno \u201cStare bene\u201d cos\u00ec con il mio sostegno, la mia forza l&#8217;ho spronata ancora di pi\u00f9, convinto che prima o poi avremmo insieme trovato una soluzione. In pochissimo tempo abbiamo scoperto un\u2019altra cura (la secca), un nuovo mondo che va oltre a quello che alcuni medici vogliono farti credere perch\u00e9 forse in molti casi il paziente cede alla loro supremazia. Giorno dopo giorno vedo in lei miglioramenti, per lungo periodo non riusciva a far nulla, stava male e dovevo occuparmi di persona di molte cose, compresi gli impegni di casa, fare la spesa, cucinare.. lei dovette lasciare anche il lavoro. In poco tempo abbiamo ripreso a vivere una vita normale, ci siamo trasferiti all&#8217;estero e questo ha comportato molti impegni, ma con piacere e meraviglia la mia compagna sta ritornando ad essere la persona che avevo conosciuto. Ha pi\u00f9 energia, voglia di fare, non ha pi\u00f9&#8217; insonnia ed \u00e8 anche pi\u00f9 serena..<\/span><\/p>\n<p><span style=\"font-size: 12pt;\">Con questa cura, il suo regime alimentare \u00e8 cambiato, anch&#8217;io mi sono unito a questa nuova alimentazione sentendomi decisamente meglio, mi \u00e8 stato d&#8217;insegnamento perch\u00e9 ho capito l&#8217;importanza del mangiar sano, evitare alcuni cibi, per ottenere una miglior qualit\u00e0 di vita.<\/span><\/p>\n<p><span style=\"font-size: 12pt;\">Per ci\u00f2 che riguarda la mia esperienza di compagno di vita di Vincenza consiglio vivamente di documentarsi e di non fermarsi alla prima soluzione data, di avere molta pazienza verso la persona che si ama, anche se \u00e8 stato duro in certi momenti non ho mai smesso di guardarla negli occhi e abbracciarla forte, pi\u00f9 di quanto avrei fatto in situazioni normali, e di crederla, perch\u00e9 purtroppo non \u00e8 immaginario quello che si vive con disturbi della tiroide come in realt\u00e0 ci hanno voluto far credere molti medici. Solo credendo insieme si possono superare le difficolt\u00e0. Inoltre questa mia esperienza indiretta mi ha insegnato tante cose: ampliare le conoscenze, essere pi\u00f9 forte, ma soprattutto ascoltare gli altri.<\/span><\/p>\n<p>&nbsp;<\/p>\n<p><a href=\"http:\/\/nogsteedshypo.nl\/wp-content\/uploads\/2015\/02\/foto-samen1.jpg\"><img loading=\"lazy\" decoding=\"async\" class=\"aligncenter wp-image-1507 size-medium\" src=\"http:\/\/nogsteedshypo.nl\/wp-content\/uploads\/2015\/02\/foto-samen1-130x300.jpg\" alt=\"foto samen\" width=\"130\" height=\"300\" srcset=\"https:\/\/nogsteedshypo.nl\/wp-content\/uploads\/2015\/02\/foto-samen1-130x300.jpg 130w, https:\/\/nogsteedshypo.nl\/wp-content\/uploads\/2015\/02\/foto-samen1.jpg 301w\" sizes=\"auto, (max-width: 130px) 100vw, 130px\" \/><\/a><\/p>\n<\/div><div id=\"post-footer-1505\" class=\"post-footer clear\"><\/div>","protected":false},"excerpt":{"rendered":"<p>Per sentire il punto di visto di un compagno di un paziente ipo, ecco la testimonianza di Michele,\u00a0 compagno di Vincenza. Da quando ho conosciuto la mia compagna ho iniziato a scoprire le problematiche legate alla tiroide e le rispettive&hellip; <a href=\"https:\/\/nogsteedshypo.nl\/testimonianza-compagno-di-vincenza\/\" title=\"Continue reading &laquo;Testimonianza di Michele, compagno di Vincenza&raquo;\" class=\"more-link\">Continue reading &laquo;Testimonianza di Michele, compagno di Vincenza&raquo;<\/a><\/p>\n","protected":false},"author":1,"featured_media":0,"parent":0,"menu_order":0,"comment_status":"closed","ping_status":"open","template":"","meta":{"footnotes":""},"class_list":["post-1505","page","type-page","status-publish","hentry"],"yoast_head":"<!-- This site is optimized with the Yoast SEO plugin v27.4 - https:\/\/yoast.com\/product\/yoast-seo-wordpress\/ -->\n<title>Testimonianza di Michele, compagno di Vincenza - Nog Steeds Hypo<\/title>\n<meta name=\"robots\" content=\"index, follow, max-snippet:-1, max-image-preview:large, max-video-preview:-1\" \/>\n<link rel=\"canonical\" href=\"https:\/\/nogsteedshypo.nl\/?page_id=1505\" \/>\n<meta property=\"og:locale\" content=\"it_IT\" \/>\n<meta property=\"og:type\" content=\"article\" \/>\n<meta property=\"og:title\" content=\"Testimonianza di Michele, compagno di Vincenza - Nog Steeds Hypo\" \/>\n<meta property=\"og:description\" content=\"Per sentire il punto di visto di un compagno di un paziente ipo, ecco la testimonianza di Michele,\u00a0 compagno di Vincenza. Da quando ho conosciuto la mia compagna ho iniziato a scoprire le problematiche legate alla tiroide e le rispettive&hellip; Continue reading &laquo;Testimonianza di Michele, compagno di Vincenza&raquo;\" \/>\n<meta property=\"og:url\" content=\"https:\/\/nogsteedshypo.nl\/?page_id=1505\" \/>\n<meta property=\"og:site_name\" content=\"Nog Steeds Hypo\" \/>\n<meta property=\"article:publisher\" content=\"https:\/\/www.facebook.com\/AncoraIpo\" \/>\n<meta property=\"article:modified_time\" content=\"2015-02-13T23:03:18+00:00\" \/>\n<meta property=\"og:image\" content=\"http:\/\/nogsteedshypo.nl\/wp-content\/uploads\/2015\/02\/foto-samen1-130x300.jpg\" \/>\n<meta name=\"twitter:label1\" content=\"Tempo di lettura stimato\" \/>\n\t<meta name=\"twitter:data1\" content=\"3 minuti\" \/>\n<script type=\"application\/ld+json\" class=\"yoast-schema-graph\">{\"@context\":\"https:\\\/\\\/schema.org\",\"@graph\":[{\"@type\":\"WebPage\",\"@id\":\"https:\\\/\\\/nogsteedshypo.nl\\\/?page_id=1505\",\"url\":\"https:\\\/\\\/nogsteedshypo.nl\\\/?page_id=1505\",\"name\":\"Testimonianza di Michele, compagno di Vincenza - Nog Steeds Hypo\",\"isPartOf\":{\"@id\":\"http:\\\/\\\/nogsteedshypo.nl\\\/#website\"},\"primaryImageOfPage\":{\"@id\":\"https:\\\/\\\/nogsteedshypo.nl\\\/?page_id=1505#primaryimage\"},\"image\":{\"@id\":\"https:\\\/\\\/nogsteedshypo.nl\\\/?page_id=1505#primaryimage\"},\"thumbnailUrl\":\"http:\\\/\\\/nogsteedshypo.nl\\\/wp-content\\\/uploads\\\/2015\\\/02\\\/foto-samen1-130x300.jpg\",\"datePublished\":\"2015-02-13T22:41:50+00:00\",\"dateModified\":\"2015-02-13T23:03:18+00:00\",\"breadcrumb\":{\"@id\":\"https:\\\/\\\/nogsteedshypo.nl\\\/?page_id=1505#breadcrumb\"},\"inLanguage\":\"it-IT\",\"potentialAction\":[{\"@type\":\"ReadAction\",\"target\":[\"https:\\\/\\\/nogsteedshypo.nl\\\/?page_id=1505\"]}]},{\"@type\":\"ImageObject\",\"inLanguage\":\"it-IT\",\"@id\":\"https:\\\/\\\/nogsteedshypo.nl\\\/?page_id=1505#primaryimage\",\"url\":\"https:\\\/\\\/nogsteedshypo.nl\\\/wp-content\\\/uploads\\\/2015\\\/02\\\/foto-samen1.jpg\",\"contentUrl\":\"https:\\\/\\\/nogsteedshypo.nl\\\/wp-content\\\/uploads\\\/2015\\\/02\\\/foto-samen1.jpg\",\"width\":301,\"height\":692},{\"@type\":\"BreadcrumbList\",\"@id\":\"https:\\\/\\\/nogsteedshypo.nl\\\/?page_id=1505#breadcrumb\",\"itemListElement\":[{\"@type\":\"ListItem\",\"position\":1,\"name\":\"Home\",\"item\":\"http:\\\/\\\/nogsteedshypo.nl\\\/\"},{\"@type\":\"ListItem\",\"position\":2,\"name\":\"Testimonianza di Michele, compagno di Vincenza\"}]},{\"@type\":\"WebSite\",\"@id\":\"http:\\\/\\\/nogsteedshypo.nl\\\/#website\",\"url\":\"http:\\\/\\\/nogsteedshypo.nl\\\/\",\"name\":\"Ancora ipo\",\"description\":\"Als de standaardmedicijnen niet werken\u2026\",\"publisher\":{\"@id\":\"http:\\\/\\\/nogsteedshypo.nl\\\/#organization\"},\"potentialAction\":[{\"@type\":\"SearchAction\",\"target\":{\"@type\":\"EntryPoint\",\"urlTemplate\":\"http:\\\/\\\/nogsteedshypo.nl\\\/?s={search_term_string}\"},\"query-input\":{\"@type\":\"PropertyValueSpecification\",\"valueRequired\":true,\"valueName\":\"search_term_string\"}}],\"inLanguage\":\"it-IT\"},{\"@type\":\"Organization\",\"@id\":\"http:\\\/\\\/nogsteedshypo.nl\\\/#organization\",\"name\":\"Ancora ipo\",\"url\":\"http:\\\/\\\/nogsteedshypo.nl\\\/\",\"logo\":{\"@type\":\"ImageObject\",\"inLanguage\":\"it-IT\",\"@id\":\"http:\\\/\\\/nogsteedshypo.nl\\\/#\\\/schema\\\/logo\\\/image\\\/\",\"url\":\"http:\\\/\\\/nogsteedshypo.nl\\\/wp-content\\\/uploads\\\/2013\\\/10\\\/cropped-cropped-cropped-kleinere-foto-gedownload-voor-header-site2-1.jpg\",\"contentUrl\":\"http:\\\/\\\/nogsteedshypo.nl\\\/wp-content\\\/uploads\\\/2013\\\/10\\\/cropped-cropped-cropped-kleinere-foto-gedownload-voor-header-site2-1.jpg\",\"width\":800,\"height\":380,\"caption\":\"Ancora ipo\"},\"image\":{\"@id\":\"http:\\\/\\\/nogsteedshypo.nl\\\/#\\\/schema\\\/logo\\\/image\\\/\"},\"sameAs\":[\"https:\\\/\\\/www.facebook.com\\\/AncoraIpo\"]}]}<\/script>\n<!-- \/ Yoast SEO plugin. -->","yoast_head_json":{"title":"Testimonianza di Michele, compagno di Vincenza - Nog Steeds Hypo","robots":{"index":"index","follow":"follow","max-snippet":"max-snippet:-1","max-image-preview":"max-image-preview:large","max-video-preview":"max-video-preview:-1"},"canonical":"https:\/\/nogsteedshypo.nl\/?page_id=1505","og_locale":"it_IT","og_type":"article","og_title":"Testimonianza di Michele, compagno di Vincenza - Nog Steeds Hypo","og_description":"Per sentire il punto di visto di un compagno di un paziente ipo, ecco la testimonianza di Michele,\u00a0 compagno di Vincenza. Da quando ho conosciuto la mia compagna ho iniziato a scoprire le problematiche legate alla tiroide e le rispettive&hellip; Continue reading &laquo;Testimonianza di Michele, compagno di Vincenza&raquo;","og_url":"https:\/\/nogsteedshypo.nl\/?page_id=1505","og_site_name":"Nog Steeds Hypo","article_publisher":"https:\/\/www.facebook.com\/AncoraIpo","article_modified_time":"2015-02-13T23:03:18+00:00","og_image":[{"url":"http:\/\/nogsteedshypo.nl\/wp-content\/uploads\/2015\/02\/foto-samen1-130x300.jpg","type":"","width":"","height":""}],"twitter_misc":{"Tempo di lettura stimato":"3 minuti"},"schema":{"@context":"https:\/\/schema.org","@graph":[{"@type":"WebPage","@id":"https:\/\/nogsteedshypo.nl\/?page_id=1505","url":"https:\/\/nogsteedshypo.nl\/?page_id=1505","name":"Testimonianza di Michele, compagno di Vincenza - Nog Steeds Hypo","isPartOf":{"@id":"http:\/\/nogsteedshypo.nl\/#website"},"primaryImageOfPage":{"@id":"https:\/\/nogsteedshypo.nl\/?page_id=1505#primaryimage"},"image":{"@id":"https:\/\/nogsteedshypo.nl\/?page_id=1505#primaryimage"},"thumbnailUrl":"http:\/\/nogsteedshypo.nl\/wp-content\/uploads\/2015\/02\/foto-samen1-130x300.jpg","datePublished":"2015-02-13T22:41:50+00:00","dateModified":"2015-02-13T23:03:18+00:00","breadcrumb":{"@id":"https:\/\/nogsteedshypo.nl\/?page_id=1505#breadcrumb"},"inLanguage":"it-IT","potentialAction":[{"@type":"ReadAction","target":["https:\/\/nogsteedshypo.nl\/?page_id=1505"]}]},{"@type":"ImageObject","inLanguage":"it-IT","@id":"https:\/\/nogsteedshypo.nl\/?page_id=1505#primaryimage","url":"https:\/\/nogsteedshypo.nl\/wp-content\/uploads\/2015\/02\/foto-samen1.jpg","contentUrl":"https:\/\/nogsteedshypo.nl\/wp-content\/uploads\/2015\/02\/foto-samen1.jpg","width":301,"height":692},{"@type":"BreadcrumbList","@id":"https:\/\/nogsteedshypo.nl\/?page_id=1505#breadcrumb","itemListElement":[{"@type":"ListItem","position":1,"name":"Home","item":"http:\/\/nogsteedshypo.nl\/"},{"@type":"ListItem","position":2,"name":"Testimonianza di Michele, compagno di Vincenza"}]},{"@type":"WebSite","@id":"http:\/\/nogsteedshypo.nl\/#website","url":"http:\/\/nogsteedshypo.nl\/","name":"Ancora ipo","description":"Als de standaardmedicijnen niet werken\u2026","publisher":{"@id":"http:\/\/nogsteedshypo.nl\/#organization"},"potentialAction":[{"@type":"SearchAction","target":{"@type":"EntryPoint","urlTemplate":"http:\/\/nogsteedshypo.nl\/?s={search_term_string}"},"query-input":{"@type":"PropertyValueSpecification","valueRequired":true,"valueName":"search_term_string"}}],"inLanguage":"it-IT"},{"@type":"Organization","@id":"http:\/\/nogsteedshypo.nl\/#organization","name":"Ancora ipo","url":"http:\/\/nogsteedshypo.nl\/","logo":{"@type":"ImageObject","inLanguage":"it-IT","@id":"http:\/\/nogsteedshypo.nl\/#\/schema\/logo\/image\/","url":"http:\/\/nogsteedshypo.nl\/wp-content\/uploads\/2013\/10\/cropped-cropped-cropped-kleinere-foto-gedownload-voor-header-site2-1.jpg","contentUrl":"http:\/\/nogsteedshypo.nl\/wp-content\/uploads\/2013\/10\/cropped-cropped-cropped-kleinere-foto-gedownload-voor-header-site2-1.jpg","width":800,"height":380,"caption":"Ancora ipo"},"image":{"@id":"http:\/\/nogsteedshypo.nl\/#\/schema\/logo\/image\/"},"sameAs":["https:\/\/www.facebook.com\/AncoraIpo"]}]}},"_links":{"self":[{"href":"https:\/\/nogsteedshypo.nl\/index.php?rest_route=\/wp\/v2\/pages\/1505","targetHints":{"allow":["GET"]}}],"collection":[{"href":"https:\/\/nogsteedshypo.nl\/index.php?rest_route=\/wp\/v2\/pages"}],"about":[{"href":"https:\/\/nogsteedshypo.nl\/index.php?rest_route=\/wp\/v2\/types\/page"}],"author":[{"embeddable":true,"href":"https:\/\/nogsteedshypo.nl\/index.php?rest_route=\/wp\/v2\/users\/1"}],"replies":[{"embeddable":true,"href":"https:\/\/nogsteedshypo.nl\/index.php?rest_route=%2Fwp%2Fv2%2Fcomments&post=1505"}],"version-history":[{"count":4,"href":"https:\/\/nogsteedshypo.nl\/index.php?rest_route=\/wp\/v2\/pages\/1505\/revisions"}],"predecessor-version":[{"id":1514,"href":"https:\/\/nogsteedshypo.nl\/index.php?rest_route=\/wp\/v2\/pages\/1505\/revisions\/1514"}],"wp:attachment":[{"href":"https:\/\/nogsteedshypo.nl\/index.php?rest_route=%2Fwp%2Fv2%2Fmedia&parent=1505"}],"curies":[{"name":"wp","href":"https:\/\/api.w.org\/{rel}","templated":true}]}}