{"id":1494,"date":"2015-02-09T21:29:21","date_gmt":"2015-02-09T21:29:21","guid":{"rendered":"http:\/\/nogsteedshypo.nl\/?page_id=1494"},"modified":"2015-02-13T23:00:22","modified_gmt":"2015-02-13T23:00:22","slug":"1494-2","status":"publish","type":"page","link":"https:\/\/nogsteedshypo.nl\/?page_id=1494","title":{"rendered":"Testimonianza di Vincenza (34 anni, paziente con la malattia di Hashimoto)"},"content":{"rendered":"<div id=\"post-entry-excerpt-1494\" class=\"entry-part\"><p><span style=\"font-size: 12pt;\">Mi chiamo Vincenza ho 34 anni e ho la tiroidite di Hashimoto diagnosticata solo di recente.<\/span> <span style=\"font-size: 12pt;\">Dico solo di recente perch\u00e9 per cinque anni e mezzo, ogni endocrinologo incontrato lungo la mia strada, mi dava una diagnosi differente, ma per tutti l&#8217;unica cosa da fare era assumere Eutirox!<br \/>\nIn questi anni le cose andavano sempre peggiorando ogni sintomo che avevo si amplificava stanchezza eccessiva, tensioni muscolari, pelle secchissima, capelli e unghie deboli, testa sempre ovattata come se fossi sulle nuvole, mentre camminavo avevo continui sbandamenti, aumento di peso ingiustificato, non dormivo bene e al risveglio ero sempre pi\u00f9 distrutta. Man man stavo sempre pi\u00f9 male fino a quando inizia ad avere forti tachicardie, insonnia sempre pi\u00f9 grave, ansia fino ad arrivare ad avere fortissimi attacchi di panico, mai avuti nella mia vita, che mi costringevano ad andare quasi tutti i giorni in ospedale.<\/span> <span style=\"font-size: 12pt;\">Avevo perso il controllo della mia vita! Non potevo fare piu&#8217; nulla, lasciai anche il lavoro, non riuscivo ad uscire di casa, ogni cosa anche la pi\u00f9 semplice era diventata per me impossibile, ma tutti gli endocrinologi consultati mi dicevano che i valori erano nel range e che non era assolutamente la tiroide a farmi stare cos\u00ec. Quando domandavo loro, se per caso non fosse stato l&#8217;eutirox a farmi stare male, mi sono sempre sentita rispondere che ero un p\u00f2 ansiosa e che il farmaco non c&#8217;entrava nulla.<\/span><br \/>\n<span style=\"font-size: 12pt;\">Consultai ogni specialista dall&#8217;otorinolaringoiatria per via degli sbandamenti, il cardiolo, il neurologo etc..etc.. Nell&#8217;ultimo anno ho girato un p\u00f2 tutta l&#8217;Italia per consultarne tanti, spendendo tantissimi soldi, ma nessuno sapeva dirmi cosa avevo. Non sapevo pi\u00f9 cosa fare. Mi fu consigliato di andare in un grande centro in Toscana dove avrei potuto trovare la soluzione a tutti i miei problemi. <\/span><span style=\"font-size: 12pt;\">L\u00ec per assurdo non solo non fui creduta quando raccontai i miei sintomi e come stavo male, ed era ben visibile il mio malessere, l&#8217;endocrinologo mi chiese se facevo uso di droghe, perch\u00e9 non era assolutamente possibile che avevo tutto questo. La tiroide andava bene e l&#8217;Eutirox funzionava benissimo perch\u00e9 le analisi lo dimostravano, non lo dimenticher\u00f2 mai! Ero distrutta e depressa, ma una parte di me, quella che sono sempre stata, mi diceva che non era cos\u00ec! Doveva esserci una soluzione a quell&#8217;incubo che vivevo.<\/span> <span style=\"font-size: 12pt;\">Incominciai a studiare a fare ogni tipo di ricerca.. scoprii il sito ANCORA IPO! Lessi e rilessi non potevo crederci.. NON ERO PIU&#8217; SOLA! ESISTEVA UN&#8217;ALTERNATIVA! Che nessun medico mi aveva mai indicato. <\/span><span style=\"font-size: 12pt;\">Nel frattempo capii documentandomi, perch\u00e9 anche in questo nessun endrocrinologo conosciuto mi aveva mai detto, che dovevo modificare anche la mia dieta eliminando molte cose come glutine, zucchero raffinato, latte e derivati&#8230; Da subito notai la differenza; avevo meno stanchezza, mi sentivo meglio e poi arriv\u00f2 il giorno in cui iniziai con la secca! Adesso sono tre mesi e mezzo che prendo Armour Thyroid e da subito ho notato la differenza rispetto all&#8217;Eutirox, la secca non mi fa&#8217; venire la tachicardia! La mia vita \u00e8 cambiata o meglio ho ripreso a vivere una vita normale! Niente pi\u00f9 insonnia, sto perdendo peso, sgonfiandomi dalla ritenzione idrica, il mio volto ha una luce diversa, il mio sguardo e&#8217; ritornato ad essere &#8220;presente&#8221; come una volta, non ho pi\u00f9 forti tensioni muscolari&#8230;l&#8217;ansia e gli attacchi di panico? Non so pi\u00f9 cosa significano!! Ho pi\u00f9 energia! Sono tre mesi che mi sono trasferita all&#8217;estero per lavoro ho affrontato diversi traslochi, cammino tantissimo a piedi per spostarmi e ogni giorno dico a me stessa \u201ccaspita non avrei mai potuto fare tutto quello che faccio adesso se avessi continuato a prendere l&#8217;Eutirox\u201d e se non sono io a dirlo a me stessa e il mio compagno a farmelo notare! Ho ripreso a sorridere! Ovviamente non dimentico mai di associare sempre la giusta alimentazione! Sono solo all&#8217;inizio e so che andr\u00e0 sempre meglio!<\/span><br \/>\n<span style=\"font-size: 12pt;\">Non smetter\u00f2 mai di ringraziare Renate Hoornstra, per aver creato il sito Ancora Ipo cos\u00ec facendo mi ha dato la possibilit\u00e0 di capire che potevo stare di nuovo bene, e il dott.Polimeni che mi segue, il quale \u00e8 stato il primo medico dopo tanti anni ad ascoltarmi e a chiedermi prima di guardare gli esami che sintomi avevo e come mi sentivo! Senza giudicarmi.<\/span><\/p>\n<p>&nbsp;<\/p>\n<p>Queste sono due foto di me. La prima \u00e8 stata fatta a fine agosto 2014, stavo male, non riuscivo nemmeno a ridere. La seconda a fine novembre 2014 con 1 mese di secca.<\/p>\n<p><a href=\"http:\/\/nogsteedshypo.nl\/wp-content\/uploads\/2015\/02\/foto-voor-ritagliata.jpg\"><img loading=\"lazy\" decoding=\"async\" class=\"alignleft size-medium wp-image-1495\" src=\"http:\/\/nogsteedshypo.nl\/wp-content\/uploads\/2015\/02\/foto-voor-ritagliata-226x300.jpg\" alt=\"foto voor ritagliata\" width=\"226\" height=\"300\" srcset=\"https:\/\/nogsteedshypo.nl\/wp-content\/uploads\/2015\/02\/foto-voor-ritagliata-226x300.jpg 226w, https:\/\/nogsteedshypo.nl\/wp-content\/uploads\/2015\/02\/foto-voor-ritagliata-772x1024.jpg 772w, https:\/\/nogsteedshypo.nl\/wp-content\/uploads\/2015\/02\/foto-voor-ritagliata.jpg 1421w\" sizes=\"auto, (max-width: 226px) 100vw, 226px\" \/><\/a><a href=\"http:\/\/nogsteedshypo.nl\/wp-content\/uploads\/2015\/02\/Foto-na-ritagliata.jpg\"><img loading=\"lazy\" decoding=\"async\" class=\" size-medium wp-image-1496 alignleft\" src=\"http:\/\/nogsteedshypo.nl\/wp-content\/uploads\/2015\/02\/Foto-na-ritagliata-191x300.jpg\" alt=\"Foto na ritagliata\" width=\"191\" height=\"300\" srcset=\"https:\/\/nogsteedshypo.nl\/wp-content\/uploads\/2015\/02\/Foto-na-ritagliata-191x300.jpg 191w, https:\/\/nogsteedshypo.nl\/wp-content\/uploads\/2015\/02\/Foto-na-ritagliata-652x1024.jpg 652w, https:\/\/nogsteedshypo.nl\/wp-content\/uploads\/2015\/02\/Foto-na-ritagliata.jpg 1634w\" sizes=\"auto, (max-width: 191px) 100vw, 191px\" \/><\/a><\/p>\n<p>&nbsp;<\/p>\n<p>&nbsp;<\/p>\n<p>&nbsp;<\/p>\n<p><span style=\"font-size: 12pt;\">\u00a0<\/span><\/p>\n<p>&nbsp;<\/p>\n<p>&nbsp;<\/p>\n<p>&nbsp;<\/p>\n<p>&nbsp;<\/p>\n<p>Leggete anche <a href=\"http:\/\/nogsteedshypo.nl\/?page_id=1505\" target=\"_blank\">la testimonianza di Michele, il compagno di Vincenza. <\/a><\/p>\n<\/div><div id=\"post-footer-1494\" class=\"post-footer clear\"><\/div>","protected":false},"excerpt":{"rendered":"<p>Mi chiamo Vincenza ho 34 anni e ho la tiroidite di Hashimoto diagnosticata solo di recente. Dico solo di recente perch\u00e9 per cinque anni e mezzo, ogni endocrinologo incontrato lungo la mia strada, mi dava una diagnosi differente, ma per&hellip; <a href=\"https:\/\/nogsteedshypo.nl\/1494-2\/\" title=\"Continue reading &laquo;Testimonianza di Vincenza (34 anni, paziente con la malattia di Hashimoto)&raquo;\" class=\"more-link\">Continue reading &laquo;Testimonianza di Vincenza (34 anni, paziente con la malattia di Hashimoto)&raquo;<\/a><\/p>\n","protected":false},"author":1,"featured_media":0,"parent":0,"menu_order":0,"comment_status":"closed","ping_status":"open","template":"","meta":{"footnotes":""},"class_list":["post-1494","page","type-page","status-publish","hentry"],"yoast_head":"<!-- This site is optimized with the Yoast SEO plugin v27.4 - https:\/\/yoast.com\/product\/yoast-seo-wordpress\/ -->\n<title>Testimonianza di Vincenza (34 anni, paziente con la malattia di Hashimoto) - Nog Steeds Hypo<\/title>\n<meta name=\"robots\" content=\"index, follow, max-snippet:-1, max-image-preview:large, max-video-preview:-1\" \/>\n<link rel=\"canonical\" href=\"https:\/\/nogsteedshypo.nl\/?page_id=1494\" \/>\n<meta property=\"og:locale\" content=\"it_IT\" \/>\n<meta property=\"og:type\" content=\"article\" \/>\n<meta property=\"og:title\" content=\"Testimonianza di Vincenza (34 anni, paziente con la malattia di Hashimoto) - Nog Steeds Hypo\" \/>\n<meta property=\"og:description\" content=\"Mi chiamo Vincenza ho 34 anni e ho la tiroidite di Hashimoto diagnosticata solo di recente. Dico solo di recente perch\u00e9 per cinque anni e mezzo, ogni endocrinologo incontrato lungo la mia strada, mi dava una diagnosi differente, ma per&hellip; Continue reading &laquo;Testimonianza di Vincenza (34 anni, paziente con la malattia di Hashimoto)&raquo;\" \/>\n<meta property=\"og:url\" content=\"https:\/\/nogsteedshypo.nl\/?page_id=1494\" \/>\n<meta property=\"og:site_name\" content=\"Nog Steeds Hypo\" \/>\n<meta property=\"article:publisher\" content=\"https:\/\/www.facebook.com\/AncoraIpo\" \/>\n<meta property=\"article:modified_time\" content=\"2015-02-13T23:00:22+00:00\" \/>\n<meta property=\"og:image\" content=\"http:\/\/nogsteedshypo.nl\/wp-content\/uploads\/2015\/02\/foto-voor-ritagliata-226x300.jpg\" \/>\n<meta name=\"twitter:label1\" content=\"Tempo di lettura stimato\" \/>\n\t<meta name=\"twitter:data1\" content=\"4 minuti\" \/>\n<script type=\"application\/ld+json\" class=\"yoast-schema-graph\">{\"@context\":\"https:\\\/\\\/schema.org\",\"@graph\":[{\"@type\":\"WebPage\",\"@id\":\"https:\\\/\\\/nogsteedshypo.nl\\\/?page_id=1494\",\"url\":\"https:\\\/\\\/nogsteedshypo.nl\\\/?page_id=1494\",\"name\":\"Testimonianza di Vincenza (34 anni, paziente con la malattia di Hashimoto) - Nog Steeds Hypo\",\"isPartOf\":{\"@id\":\"http:\\\/\\\/nogsteedshypo.nl\\\/#website\"},\"primaryImageOfPage\":{\"@id\":\"https:\\\/\\\/nogsteedshypo.nl\\\/?page_id=1494#primaryimage\"},\"image\":{\"@id\":\"https:\\\/\\\/nogsteedshypo.nl\\\/?page_id=1494#primaryimage\"},\"thumbnailUrl\":\"http:\\\/\\\/nogsteedshypo.nl\\\/wp-content\\\/uploads\\\/2015\\\/02\\\/foto-voor-ritagliata-226x300.jpg\",\"datePublished\":\"2015-02-09T21:29:21+00:00\",\"dateModified\":\"2015-02-13T23:00:22+00:00\",\"breadcrumb\":{\"@id\":\"https:\\\/\\\/nogsteedshypo.nl\\\/?page_id=1494#breadcrumb\"},\"inLanguage\":\"it-IT\",\"potentialAction\":[{\"@type\":\"ReadAction\",\"target\":[\"https:\\\/\\\/nogsteedshypo.nl\\\/?page_id=1494\"]}]},{\"@type\":\"ImageObject\",\"inLanguage\":\"it-IT\",\"@id\":\"https:\\\/\\\/nogsteedshypo.nl\\\/?page_id=1494#primaryimage\",\"url\":\"https:\\\/\\\/nogsteedshypo.nl\\\/wp-content\\\/uploads\\\/2015\\\/02\\\/foto-voor-ritagliata.jpg\",\"contentUrl\":\"https:\\\/\\\/nogsteedshypo.nl\\\/wp-content\\\/uploads\\\/2015\\\/02\\\/foto-voor-ritagliata.jpg\",\"width\":1421,\"height\":1884},{\"@type\":\"BreadcrumbList\",\"@id\":\"https:\\\/\\\/nogsteedshypo.nl\\\/?page_id=1494#breadcrumb\",\"itemListElement\":[{\"@type\":\"ListItem\",\"position\":1,\"name\":\"Home\",\"item\":\"http:\\\/\\\/nogsteedshypo.nl\\\/\"},{\"@type\":\"ListItem\",\"position\":2,\"name\":\"Testimonianza di Vincenza (34 anni, paziente con la malattia di Hashimoto)\"}]},{\"@type\":\"WebSite\",\"@id\":\"http:\\\/\\\/nogsteedshypo.nl\\\/#website\",\"url\":\"http:\\\/\\\/nogsteedshypo.nl\\\/\",\"name\":\"Ancora ipo\",\"description\":\"Als de standaardmedicijnen niet werken\u2026\",\"publisher\":{\"@id\":\"http:\\\/\\\/nogsteedshypo.nl\\\/#organization\"},\"potentialAction\":[{\"@type\":\"SearchAction\",\"target\":{\"@type\":\"EntryPoint\",\"urlTemplate\":\"http:\\\/\\\/nogsteedshypo.nl\\\/?s={search_term_string}\"},\"query-input\":{\"@type\":\"PropertyValueSpecification\",\"valueRequired\":true,\"valueName\":\"search_term_string\"}}],\"inLanguage\":\"it-IT\"},{\"@type\":\"Organization\",\"@id\":\"http:\\\/\\\/nogsteedshypo.nl\\\/#organization\",\"name\":\"Ancora ipo\",\"url\":\"http:\\\/\\\/nogsteedshypo.nl\\\/\",\"logo\":{\"@type\":\"ImageObject\",\"inLanguage\":\"it-IT\",\"@id\":\"http:\\\/\\\/nogsteedshypo.nl\\\/#\\\/schema\\\/logo\\\/image\\\/\",\"url\":\"http:\\\/\\\/nogsteedshypo.nl\\\/wp-content\\\/uploads\\\/2013\\\/10\\\/cropped-cropped-cropped-kleinere-foto-gedownload-voor-header-site2-1.jpg\",\"contentUrl\":\"http:\\\/\\\/nogsteedshypo.nl\\\/wp-content\\\/uploads\\\/2013\\\/10\\\/cropped-cropped-cropped-kleinere-foto-gedownload-voor-header-site2-1.jpg\",\"width\":800,\"height\":380,\"caption\":\"Ancora ipo\"},\"image\":{\"@id\":\"http:\\\/\\\/nogsteedshypo.nl\\\/#\\\/schema\\\/logo\\\/image\\\/\"},\"sameAs\":[\"https:\\\/\\\/www.facebook.com\\\/AncoraIpo\"]}]}<\/script>\n<!-- \/ Yoast SEO plugin. -->","yoast_head_json":{"title":"Testimonianza di Vincenza (34 anni, paziente con la malattia di Hashimoto) - Nog Steeds Hypo","robots":{"index":"index","follow":"follow","max-snippet":"max-snippet:-1","max-image-preview":"max-image-preview:large","max-video-preview":"max-video-preview:-1"},"canonical":"https:\/\/nogsteedshypo.nl\/?page_id=1494","og_locale":"it_IT","og_type":"article","og_title":"Testimonianza di Vincenza (34 anni, paziente con la malattia di Hashimoto) - Nog Steeds Hypo","og_description":"Mi chiamo Vincenza ho 34 anni e ho la tiroidite di Hashimoto diagnosticata solo di recente. Dico solo di recente perch\u00e9 per cinque anni e mezzo, ogni endocrinologo incontrato lungo la mia strada, mi dava una diagnosi differente, ma per&hellip; Continue reading &laquo;Testimonianza di Vincenza (34 anni, paziente con la malattia di Hashimoto)&raquo;","og_url":"https:\/\/nogsteedshypo.nl\/?page_id=1494","og_site_name":"Nog Steeds Hypo","article_publisher":"https:\/\/www.facebook.com\/AncoraIpo","article_modified_time":"2015-02-13T23:00:22+00:00","og_image":[{"url":"http:\/\/nogsteedshypo.nl\/wp-content\/uploads\/2015\/02\/foto-voor-ritagliata-226x300.jpg","type":"","width":"","height":""}],"twitter_misc":{"Tempo di lettura stimato":"4 minuti"},"schema":{"@context":"https:\/\/schema.org","@graph":[{"@type":"WebPage","@id":"https:\/\/nogsteedshypo.nl\/?page_id=1494","url":"https:\/\/nogsteedshypo.nl\/?page_id=1494","name":"Testimonianza di Vincenza (34 anni, paziente con la malattia di Hashimoto) - Nog Steeds Hypo","isPartOf":{"@id":"http:\/\/nogsteedshypo.nl\/#website"},"primaryImageOfPage":{"@id":"https:\/\/nogsteedshypo.nl\/?page_id=1494#primaryimage"},"image":{"@id":"https:\/\/nogsteedshypo.nl\/?page_id=1494#primaryimage"},"thumbnailUrl":"http:\/\/nogsteedshypo.nl\/wp-content\/uploads\/2015\/02\/foto-voor-ritagliata-226x300.jpg","datePublished":"2015-02-09T21:29:21+00:00","dateModified":"2015-02-13T23:00:22+00:00","breadcrumb":{"@id":"https:\/\/nogsteedshypo.nl\/?page_id=1494#breadcrumb"},"inLanguage":"it-IT","potentialAction":[{"@type":"ReadAction","target":["https:\/\/nogsteedshypo.nl\/?page_id=1494"]}]},{"@type":"ImageObject","inLanguage":"it-IT","@id":"https:\/\/nogsteedshypo.nl\/?page_id=1494#primaryimage","url":"https:\/\/nogsteedshypo.nl\/wp-content\/uploads\/2015\/02\/foto-voor-ritagliata.jpg","contentUrl":"https:\/\/nogsteedshypo.nl\/wp-content\/uploads\/2015\/02\/foto-voor-ritagliata.jpg","width":1421,"height":1884},{"@type":"BreadcrumbList","@id":"https:\/\/nogsteedshypo.nl\/?page_id=1494#breadcrumb","itemListElement":[{"@type":"ListItem","position":1,"name":"Home","item":"http:\/\/nogsteedshypo.nl\/"},{"@type":"ListItem","position":2,"name":"Testimonianza di Vincenza (34 anni, paziente con la malattia di Hashimoto)"}]},{"@type":"WebSite","@id":"http:\/\/nogsteedshypo.nl\/#website","url":"http:\/\/nogsteedshypo.nl\/","name":"Ancora ipo","description":"Als de standaardmedicijnen niet werken\u2026","publisher":{"@id":"http:\/\/nogsteedshypo.nl\/#organization"},"potentialAction":[{"@type":"SearchAction","target":{"@type":"EntryPoint","urlTemplate":"http:\/\/nogsteedshypo.nl\/?s={search_term_string}"},"query-input":{"@type":"PropertyValueSpecification","valueRequired":true,"valueName":"search_term_string"}}],"inLanguage":"it-IT"},{"@type":"Organization","@id":"http:\/\/nogsteedshypo.nl\/#organization","name":"Ancora ipo","url":"http:\/\/nogsteedshypo.nl\/","logo":{"@type":"ImageObject","inLanguage":"it-IT","@id":"http:\/\/nogsteedshypo.nl\/#\/schema\/logo\/image\/","url":"http:\/\/nogsteedshypo.nl\/wp-content\/uploads\/2013\/10\/cropped-cropped-cropped-kleinere-foto-gedownload-voor-header-site2-1.jpg","contentUrl":"http:\/\/nogsteedshypo.nl\/wp-content\/uploads\/2013\/10\/cropped-cropped-cropped-kleinere-foto-gedownload-voor-header-site2-1.jpg","width":800,"height":380,"caption":"Ancora ipo"},"image":{"@id":"http:\/\/nogsteedshypo.nl\/#\/schema\/logo\/image\/"},"sameAs":["https:\/\/www.facebook.com\/AncoraIpo"]}]}},"_links":{"self":[{"href":"https:\/\/nogsteedshypo.nl\/index.php?rest_route=\/wp\/v2\/pages\/1494","targetHints":{"allow":["GET"]}}],"collection":[{"href":"https:\/\/nogsteedshypo.nl\/index.php?rest_route=\/wp\/v2\/pages"}],"about":[{"href":"https:\/\/nogsteedshypo.nl\/index.php?rest_route=\/wp\/v2\/types\/page"}],"author":[{"embeddable":true,"href":"https:\/\/nogsteedshypo.nl\/index.php?rest_route=\/wp\/v2\/users\/1"}],"replies":[{"embeddable":true,"href":"https:\/\/nogsteedshypo.nl\/index.php?rest_route=%2Fwp%2Fv2%2Fcomments&post=1494"}],"version-history":[{"count":8,"href":"https:\/\/nogsteedshypo.nl\/index.php?rest_route=\/wp\/v2\/pages\/1494\/revisions"}],"predecessor-version":[{"id":1512,"href":"https:\/\/nogsteedshypo.nl\/index.php?rest_route=\/wp\/v2\/pages\/1494\/revisions\/1512"}],"wp:attachment":[{"href":"https:\/\/nogsteedshypo.nl\/index.php?rest_route=%2Fwp%2Fv2%2Fmedia&parent=1494"}],"curies":[{"name":"wp","href":"https:\/\/api.w.org\/{rel}","templated":true}]}}