{"id":1475,"date":"2014-12-29T15:14:59","date_gmt":"2014-12-29T15:14:59","guid":{"rendered":"http:\/\/nogsteedshypo.nl\/?page_id=1475"},"modified":"2014-12-29T15:45:20","modified_gmt":"2014-12-29T15:45:20","slug":"testimonianza-di-elena-36-anni-paziente-con-la-malattia-di-hashimoto","status":"publish","type":"page","link":"https:\/\/nogsteedshypo.nl\/?page_id=1475","title":{"rendered":"Testimonianza di Elena, 36 anni, paziente che soffre di ipotiroidismo"},"content":{"rendered":"<div id=\"post-entry-excerpt-1475\" class=\"entry-part\"><p><span style=\"font-size: 12pt;\">Dopo un anno di intensi cambiamenti credo di poter finalmente tirare qualche somma e raccontarvi la mia esperienza.<\/span><\/p>\n<p><span style=\"font-size: 12pt;\">Circa 11 anni fa mi viene diagnosticato l\u2019ipotiroidismo. La causa scatenante credo sia stato il radicale cambio di stile di vita passando dall\u2019universit\u00e0 al mondo del lavoro nel giro di 2 mesi.<\/span><\/p>\n<p><span style=\"font-size: 12pt;\">Da ragazza assolutamente normale con vita ed abitudini regolari, che si alimentava in maniera normale mangiando qualsiasi cosa e senza mai aver avuto problemi di peso, mi sono ritrovata in meno di un anno ad aver preso 12kg, accusando stanchezza e sonnolenza continua. Nei momenti peggiori ho addirittura pensato di essere diventata asmatica perch\u00e9 il solo camminare per brevi tratti in salita o salire le scale mi causava un affanno indicibile ed assolutamente anormale per una ragazza di soli 25 anni senza nessun tipo di patologia. Inutile dirvi che vedevo il mondo ricoperto da una patina nera ed anche le mie relazioni personali ne risentivano enormemente.<\/span><\/p>\n<p><span style=\"font-size: 12pt;\"> I 3 medici (tre!) che mi visitarono in questi primi anni di ipo concordarono tutti nel dirmi che la mia malattia era irreversibile e che l\u2019unica cura era prendere l\u2019Eutirox.<br \/>\n<\/span><br \/>\n<span style=\"font-size: 12pt;\"> Essendo all\u2019epoca piuttosto giovane l\u2019idea di prendere un medicinale a vita, e sapere che questo medicinale avrebbe praticamente atrofizzato uno dei miei organi, non mi piaceva affatto. Da l\u00ec la decisione di non assumere Eutirox e tentare autonomamente di dimagrire e migliorare la mia salute.<\/span><br \/>\n<span style=\"font-size: 12pt;\"><br \/>\nDopo 2 anni e mezzo il cambiamento arriva: cambio lavoro e nazione. Da sedentaria passo a camminare non meno di 1,30h al giorno ed involontariamente cambio anche l\u2019alimentazione: non mangio pi\u00f9 pasta e aumento invece il consumo di carne\/pesce\/verdura. In 6 mesi perdo 12kg senza neanche rendermene conto. I valori del TSH (in genere intorno a 6) scendono a 4. E fino a qui non assumo nessun medicinale, non vado in palestra e non sto a dieta.<\/span><br \/>\n<span style=\"font-size: 12pt;\"><br \/>\nL\u2019idillio dura 3 anni poi mi viene offerto un lavoro in Italia e decido di ritornare. Mia madre, bench\u00e9 la mia salute non dia segni di cedimento, mi \u201ccostringe\u201d ad andare presso un noto centro in Toscana per effettuare una visita ed esami accurati sulla tiroide. Gli esami, a detta della Dottoressa che mi segue, \u201cnon evidenziano alcun tipo di problema quindi, se vuole, possiamo rivederci tra un anno\u201d. Inutile dire che dopo un anno le mie preoccupazioni sono diventate altre e non sono mai pi\u00f9 tornata in quell\u2019ospedale.<br \/>\n<\/span><br \/>\n<span style=\"font-size: 12pt;\"> Dal momento del mio ritorno cambia nuovamente il mio stile di vita ridiventando sedentario. La pasta fa di nuovo da padrone nella mia dieta e riduco drasticamente il consumo di carne, pesce e verdura per questioni di orario e di tempo. Fortunatamente il nuovo lavoro mi concede orari regolari e anche il livello di stress \u00e8 gestibile, tuttavia il mio peso lentamente riprende a salire fino a quando mi ritrovo ancora una volta addosso i famosi 12 kg che pensavo di essermi lasciata alle spalle.<\/span><br \/>\n<span style=\"font-size: 12pt;\"><br \/>\nAspetto fisico a parte la mia salute non sembra risentirne, accuso sonnolenza eccessiva solo dopo i pasti. In quei momenti restare sveglia anche sotto grossi carichi di lavoro \u00e8 quasi impossibile e non capisco perch\u00e9.<\/span><\/p>\n<p><span style=\"font-size: 12pt;\"> Nel settembre del 2013 decido di rivolgermi ad un dietologo che basandosi sul mio stile di vita, o per meglio dire sul mio livello di sedentariet\u00e0, e sulle mie analisi (generiche) mi fornisce una dieta che prevede un consumo di 1500\/1600kcl circa al giorno. Dal momento in cui inizio questa dieta comincio a pensare di poter impazzire: la fame \u00e8 l\u2019unico pensiero dal momento in cui mi sveglio fino a quando vado a dormire, ma essendomi prefissata degli obiettivi cerco di resistere. A novembre dello stesso anno incontro per la prima volta il Dott. Colosi che \u00e8 un ginecologo. Nel corso della visita il Colosi riprende in mano le analisi da me fatte 2 anni prima nel rinomato centro toscano e mi chiede quale tipo di alimentazione io stia seguendo per dimagrire e per l\u2019insulinemia. In un primo momento non capisco, poi il dottore mi mostra le vecchie analisi evidenziandomi il fatto che la mia curva da carico di glucosio <span style=\"text-decoration: underline;\">\u00e8 completamente sballata<\/span> e che da tempo dovrei seguire un tipo di alimentazione adatta sia per questo tipo di problema che per la tiroide.<\/span><\/p>\n<p><span style=\"font-size: 12pt;\"> Sono a dir poco sbalordita. Nessuno fino a quel momento mi aveva mai detto che ero alle soglie del diabete. Ma la sorpresa reale comincia dopo che il Dott. Colosi* mi parla dell\u2019alimentazione paleo e mi indirizza verso il collega Andrea Luchi**. La dieta paleo infatti include tutti quegli alimenti tassativamente proibiti da qualsiasi dietologo. Con una grossa dose di scetticismo inizio questo nuovo percorso.<\/span><\/p>\n<p><span style=\"font-size: 12pt;\"> In 10 mesi perdo circa 9 kg, la sonnolenza dopo i pasti scompare, il colesterolo e i trigliceridi si abbassano drasticamente e sprizzo energia da tutti i pori. Solo la tiroide continua a dare segni di squilibrio saltando da un valore all\u2019altro ed arrivando ad un picco di 8 TSH.<\/span><\/p>\n<p><span style=\"font-size: 12pt;\"> Non so come, ma sospetto attraverso i gruppi visitati dal Dott. Luchi, scopro il gruppo \u201cAncora Ipo\u201d. Passo i primi mesi a leggere storie come la mia, con dettagli diversi o molto simili ma un denominatore comune: qualcuno non ci ha curato o lo ha fatto molto male!<\/span><\/p>\n<p><span style=\"font-size: 12pt;\"> Il passo successivo \u00e8 scegliere da chi farmi visitare perch\u00e9 dopo qualche mese nel gruppo mi \u00e8 chiaro che la tiroide secca e la terapia compensativa sembrano essere la risposta al mio problema.<\/span><\/p>\n<p><span style=\"font-size: 12pt;\"> Scelgo il Dott. Vergini che mi prescrive Nature Thyroid, la tiroide secca americana. Non so da dove cominciare l\u2019elenco dei cambiamenti, <strong>tutti a risvolto positivo<\/strong>!<\/span><\/p>\n<ul>\n<li><span style=\"font-size: 12pt;\">Inizio immediatamente a sgonfiarmi: nonostante il dimagrimento mani, piedi e addome erano gonfi. Ho dovuto cambiare posto alla fede che ormai mi cade dalla mano se non tengo le dita serrate.<\/span><\/li>\n<li><span style=\"font-size: 12pt;\">I dolori mestruali, che ho avuto per tutta la mia vita, che mi riducevano in lacrime, a casa in malattia e che mi hanno portato ad un operazione 12 anni fa SONO COMPLETAMENTE SCOMPARSI. Il ciclo stesso da 5 giorni \u00e8 passato a 3. Percepisco fortemente l\u2019ovulazione che prima passava invece inosservata.<\/span><\/li>\n<li><span style=\"font-size: 12pt;\">Il mio intestino si \u00e8 regolarizzato.<\/span><\/li>\n<li><span style=\"font-size: 12pt;\">Non c\u2019\u00e8 un motivo preciso ma \u00e8 come se io abbia bevuto il siero del buon umore, e come ho scritto al Dott. Vergini, mi sento pervasa da un generale senso di benessere.<\/span><\/li>\n<li><span style=\"font-size: 12pt;\">Le mie ovaie, da sempre micro-policistiche, sono diventate multi follicolari ma questo credo sia merito anche della paleo, il Dott. Colosi me lo aveva anticipato all\u2019inizio del percorso.<\/span><\/li>\n<li><span style=\"font-size: 12pt;\">L\u2019energia ricevuta dalla paleo sembra aumentare ulteriormente, non dormo pi\u00f9 il pomeriggio, neanche nel fine settimana, e semplicemente perch\u00e9 non ho pi\u00f9 sonno.<\/span><\/li>\n<\/ul>\n<p><span style=\"font-size: 12pt;\">I cambiamenti\/miglioramenti non sono stati solo questi ma ho preferito elencare i pi\u00f9 eclatanti.<br \/>\n<\/span><br \/>\n<span style=\"font-size: 12pt;\"> Voglio chiudere questo testimonial ringraziando in ordine cronologico: il Dott. Colosi che per primo mi ha parlato della paleo, il Dott. Luchi che mi ha spiegato come nutrirmi per vivere in maniera sana, i fondatori del gruppo Ancora Ipo che mi hanno dato, insieme a tutti gli utenti, molta speranza e mi hanno fatto infine conoscere il Dott. Vergini che ha chiuso il cerchio di un percorso che oggi so essere quello giusto!<\/span><\/p>\n<p>&nbsp;<\/p>\n<p><span style=\"font-size: 12pt;\">* direttore del Centro di Medicina della Riproduzione della Asl di Grosseto<\/span><br \/>\n<span style=\"font-size: 12pt;\">**medico presso l\u2019Asl di Grosseto amministratore del gruppo FB <a href=\"https:\/\/www.facebook.com\/groups\/965862300097315\/\" target=\"_blank\"><span class=\"entity _4v1s\" data-icon=\"null\" data-select=\"group\" data-group=\"all\" data-fulltext=\"Tiroide\u00a0Approccio\u00a0Evolutivo\" data-text=\"Tiroide\u00a0Approccio\u00a0Evolutivo\" data-type=\"ent:group\" data-uid=\"965862300097315\" data-si=\"true\">Tiroide\u00a0Approccio\u00a0Evolutivo<\/span><\/a><br \/>\n<\/span><\/p>\n<\/div><div id=\"post-footer-1475\" class=\"post-footer clear\"><\/div>","protected":false},"excerpt":{"rendered":"<p>Dopo un anno di intensi cambiamenti credo di poter finalmente tirare qualche somma e raccontarvi la mia esperienza. Circa 11 anni fa mi viene diagnosticato l\u2019ipotiroidismo. La causa scatenante credo sia stato il radicale cambio di stile di vita passando&hellip; <a href=\"https:\/\/nogsteedshypo.nl\/testimonianza-di-elena-36-anni-paziente-con-la-malattia-di-hashimoto\/\" title=\"Continue reading &laquo;Testimonianza di Elena, 36 anni, paziente che soffre di ipotiroidismo &raquo;\" class=\"more-link\">Continue reading &laquo;Testimonianza di Elena, 36 anni, paziente che soffre di ipotiroidismo &raquo;<\/a><\/p>\n","protected":false},"author":1,"featured_media":0,"parent":0,"menu_order":0,"comment_status":"closed","ping_status":"open","template":"","meta":{"footnotes":""},"class_list":["post-1475","page","type-page","status-publish","hentry"],"yoast_head":"<!-- This site is optimized with the Yoast SEO plugin v27.4 - https:\/\/yoast.com\/product\/yoast-seo-wordpress\/ -->\n<title>Testimonianza di Elena, 36 anni, paziente che soffre di ipotiroidismo  - Nog Steeds Hypo<\/title>\n<meta name=\"robots\" content=\"index, follow, max-snippet:-1, max-image-preview:large, max-video-preview:-1\" \/>\n<link rel=\"canonical\" href=\"https:\/\/nogsteedshypo.nl\/?page_id=1475\" \/>\n<meta property=\"og:locale\" content=\"it_IT\" \/>\n<meta property=\"og:type\" content=\"article\" \/>\n<meta property=\"og:title\" content=\"Testimonianza di Elena, 36 anni, paziente che soffre di ipotiroidismo  - Nog Steeds Hypo\" \/>\n<meta property=\"og:description\" content=\"Dopo un anno di intensi cambiamenti credo di poter finalmente tirare qualche somma e raccontarvi la mia esperienza. Circa 11 anni fa mi viene diagnosticato l\u2019ipotiroidismo. La causa scatenante credo sia stato il radicale cambio di stile di vita passando&hellip; Continue reading &laquo;Testimonianza di Elena, 36 anni, paziente che soffre di ipotiroidismo &raquo;\" \/>\n<meta property=\"og:url\" content=\"https:\/\/nogsteedshypo.nl\/?page_id=1475\" \/>\n<meta property=\"og:site_name\" content=\"Nog Steeds Hypo\" \/>\n<meta property=\"article:publisher\" content=\"https:\/\/www.facebook.com\/AncoraIpo\" \/>\n<meta property=\"article:modified_time\" content=\"2014-12-29T15:45:20+00:00\" \/>\n<meta name=\"twitter:label1\" content=\"Tempo di lettura stimato\" \/>\n\t<meta name=\"twitter:data1\" content=\"6 minuti\" \/>\n<script type=\"application\/ld+json\" class=\"yoast-schema-graph\">{\"@context\":\"https:\\\/\\\/schema.org\",\"@graph\":[{\"@type\":\"WebPage\",\"@id\":\"https:\\\/\\\/nogsteedshypo.nl\\\/?page_id=1475\",\"url\":\"https:\\\/\\\/nogsteedshypo.nl\\\/?page_id=1475\",\"name\":\"Testimonianza di Elena, 36 anni, paziente che soffre di ipotiroidismo - Nog Steeds Hypo\",\"isPartOf\":{\"@id\":\"http:\\\/\\\/nogsteedshypo.nl\\\/#website\"},\"datePublished\":\"2014-12-29T15:14:59+00:00\",\"dateModified\":\"2014-12-29T15:45:20+00:00\",\"breadcrumb\":{\"@id\":\"https:\\\/\\\/nogsteedshypo.nl\\\/?page_id=1475#breadcrumb\"},\"inLanguage\":\"it-IT\",\"potentialAction\":[{\"@type\":\"ReadAction\",\"target\":[\"https:\\\/\\\/nogsteedshypo.nl\\\/?page_id=1475\"]}]},{\"@type\":\"BreadcrumbList\",\"@id\":\"https:\\\/\\\/nogsteedshypo.nl\\\/?page_id=1475#breadcrumb\",\"itemListElement\":[{\"@type\":\"ListItem\",\"position\":1,\"name\":\"Home\",\"item\":\"http:\\\/\\\/nogsteedshypo.nl\\\/\"},{\"@type\":\"ListItem\",\"position\":2,\"name\":\"Testimonianza di Elena, 36 anni, paziente che soffre di ipotiroidismo\"}]},{\"@type\":\"WebSite\",\"@id\":\"http:\\\/\\\/nogsteedshypo.nl\\\/#website\",\"url\":\"http:\\\/\\\/nogsteedshypo.nl\\\/\",\"name\":\"Ancora ipo\",\"description\":\"Als de standaardmedicijnen niet werken\u2026\",\"publisher\":{\"@id\":\"http:\\\/\\\/nogsteedshypo.nl\\\/#organization\"},\"potentialAction\":[{\"@type\":\"SearchAction\",\"target\":{\"@type\":\"EntryPoint\",\"urlTemplate\":\"http:\\\/\\\/nogsteedshypo.nl\\\/?s={search_term_string}\"},\"query-input\":{\"@type\":\"PropertyValueSpecification\",\"valueRequired\":true,\"valueName\":\"search_term_string\"}}],\"inLanguage\":\"it-IT\"},{\"@type\":\"Organization\",\"@id\":\"http:\\\/\\\/nogsteedshypo.nl\\\/#organization\",\"name\":\"Ancora ipo\",\"url\":\"http:\\\/\\\/nogsteedshypo.nl\\\/\",\"logo\":{\"@type\":\"ImageObject\",\"inLanguage\":\"it-IT\",\"@id\":\"http:\\\/\\\/nogsteedshypo.nl\\\/#\\\/schema\\\/logo\\\/image\\\/\",\"url\":\"http:\\\/\\\/nogsteedshypo.nl\\\/wp-content\\\/uploads\\\/2013\\\/10\\\/cropped-cropped-cropped-kleinere-foto-gedownload-voor-header-site2-1.jpg\",\"contentUrl\":\"http:\\\/\\\/nogsteedshypo.nl\\\/wp-content\\\/uploads\\\/2013\\\/10\\\/cropped-cropped-cropped-kleinere-foto-gedownload-voor-header-site2-1.jpg\",\"width\":800,\"height\":380,\"caption\":\"Ancora ipo\"},\"image\":{\"@id\":\"http:\\\/\\\/nogsteedshypo.nl\\\/#\\\/schema\\\/logo\\\/image\\\/\"},\"sameAs\":[\"https:\\\/\\\/www.facebook.com\\\/AncoraIpo\"]}]}<\/script>\n<!-- \/ Yoast SEO plugin. -->","yoast_head_json":{"title":"Testimonianza di Elena, 36 anni, paziente che soffre di ipotiroidismo  - Nog Steeds Hypo","robots":{"index":"index","follow":"follow","max-snippet":"max-snippet:-1","max-image-preview":"max-image-preview:large","max-video-preview":"max-video-preview:-1"},"canonical":"https:\/\/nogsteedshypo.nl\/?page_id=1475","og_locale":"it_IT","og_type":"article","og_title":"Testimonianza di Elena, 36 anni, paziente che soffre di ipotiroidismo  - Nog Steeds Hypo","og_description":"Dopo un anno di intensi cambiamenti credo di poter finalmente tirare qualche somma e raccontarvi la mia esperienza. Circa 11 anni fa mi viene diagnosticato l\u2019ipotiroidismo. La causa scatenante credo sia stato il radicale cambio di stile di vita passando&hellip; Continue reading &laquo;Testimonianza di Elena, 36 anni, paziente che soffre di ipotiroidismo &raquo;","og_url":"https:\/\/nogsteedshypo.nl\/?page_id=1475","og_site_name":"Nog Steeds Hypo","article_publisher":"https:\/\/www.facebook.com\/AncoraIpo","article_modified_time":"2014-12-29T15:45:20+00:00","twitter_misc":{"Tempo di lettura stimato":"6 minuti"},"schema":{"@context":"https:\/\/schema.org","@graph":[{"@type":"WebPage","@id":"https:\/\/nogsteedshypo.nl\/?page_id=1475","url":"https:\/\/nogsteedshypo.nl\/?page_id=1475","name":"Testimonianza di Elena, 36 anni, paziente che soffre di ipotiroidismo - Nog Steeds Hypo","isPartOf":{"@id":"http:\/\/nogsteedshypo.nl\/#website"},"datePublished":"2014-12-29T15:14:59+00:00","dateModified":"2014-12-29T15:45:20+00:00","breadcrumb":{"@id":"https:\/\/nogsteedshypo.nl\/?page_id=1475#breadcrumb"},"inLanguage":"it-IT","potentialAction":[{"@type":"ReadAction","target":["https:\/\/nogsteedshypo.nl\/?page_id=1475"]}]},{"@type":"BreadcrumbList","@id":"https:\/\/nogsteedshypo.nl\/?page_id=1475#breadcrumb","itemListElement":[{"@type":"ListItem","position":1,"name":"Home","item":"http:\/\/nogsteedshypo.nl\/"},{"@type":"ListItem","position":2,"name":"Testimonianza di Elena, 36 anni, paziente che soffre di ipotiroidismo"}]},{"@type":"WebSite","@id":"http:\/\/nogsteedshypo.nl\/#website","url":"http:\/\/nogsteedshypo.nl\/","name":"Ancora ipo","description":"Als de standaardmedicijnen niet werken\u2026","publisher":{"@id":"http:\/\/nogsteedshypo.nl\/#organization"},"potentialAction":[{"@type":"SearchAction","target":{"@type":"EntryPoint","urlTemplate":"http:\/\/nogsteedshypo.nl\/?s={search_term_string}"},"query-input":{"@type":"PropertyValueSpecification","valueRequired":true,"valueName":"search_term_string"}}],"inLanguage":"it-IT"},{"@type":"Organization","@id":"http:\/\/nogsteedshypo.nl\/#organization","name":"Ancora ipo","url":"http:\/\/nogsteedshypo.nl\/","logo":{"@type":"ImageObject","inLanguage":"it-IT","@id":"http:\/\/nogsteedshypo.nl\/#\/schema\/logo\/image\/","url":"http:\/\/nogsteedshypo.nl\/wp-content\/uploads\/2013\/10\/cropped-cropped-cropped-kleinere-foto-gedownload-voor-header-site2-1.jpg","contentUrl":"http:\/\/nogsteedshypo.nl\/wp-content\/uploads\/2013\/10\/cropped-cropped-cropped-kleinere-foto-gedownload-voor-header-site2-1.jpg","width":800,"height":380,"caption":"Ancora ipo"},"image":{"@id":"http:\/\/nogsteedshypo.nl\/#\/schema\/logo\/image\/"},"sameAs":["https:\/\/www.facebook.com\/AncoraIpo"]}]}},"_links":{"self":[{"href":"https:\/\/nogsteedshypo.nl\/index.php?rest_route=\/wp\/v2\/pages\/1475","targetHints":{"allow":["GET"]}}],"collection":[{"href":"https:\/\/nogsteedshypo.nl\/index.php?rest_route=\/wp\/v2\/pages"}],"about":[{"href":"https:\/\/nogsteedshypo.nl\/index.php?rest_route=\/wp\/v2\/types\/page"}],"author":[{"embeddable":true,"href":"https:\/\/nogsteedshypo.nl\/index.php?rest_route=\/wp\/v2\/users\/1"}],"replies":[{"embeddable":true,"href":"https:\/\/nogsteedshypo.nl\/index.php?rest_route=%2Fwp%2Fv2%2Fcomments&post=1475"}],"version-history":[{"count":6,"href":"https:\/\/nogsteedshypo.nl\/index.php?rest_route=\/wp\/v2\/pages\/1475\/revisions"}],"predecessor-version":[{"id":1483,"href":"https:\/\/nogsteedshypo.nl\/index.php?rest_route=\/wp\/v2\/pages\/1475\/revisions\/1483"}],"wp:attachment":[{"href":"https:\/\/nogsteedshypo.nl\/index.php?rest_route=%2Fwp%2Fv2%2Fmedia&parent=1475"}],"curies":[{"name":"wp","href":"https:\/\/api.w.org\/{rel}","templated":true}]}}