{"id":1452,"date":"2014-12-28T22:58:32","date_gmt":"2014-12-28T22:58:32","guid":{"rendered":"http:\/\/nogsteedshypo.nl\/?page_id=1452"},"modified":"2014-12-30T14:13:07","modified_gmt":"2014-12-30T14:13:07","slug":"testimonianza-dieta-vegana-tiziana-37-anni-paziente-con-la-malattia-di-hashimoto","status":"publish","type":"page","link":"https:\/\/nogsteedshypo.nl\/?page_id=1452","title":{"rendered":"Testimonianza di Tiziana (37 anni, paziente con la malattia di Hashimoto)"},"content":{"rendered":"<div id=\"post-entry-excerpt-1452\" class=\"entry-part\"><p><a href=\"http:\/\/nogsteedshypo.nl\/wp-content\/uploads\/2014\/12\/tiziana-testimonianza-vegana1.jpg\"><img loading=\"lazy\" decoding=\"async\" class=\"alignleft wp-image-1486 size-thumbnail\" style=\"margin: 3px 20px 0px 7px;\" src=\"http:\/\/nogsteedshypo.nl\/wp-content\/uploads\/2014\/12\/tiziana-testimonianza-vegana1-150x150.jpg\" alt=\"tiziana testimonianza vegana\" width=\"150\" height=\"150\" srcset=\"https:\/\/nogsteedshypo.nl\/wp-content\/uploads\/2014\/12\/tiziana-testimonianza-vegana1-150x150.jpg 150w, https:\/\/nogsteedshypo.nl\/wp-content\/uploads\/2014\/12\/tiziana-testimonianza-vegana1-230x230.jpg 230w, https:\/\/nogsteedshypo.nl\/wp-content\/uploads\/2014\/12\/tiziana-testimonianza-vegana1-80x80.jpg 80w\" sizes=\"auto, (max-width: 150px) 100vw, 150px\" \/><\/a><span style=\"font-size: 12pt;\">Mi chiamo Tiziana e ho 37 anni. Soffro di tiroidite cronica autoimmune e l\u2019ho scoperto casualmente nel 2009, quando avevo 32 anni. Nel febbraio del 2009 ebbi un aborto spontaneo, gravidanza iniziata male in quanto o era extrauterina o il feto non era riuscito a formarsi. Dopo questo aborto la mia ginecologa, nonostante mi aveva spiegato che sono episodi che succedono, mi chiese se volevo fare degli esami di controllo ed io acconsentii, tra questi mi prescrisse il Tsh, Ft3, Ft4 e gli anticorpi tiroidei. Quando ritirai le analisi avevo i tre valori (Tsh, Ft3, Ft4) nella norma, mentre gli anticorpi erano altissimi. Mi rivolsi alla mia dr.ssa di famiglia che mi prescrisse una visita ad endocrinologia e mi disse che era una tiroidite. La visita mi fu data un anno dopo circa ed io non pensai ad informare la mia dr.ssa per cui in questi mesi di attesa ero senza cura. Iniziai una dieta e per un po\u2019 dimagrii, poi, dopo pochi mesi, pur continuando la dieta iniziai ad ingrassare, ad essere nervosa, ad arrabbiarmi anche per delle sciocchezze e ad essere un po\u2019 pi\u00f9 stanca. Arriv\u00f2 la data della visita, avevo il Tsh un po\u2019 pi\u00f9 alto del valore massimo e gli anticorpi sempre molto alti. Alla prima visita mi \u00e8 stato detto che gli anticorpi non dovevo pi\u00f9 controllarli e iniziai la mia cura con eutirox, iniziai con 50 ed ora sono a 112,5. Il primo anno mi calibr\u00f2 la cura la mia dr.ssa di famiglia, visto che le visite di controllo in ospedale le danno dopo un anno.<\/span><\/p>\n<p><span style=\"font-size: 12pt;\"> Con l\u2019eutirox fermai l\u2019aumento del peso, non mi arrabbiavo pi\u00f9 per le sciocchezze, ma ero sempre stanca, avevo sbalzi di umore, la mattina facevo fatica ad alzarmi e se non dovevo andare a lavorare dormivo anche il pomeriggio, non avevo voglia di uscire, mi dava fastidio il sole, iniziai a perdere i capelli (per fortuna non a chiazze), ero gonfia in viso, gambe e mani, iniziai anche ad avere degli sfoghi sulla pelle e i dolori alle articolazioni. Durante un controllo parlai con un endocrinologo della mia difficolt\u00e0 a perdere peso nonostante non mangiassi molto e lui mi indirizz\u00f2 ad un altro reparto di endocrinologia e quando andai l\u00ec mi prescrissero tutta una serie di esami di controllo (elettrocardiogramma, cortisolo, vitamina D, ecografia addome, curva glicemica). Da questi esami risult\u00f2 che avevo una forte carenza di vitamina D e che ero insulino-resistente, per cui mi diedero l\u2019integratore per la vitamina D e mi prescrissero la metformina per l\u2019insulino-resistenza, farmaco che non ho voluto prendere in quanto avevo la glicemia sempre nei limiti, per cui avevo paura di andare in ipoglicemia.<\/span><\/p>\n<p><span style=\"font-size: 12pt;\"> Poi poco pi\u00f9 di un anno fa, nell\u2019ottobre del 2013, per problemi di salute di mio marito, la nostra dr.ssa di famiglia gli consigli\u00f2 di eliminare le proteine animali (carne e pesce), poi lui essendo intollerante al latte elimin\u00f2 anche quello, le uova e il miele ed io lo seguii. Avevo paura di compromettere la mia salute, ma mi dissi che poi potevo sempre tornare indietro. Dopo meno di un mese iniziai ad avere pi\u00f9 energia, ad avere voglia di uscire, di stare al sole, la pelle era luminosa, stavo perdendo chili che erano anni che non riuscivo a perdere nonostante mangiassi poco e facevo tanto esercizio fisico, mi ero sgonfiata, non avevo sbalzi di umore e dopo 2 mesi non ero pi\u00f9 insulino-resistente (e senza prendere farmaci!) a poco a poco si dirad\u00f2 la caduta di capelli, diminuirono fino a scomparire gli sfoghi sulla pelle e i dolori alle articolazioni. Ne parlai anche con i medici ed ovviamente loro dicono che non dipende dall\u2019alimentazione, ma io sono sicura che se continuavo con la solita alimentazione starei male come un anno fa.<\/span><\/p>\n<p><span style=\"font-size: 12pt;\"> La mia scelta alimentare \u00e8 nata per problemi di salute, anche se ero gi\u00e0 attenta ad altri aspetti etici (non amavo la pelle e\/o le pellicce). Ora sto molto attenta a cosa mangio, a cosa indosso e con cosa faccio le pulizie, per cui posso dire che ora la mia scelta \u00e8 anche etica.<\/span><\/p>\n<\/div><div id=\"post-footer-1452\" class=\"post-footer clear\"><\/div>","protected":false},"excerpt":{"rendered":"<p>Mi chiamo Tiziana e ho 37 anni. Soffro di tiroidite cronica autoimmune e l\u2019ho scoperto casualmente nel 2009, quando avevo 32 anni. Nel febbraio del 2009 ebbi un aborto spontaneo, gravidanza iniziata male in quanto o era extrauterina o il&hellip; <a href=\"https:\/\/nogsteedshypo.nl\/testimonianza-dieta-vegana-tiziana-37-anni-paziente-con-la-malattia-di-hashimoto\/\" title=\"Continue reading &laquo;Testimonianza di Tiziana (37 anni, paziente con la malattia di Hashimoto)&raquo;\" class=\"more-link\">Continue reading &laquo;Testimonianza di Tiziana (37 anni, paziente con la malattia di Hashimoto)&raquo;<\/a><\/p>\n","protected":false},"author":1,"featured_media":0,"parent":0,"menu_order":0,"comment_status":"closed","ping_status":"open","template":"","meta":{"footnotes":""},"class_list":["post-1452","page","type-page","status-publish","hentry"],"yoast_head":"<!-- This site is optimized with the Yoast SEO plugin v27.4 - https:\/\/yoast.com\/product\/yoast-seo-wordpress\/ -->\n<title>Testimonianza di Tiziana (37 anni, paziente con la malattia di Hashimoto) - Nog Steeds Hypo<\/title>\n<meta name=\"robots\" content=\"index, follow, max-snippet:-1, max-image-preview:large, max-video-preview:-1\" \/>\n<link rel=\"canonical\" href=\"https:\/\/nogsteedshypo.nl\/?page_id=1452\" \/>\n<meta property=\"og:locale\" content=\"it_IT\" \/>\n<meta property=\"og:type\" content=\"article\" \/>\n<meta property=\"og:title\" content=\"Testimonianza di Tiziana (37 anni, paziente con la malattia di Hashimoto) - Nog Steeds Hypo\" \/>\n<meta property=\"og:description\" content=\"Mi chiamo Tiziana e ho 37 anni. Soffro di tiroidite cronica autoimmune e l\u2019ho scoperto casualmente nel 2009, quando avevo 32 anni. Nel febbraio del 2009 ebbi un aborto spontaneo, gravidanza iniziata male in quanto o era extrauterina o il&hellip; Continue reading &laquo;Testimonianza di Tiziana (37 anni, paziente con la malattia di Hashimoto)&raquo;\" \/>\n<meta property=\"og:url\" content=\"https:\/\/nogsteedshypo.nl\/?page_id=1452\" \/>\n<meta property=\"og:site_name\" content=\"Nog Steeds Hypo\" \/>\n<meta property=\"article:publisher\" content=\"https:\/\/www.facebook.com\/AncoraIpo\" \/>\n<meta property=\"article:modified_time\" content=\"2014-12-30T14:13:07+00:00\" \/>\n<meta property=\"og:image\" content=\"http:\/\/nogsteedshypo.nl\/wp-content\/uploads\/2014\/12\/tiziana-testimonianza-vegana1-150x150.jpg\" \/>\n<meta name=\"twitter:label1\" content=\"Tempo di lettura stimato\" \/>\n\t<meta name=\"twitter:data1\" content=\"3 minuti\" \/>\n<script type=\"application\/ld+json\" class=\"yoast-schema-graph\">{\"@context\":\"https:\\\/\\\/schema.org\",\"@graph\":[{\"@type\":\"WebPage\",\"@id\":\"https:\\\/\\\/nogsteedshypo.nl\\\/?page_id=1452\",\"url\":\"https:\\\/\\\/nogsteedshypo.nl\\\/?page_id=1452\",\"name\":\"Testimonianza di Tiziana (37 anni, paziente con la malattia di Hashimoto) - Nog Steeds Hypo\",\"isPartOf\":{\"@id\":\"http:\\\/\\\/nogsteedshypo.nl\\\/#website\"},\"primaryImageOfPage\":{\"@id\":\"https:\\\/\\\/nogsteedshypo.nl\\\/?page_id=1452#primaryimage\"},\"image\":{\"@id\":\"https:\\\/\\\/nogsteedshypo.nl\\\/?page_id=1452#primaryimage\"},\"thumbnailUrl\":\"http:\\\/\\\/nogsteedshypo.nl\\\/wp-content\\\/uploads\\\/2014\\\/12\\\/tiziana-testimonianza-vegana1-150x150.jpg\",\"datePublished\":\"2014-12-28T22:58:32+00:00\",\"dateModified\":\"2014-12-30T14:13:07+00:00\",\"breadcrumb\":{\"@id\":\"https:\\\/\\\/nogsteedshypo.nl\\\/?page_id=1452#breadcrumb\"},\"inLanguage\":\"it-IT\",\"potentialAction\":[{\"@type\":\"ReadAction\",\"target\":[\"https:\\\/\\\/nogsteedshypo.nl\\\/?page_id=1452\"]}]},{\"@type\":\"ImageObject\",\"inLanguage\":\"it-IT\",\"@id\":\"https:\\\/\\\/nogsteedshypo.nl\\\/?page_id=1452#primaryimage\",\"url\":\"https:\\\/\\\/nogsteedshypo.nl\\\/wp-content\\\/uploads\\\/2014\\\/12\\\/tiziana-testimonianza-vegana1.jpg\",\"contentUrl\":\"https:\\\/\\\/nogsteedshypo.nl\\\/wp-content\\\/uploads\\\/2014\\\/12\\\/tiziana-testimonianza-vegana1.jpg\",\"width\":1889,\"height\":2070},{\"@type\":\"BreadcrumbList\",\"@id\":\"https:\\\/\\\/nogsteedshypo.nl\\\/?page_id=1452#breadcrumb\",\"itemListElement\":[{\"@type\":\"ListItem\",\"position\":1,\"name\":\"Home\",\"item\":\"http:\\\/\\\/nogsteedshypo.nl\\\/\"},{\"@type\":\"ListItem\",\"position\":2,\"name\":\"Testimonianza di Tiziana (37 anni, paziente con la malattia di Hashimoto)\"}]},{\"@type\":\"WebSite\",\"@id\":\"http:\\\/\\\/nogsteedshypo.nl\\\/#website\",\"url\":\"http:\\\/\\\/nogsteedshypo.nl\\\/\",\"name\":\"Ancora ipo\",\"description\":\"Als de standaardmedicijnen niet werken\u2026\",\"publisher\":{\"@id\":\"http:\\\/\\\/nogsteedshypo.nl\\\/#organization\"},\"potentialAction\":[{\"@type\":\"SearchAction\",\"target\":{\"@type\":\"EntryPoint\",\"urlTemplate\":\"http:\\\/\\\/nogsteedshypo.nl\\\/?s={search_term_string}\"},\"query-input\":{\"@type\":\"PropertyValueSpecification\",\"valueRequired\":true,\"valueName\":\"search_term_string\"}}],\"inLanguage\":\"it-IT\"},{\"@type\":\"Organization\",\"@id\":\"http:\\\/\\\/nogsteedshypo.nl\\\/#organization\",\"name\":\"Ancora ipo\",\"url\":\"http:\\\/\\\/nogsteedshypo.nl\\\/\",\"logo\":{\"@type\":\"ImageObject\",\"inLanguage\":\"it-IT\",\"@id\":\"http:\\\/\\\/nogsteedshypo.nl\\\/#\\\/schema\\\/logo\\\/image\\\/\",\"url\":\"http:\\\/\\\/nogsteedshypo.nl\\\/wp-content\\\/uploads\\\/2013\\\/10\\\/cropped-cropped-cropped-kleinere-foto-gedownload-voor-header-site2-1.jpg\",\"contentUrl\":\"http:\\\/\\\/nogsteedshypo.nl\\\/wp-content\\\/uploads\\\/2013\\\/10\\\/cropped-cropped-cropped-kleinere-foto-gedownload-voor-header-site2-1.jpg\",\"width\":800,\"height\":380,\"caption\":\"Ancora ipo\"},\"image\":{\"@id\":\"http:\\\/\\\/nogsteedshypo.nl\\\/#\\\/schema\\\/logo\\\/image\\\/\"},\"sameAs\":[\"https:\\\/\\\/www.facebook.com\\\/AncoraIpo\"]}]}<\/script>\n<!-- \/ Yoast SEO plugin. -->","yoast_head_json":{"title":"Testimonianza di Tiziana (37 anni, paziente con la malattia di Hashimoto) - Nog Steeds Hypo","robots":{"index":"index","follow":"follow","max-snippet":"max-snippet:-1","max-image-preview":"max-image-preview:large","max-video-preview":"max-video-preview:-1"},"canonical":"https:\/\/nogsteedshypo.nl\/?page_id=1452","og_locale":"it_IT","og_type":"article","og_title":"Testimonianza di Tiziana (37 anni, paziente con la malattia di Hashimoto) - Nog Steeds Hypo","og_description":"Mi chiamo Tiziana e ho 37 anni. Soffro di tiroidite cronica autoimmune e l\u2019ho scoperto casualmente nel 2009, quando avevo 32 anni. Nel febbraio del 2009 ebbi un aborto spontaneo, gravidanza iniziata male in quanto o era extrauterina o il&hellip; Continue reading &laquo;Testimonianza di Tiziana (37 anni, paziente con la malattia di Hashimoto)&raquo;","og_url":"https:\/\/nogsteedshypo.nl\/?page_id=1452","og_site_name":"Nog Steeds Hypo","article_publisher":"https:\/\/www.facebook.com\/AncoraIpo","article_modified_time":"2014-12-30T14:13:07+00:00","og_image":[{"url":"http:\/\/nogsteedshypo.nl\/wp-content\/uploads\/2014\/12\/tiziana-testimonianza-vegana1-150x150.jpg","type":"","width":"","height":""}],"twitter_misc":{"Tempo di lettura stimato":"3 minuti"},"schema":{"@context":"https:\/\/schema.org","@graph":[{"@type":"WebPage","@id":"https:\/\/nogsteedshypo.nl\/?page_id=1452","url":"https:\/\/nogsteedshypo.nl\/?page_id=1452","name":"Testimonianza di Tiziana (37 anni, paziente con la malattia di Hashimoto) - Nog Steeds Hypo","isPartOf":{"@id":"http:\/\/nogsteedshypo.nl\/#website"},"primaryImageOfPage":{"@id":"https:\/\/nogsteedshypo.nl\/?page_id=1452#primaryimage"},"image":{"@id":"https:\/\/nogsteedshypo.nl\/?page_id=1452#primaryimage"},"thumbnailUrl":"http:\/\/nogsteedshypo.nl\/wp-content\/uploads\/2014\/12\/tiziana-testimonianza-vegana1-150x150.jpg","datePublished":"2014-12-28T22:58:32+00:00","dateModified":"2014-12-30T14:13:07+00:00","breadcrumb":{"@id":"https:\/\/nogsteedshypo.nl\/?page_id=1452#breadcrumb"},"inLanguage":"it-IT","potentialAction":[{"@type":"ReadAction","target":["https:\/\/nogsteedshypo.nl\/?page_id=1452"]}]},{"@type":"ImageObject","inLanguage":"it-IT","@id":"https:\/\/nogsteedshypo.nl\/?page_id=1452#primaryimage","url":"https:\/\/nogsteedshypo.nl\/wp-content\/uploads\/2014\/12\/tiziana-testimonianza-vegana1.jpg","contentUrl":"https:\/\/nogsteedshypo.nl\/wp-content\/uploads\/2014\/12\/tiziana-testimonianza-vegana1.jpg","width":1889,"height":2070},{"@type":"BreadcrumbList","@id":"https:\/\/nogsteedshypo.nl\/?page_id=1452#breadcrumb","itemListElement":[{"@type":"ListItem","position":1,"name":"Home","item":"http:\/\/nogsteedshypo.nl\/"},{"@type":"ListItem","position":2,"name":"Testimonianza di Tiziana (37 anni, paziente con la malattia di Hashimoto)"}]},{"@type":"WebSite","@id":"http:\/\/nogsteedshypo.nl\/#website","url":"http:\/\/nogsteedshypo.nl\/","name":"Ancora ipo","description":"Als de standaardmedicijnen niet werken\u2026","publisher":{"@id":"http:\/\/nogsteedshypo.nl\/#organization"},"potentialAction":[{"@type":"SearchAction","target":{"@type":"EntryPoint","urlTemplate":"http:\/\/nogsteedshypo.nl\/?s={search_term_string}"},"query-input":{"@type":"PropertyValueSpecification","valueRequired":true,"valueName":"search_term_string"}}],"inLanguage":"it-IT"},{"@type":"Organization","@id":"http:\/\/nogsteedshypo.nl\/#organization","name":"Ancora ipo","url":"http:\/\/nogsteedshypo.nl\/","logo":{"@type":"ImageObject","inLanguage":"it-IT","@id":"http:\/\/nogsteedshypo.nl\/#\/schema\/logo\/image\/","url":"http:\/\/nogsteedshypo.nl\/wp-content\/uploads\/2013\/10\/cropped-cropped-cropped-kleinere-foto-gedownload-voor-header-site2-1.jpg","contentUrl":"http:\/\/nogsteedshypo.nl\/wp-content\/uploads\/2013\/10\/cropped-cropped-cropped-kleinere-foto-gedownload-voor-header-site2-1.jpg","width":800,"height":380,"caption":"Ancora ipo"},"image":{"@id":"http:\/\/nogsteedshypo.nl\/#\/schema\/logo\/image\/"},"sameAs":["https:\/\/www.facebook.com\/AncoraIpo"]}]}},"_links":{"self":[{"href":"https:\/\/nogsteedshypo.nl\/index.php?rest_route=\/wp\/v2\/pages\/1452","targetHints":{"allow":["GET"]}}],"collection":[{"href":"https:\/\/nogsteedshypo.nl\/index.php?rest_route=\/wp\/v2\/pages"}],"about":[{"href":"https:\/\/nogsteedshypo.nl\/index.php?rest_route=\/wp\/v2\/types\/page"}],"author":[{"embeddable":true,"href":"https:\/\/nogsteedshypo.nl\/index.php?rest_route=\/wp\/v2\/users\/1"}],"replies":[{"embeddable":true,"href":"https:\/\/nogsteedshypo.nl\/index.php?rest_route=%2Fwp%2Fv2%2Fcomments&post=1452"}],"version-history":[{"count":4,"href":"https:\/\/nogsteedshypo.nl\/index.php?rest_route=\/wp\/v2\/pages\/1452\/revisions"}],"predecessor-version":[{"id":1487,"href":"https:\/\/nogsteedshypo.nl\/index.php?rest_route=\/wp\/v2\/pages\/1452\/revisions\/1487"}],"wp:attachment":[{"href":"https:\/\/nogsteedshypo.nl\/index.php?rest_route=%2Fwp%2Fv2%2Fmedia&parent=1452"}],"curies":[{"name":"wp","href":"https:\/\/api.w.org\/{rel}","templated":true}]}}