{"id":140,"date":"2013-09-27T12:42:21","date_gmt":"2013-09-27T12:42:21","guid":{"rendered":"http:\/\/nogsteedshypo.nl\/?page_id=140"},"modified":"2013-10-23T12:51:53","modified_gmt":"2013-10-23T12:51:53","slug":"petizione-thyroidchange","status":"publish","type":"page","link":"https:\/\/nogsteedshypo.nl\/?page_id=140","title":{"rendered":"Petizione ThyroidChange"},"content":{"rendered":"<div id=\"post-entry-excerpt-140\" class=\"entry-part\"><p><a href=\"http:\/\/nogsteedshypo.nl\/wp-content\/uploads\/2013\/09\/logo-thyroidchange.png\"><img loading=\"lazy\" decoding=\"async\" class=\"size-medium wp-image-607 alignleft\" alt=\"logo thyroidchange\" src=\"http:\/\/nogsteedshypo.nl\/wp-content\/uploads\/2013\/09\/logo-thyroidchange-300x67.png\" width=\"300\" height=\"67\" srcset=\"https:\/\/nogsteedshypo.nl\/wp-content\/uploads\/2013\/09\/logo-thyroidchange-300x67.png 300w, https:\/\/nogsteedshypo.nl\/wp-content\/uploads\/2013\/09\/logo-thyroidchange.png 450w\" sizes=\"auto, (max-width: 300px) 100vw, 300px\" \/><\/a><\/p>\n<p>&nbsp;<\/p>\n<p><span style=\"color: #0000ee;\"><br \/>\n<\/span><\/p>\n<p>&nbsp;<\/p>\n<p><span style=\"font-size: 16px;\">Lo trovate ingiusto anche voi:<\/span><\/p>\n<ul style=\"list-style-type: square;\">\n<li><span style=\"font-size: 16px;\">che tanti endocrinologi lavorano ancora con protocolli obsoleti?<\/span><\/li>\n<li><span style=\"font-size: 16px;\">che se un paziente dice all&#8217;endocrinologo che ha ancora sintomi di ipotiroidismo, nonostante i valori del sangue sono nei range, l&#8217;endocrinologo risponde che non c&#8217;entra la tiroide?<\/span><\/li>\n<li><span style=\"font-size: 16px;\">che non puoi cambiare cura quando non funziona bene, ma devi andare in privato?<\/span><\/li>\n<\/ul>\n<p><span style=\"font-size: 16px;\">ThryoidChange \u00e8 un&#8217;organizzazione mondiale che vuole unire tutti pazienti della tiroide per migliorare le cure, cos\u00ec che i pazienti possono fidarsi dell&#8217;endocrinologo che \u00e8 sempre aggiornato.\u00a0<\/span><\/p>\n<p><span style=\"font-size: 16px;\">Per leggere il testo la petizione e firmarla clicca <a style=\"font-size: 16px;\" href=\"http:\/\/www.thyroidchange.org\/italiano-italian.html#.UVc_Yko4Gfs\" target=\"_blank\">qui<\/a><\/span><\/p>\n<p><span style=\"font-size: 16px;\">Per favore condividetela.<\/span><\/p>\n<div style=\"width: 700px;\" class=\"wp-video\"><!--[if lt IE 9]><script>document.createElement('video');<\/script><![endif]-->\n<video class=\"wp-video-shortcode\" id=\"video-140-1\" width=\"700\" height=\"393\" preload=\"metadata\" controls=\"controls\"><source type=\"video\/mp4\" src=\"http:\/\/nogsteedshypo.nl\/wp-content\/uploads\/2013\/10\/filmato-ThyroidChange-sottotitoli-Italiani.mp4?_=1\" \/><a href=\"http:\/\/nogsteedshypo.nl\/wp-content\/uploads\/2013\/10\/filmato-ThyroidChange-sottotitoli-Italiani.mp4\">http:\/\/nogsteedshypo.nl\/wp-content\/uploads\/2013\/10\/filmato-ThyroidChange-sottotitoli-Italiani.mp4<\/a><\/video><\/div>\n<\/div><div id=\"post-footer-140\" class=\"post-footer clear\"><\/div>","protected":false},"excerpt":{"rendered":"<p>&nbsp; &nbsp; Lo trovate ingiusto anche voi: che tanti endocrinologi lavorano ancora con protocolli obsoleti? che se un paziente dice all&#8217;endocrinologo che ha ancora sintomi di ipotiroidismo, nonostante i valori del sangue sono nei range, l&#8217;endocrinologo risponde che non c&#8217;entra&hellip; <a href=\"https:\/\/nogsteedshypo.nl\/petizione-thyroidchange\/\" title=\"Continue reading &laquo;Petizione ThyroidChange&raquo;\" class=\"more-link\">Continue reading &laquo;Petizione ThyroidChange&raquo;<\/a><\/p>\n","protected":false},"author":1,"featured_media":0,"parent":0,"menu_order":0,"comment_status":"closed","ping_status":"closed","template":"","meta":{"footnotes":""},"class_list":["post-140","page","type-page","status-publish","hentry"],"yoast_head":"<!-- This site is optimized with the Yoast SEO plugin v27.4 - https:\/\/yoast.com\/product\/yoast-seo-wordpress\/ -->\n<title>Petizione ThyroidChange - Nog Steeds Hypo<\/title>\n<meta name=\"robots\" content=\"index, follow, max-snippet:-1, max-image-preview:large, max-video-preview:-1\" \/>\n<link rel=\"canonical\" href=\"https:\/\/nogsteedshypo.nl\/?page_id=140\" \/>\n<meta property=\"og:locale\" content=\"it_IT\" \/>\n<meta property=\"og:type\" content=\"article\" \/>\n<meta property=\"og:title\" content=\"Petizione ThyroidChange - Nog Steeds Hypo\" \/>\n<meta property=\"og:description\" content=\"&nbsp; &nbsp; Lo trovate ingiusto anche voi: che tanti endocrinologi lavorano ancora con protocolli obsoleti? che se un paziente dice all&#8217;endocrinologo che ha ancora sintomi di ipotiroidismo, nonostante i valori del sangue sono nei range, l&#8217;endocrinologo risponde che non c&#8217;entra&hellip; Continue reading &laquo;Petizione ThyroidChange&raquo;\" \/>\n<meta property=\"og:url\" content=\"https:\/\/nogsteedshypo.nl\/?page_id=140\" \/>\n<meta property=\"og:site_name\" content=\"Nog Steeds Hypo\" \/>\n<meta property=\"article:publisher\" content=\"https:\/\/www.facebook.com\/AncoraIpo\" \/>\n<meta property=\"article:modified_time\" content=\"2013-10-23T12:51:53+00:00\" \/>\n<meta property=\"og:image\" content=\"http:\/\/nogsteedshypo.nl\/wp-content\/uploads\/2013\/09\/logo-thyroidchange-300x67.png\" \/>\n<meta name=\"twitter:label1\" content=\"Tempo di lettura stimato\" \/>\n\t<meta name=\"twitter:data1\" content=\"1 minuto\" \/>\n<script type=\"application\/ld+json\" class=\"yoast-schema-graph\">{\"@context\":\"https:\\\/\\\/schema.org\",\"@graph\":[{\"@type\":\"WebPage\",\"@id\":\"https:\\\/\\\/nogsteedshypo.nl\\\/?page_id=140\",\"url\":\"https:\\\/\\\/nogsteedshypo.nl\\\/?page_id=140\",\"name\":\"Petizione ThyroidChange - Nog Steeds Hypo\",\"isPartOf\":{\"@id\":\"http:\\\/\\\/nogsteedshypo.nl\\\/#website\"},\"primaryImageOfPage\":{\"@id\":\"https:\\\/\\\/nogsteedshypo.nl\\\/?page_id=140#primaryimage\"},\"image\":{\"@id\":\"https:\\\/\\\/nogsteedshypo.nl\\\/?page_id=140#primaryimage\"},\"thumbnailUrl\":\"http:\\\/\\\/nogsteedshypo.nl\\\/wp-content\\\/uploads\\\/2013\\\/09\\\/logo-thyroidchange-300x67.png\",\"datePublished\":\"2013-09-27T12:42:21+00:00\",\"dateModified\":\"2013-10-23T12:51:53+00:00\",\"breadcrumb\":{\"@id\":\"https:\\\/\\\/nogsteedshypo.nl\\\/?page_id=140#breadcrumb\"},\"inLanguage\":\"it-IT\",\"potentialAction\":[{\"@type\":\"ReadAction\",\"target\":[\"https:\\\/\\\/nogsteedshypo.nl\\\/?page_id=140\"]}]},{\"@type\":\"ImageObject\",\"inLanguage\":\"it-IT\",\"@id\":\"https:\\\/\\\/nogsteedshypo.nl\\\/?page_id=140#primaryimage\",\"url\":\"https:\\\/\\\/nogsteedshypo.nl\\\/wp-content\\\/uploads\\\/2013\\\/09\\\/logo-thyroidchange.png\",\"contentUrl\":\"https:\\\/\\\/nogsteedshypo.nl\\\/wp-content\\\/uploads\\\/2013\\\/09\\\/logo-thyroidchange.png\",\"width\":450,\"height\":101},{\"@type\":\"BreadcrumbList\",\"@id\":\"https:\\\/\\\/nogsteedshypo.nl\\\/?page_id=140#breadcrumb\",\"itemListElement\":[{\"@type\":\"ListItem\",\"position\":1,\"name\":\"Home\",\"item\":\"http:\\\/\\\/nogsteedshypo.nl\\\/\"},{\"@type\":\"ListItem\",\"position\":2,\"name\":\"Petizione ThyroidChange\"}]},{\"@type\":\"WebSite\",\"@id\":\"http:\\\/\\\/nogsteedshypo.nl\\\/#website\",\"url\":\"http:\\\/\\\/nogsteedshypo.nl\\\/\",\"name\":\"Ancora ipo\",\"description\":\"Als de standaardmedicijnen niet werken\u2026\",\"publisher\":{\"@id\":\"http:\\\/\\\/nogsteedshypo.nl\\\/#organization\"},\"potentialAction\":[{\"@type\":\"SearchAction\",\"target\":{\"@type\":\"EntryPoint\",\"urlTemplate\":\"http:\\\/\\\/nogsteedshypo.nl\\\/?s={search_term_string}\"},\"query-input\":{\"@type\":\"PropertyValueSpecification\",\"valueRequired\":true,\"valueName\":\"search_term_string\"}}],\"inLanguage\":\"it-IT\"},{\"@type\":\"Organization\",\"@id\":\"http:\\\/\\\/nogsteedshypo.nl\\\/#organization\",\"name\":\"Ancora ipo\",\"url\":\"http:\\\/\\\/nogsteedshypo.nl\\\/\",\"logo\":{\"@type\":\"ImageObject\",\"inLanguage\":\"it-IT\",\"@id\":\"http:\\\/\\\/nogsteedshypo.nl\\\/#\\\/schema\\\/logo\\\/image\\\/\",\"url\":\"http:\\\/\\\/nogsteedshypo.nl\\\/wp-content\\\/uploads\\\/2013\\\/10\\\/cropped-cropped-cropped-kleinere-foto-gedownload-voor-header-site2-1.jpg\",\"contentUrl\":\"http:\\\/\\\/nogsteedshypo.nl\\\/wp-content\\\/uploads\\\/2013\\\/10\\\/cropped-cropped-cropped-kleinere-foto-gedownload-voor-header-site2-1.jpg\",\"width\":800,\"height\":380,\"caption\":\"Ancora ipo\"},\"image\":{\"@id\":\"http:\\\/\\\/nogsteedshypo.nl\\\/#\\\/schema\\\/logo\\\/image\\\/\"},\"sameAs\":[\"https:\\\/\\\/www.facebook.com\\\/AncoraIpo\"]}]}<\/script>\n<!-- \/ Yoast SEO plugin. -->","yoast_head_json":{"title":"Petizione ThyroidChange - Nog Steeds Hypo","robots":{"index":"index","follow":"follow","max-snippet":"max-snippet:-1","max-image-preview":"max-image-preview:large","max-video-preview":"max-video-preview:-1"},"canonical":"https:\/\/nogsteedshypo.nl\/?page_id=140","og_locale":"it_IT","og_type":"article","og_title":"Petizione ThyroidChange - Nog Steeds Hypo","og_description":"&nbsp; &nbsp; Lo trovate ingiusto anche voi: che tanti endocrinologi lavorano ancora con protocolli obsoleti? che se un paziente dice all&#8217;endocrinologo che ha ancora sintomi di ipotiroidismo, nonostante i valori del sangue sono nei range, l&#8217;endocrinologo risponde che non c&#8217;entra&hellip; Continue reading &laquo;Petizione ThyroidChange&raquo;","og_url":"https:\/\/nogsteedshypo.nl\/?page_id=140","og_site_name":"Nog Steeds Hypo","article_publisher":"https:\/\/www.facebook.com\/AncoraIpo","article_modified_time":"2013-10-23T12:51:53+00:00","og_image":[{"url":"http:\/\/nogsteedshypo.nl\/wp-content\/uploads\/2013\/09\/logo-thyroidchange-300x67.png","type":"","width":"","height":""}],"twitter_misc":{"Tempo di lettura stimato":"1 minuto"},"schema":{"@context":"https:\/\/schema.org","@graph":[{"@type":"WebPage","@id":"https:\/\/nogsteedshypo.nl\/?page_id=140","url":"https:\/\/nogsteedshypo.nl\/?page_id=140","name":"Petizione ThyroidChange - Nog Steeds Hypo","isPartOf":{"@id":"http:\/\/nogsteedshypo.nl\/#website"},"primaryImageOfPage":{"@id":"https:\/\/nogsteedshypo.nl\/?page_id=140#primaryimage"},"image":{"@id":"https:\/\/nogsteedshypo.nl\/?page_id=140#primaryimage"},"thumbnailUrl":"http:\/\/nogsteedshypo.nl\/wp-content\/uploads\/2013\/09\/logo-thyroidchange-300x67.png","datePublished":"2013-09-27T12:42:21+00:00","dateModified":"2013-10-23T12:51:53+00:00","breadcrumb":{"@id":"https:\/\/nogsteedshypo.nl\/?page_id=140#breadcrumb"},"inLanguage":"it-IT","potentialAction":[{"@type":"ReadAction","target":["https:\/\/nogsteedshypo.nl\/?page_id=140"]}]},{"@type":"ImageObject","inLanguage":"it-IT","@id":"https:\/\/nogsteedshypo.nl\/?page_id=140#primaryimage","url":"https:\/\/nogsteedshypo.nl\/wp-content\/uploads\/2013\/09\/logo-thyroidchange.png","contentUrl":"https:\/\/nogsteedshypo.nl\/wp-content\/uploads\/2013\/09\/logo-thyroidchange.png","width":450,"height":101},{"@type":"BreadcrumbList","@id":"https:\/\/nogsteedshypo.nl\/?page_id=140#breadcrumb","itemListElement":[{"@type":"ListItem","position":1,"name":"Home","item":"http:\/\/nogsteedshypo.nl\/"},{"@type":"ListItem","position":2,"name":"Petizione ThyroidChange"}]},{"@type":"WebSite","@id":"http:\/\/nogsteedshypo.nl\/#website","url":"http:\/\/nogsteedshypo.nl\/","name":"Ancora ipo","description":"Als de standaardmedicijnen niet werken\u2026","publisher":{"@id":"http:\/\/nogsteedshypo.nl\/#organization"},"potentialAction":[{"@type":"SearchAction","target":{"@type":"EntryPoint","urlTemplate":"http:\/\/nogsteedshypo.nl\/?s={search_term_string}"},"query-input":{"@type":"PropertyValueSpecification","valueRequired":true,"valueName":"search_term_string"}}],"inLanguage":"it-IT"},{"@type":"Organization","@id":"http:\/\/nogsteedshypo.nl\/#organization","name":"Ancora ipo","url":"http:\/\/nogsteedshypo.nl\/","logo":{"@type":"ImageObject","inLanguage":"it-IT","@id":"http:\/\/nogsteedshypo.nl\/#\/schema\/logo\/image\/","url":"http:\/\/nogsteedshypo.nl\/wp-content\/uploads\/2013\/10\/cropped-cropped-cropped-kleinere-foto-gedownload-voor-header-site2-1.jpg","contentUrl":"http:\/\/nogsteedshypo.nl\/wp-content\/uploads\/2013\/10\/cropped-cropped-cropped-kleinere-foto-gedownload-voor-header-site2-1.jpg","width":800,"height":380,"caption":"Ancora ipo"},"image":{"@id":"http:\/\/nogsteedshypo.nl\/#\/schema\/logo\/image\/"},"sameAs":["https:\/\/www.facebook.com\/AncoraIpo"]}]}},"_links":{"self":[{"href":"https:\/\/nogsteedshypo.nl\/index.php?rest_route=\/wp\/v2\/pages\/140","targetHints":{"allow":["GET"]}}],"collection":[{"href":"https:\/\/nogsteedshypo.nl\/index.php?rest_route=\/wp\/v2\/pages"}],"about":[{"href":"https:\/\/nogsteedshypo.nl\/index.php?rest_route=\/wp\/v2\/types\/page"}],"author":[{"embeddable":true,"href":"https:\/\/nogsteedshypo.nl\/index.php?rest_route=\/wp\/v2\/users\/1"}],"replies":[{"embeddable":true,"href":"https:\/\/nogsteedshypo.nl\/index.php?rest_route=%2Fwp%2Fv2%2Fcomments&post=140"}],"version-history":[{"count":33,"href":"https:\/\/nogsteedshypo.nl\/index.php?rest_route=\/wp\/v2\/pages\/140\/revisions"}],"predecessor-version":[{"id":638,"href":"https:\/\/nogsteedshypo.nl\/index.php?rest_route=\/wp\/v2\/pages\/140\/revisions\/638"}],"wp:attachment":[{"href":"https:\/\/nogsteedshypo.nl\/index.php?rest_route=%2Fwp%2Fv2%2Fmedia&parent=140"}],"curies":[{"name":"wp","href":"https:\/\/api.w.org\/{rel}","templated":true}]}}