{"id":1306,"date":"2014-02-16T13:43:25","date_gmt":"2014-02-16T13:43:25","guid":{"rendered":"http:\/\/nogsteedshypo.nl\/?page_id=1306"},"modified":"2014-06-14T16:44:11","modified_gmt":"2014-06-14T16:44:11","slug":"testimonianza-di-silvia-36-anni-paziente-con-la-malattia-di-hashimoto","status":"publish","type":"page","link":"https:\/\/nogsteedshypo.nl\/?page_id=1306","title":{"rendered":"Testimonianza di Silvia (36 anni, paziente con la malattia di Hashimoto)"},"content":{"rendered":"<div id=\"post-entry-excerpt-1306\" class=\"entry-part\"><p><span style=\"font-size: 16px;\"><a href=\"http:\/\/nogsteedshypo.nl\/wp-content\/uploads\/2014\/02\/foto-silvia-voor-testimonianza-patient-blog.jpg\"><img loading=\"lazy\" decoding=\"async\" class=\"alignleft\" style=\"margin: 3px 20px 0px 7px;\" src=\"http:\/\/nogsteedshypo.nl\/wp-content\/uploads\/2014\/02\/foto-silvia-voor-testimonianza-patient-blog.jpg\" alt=\"\" width=\"115\" height=\"148\" \/><\/a>Sono 20 anni che penso di avere problemi con la tiroide.<\/span>\u00a0<span style=\"font-size: 16px;\">Da quando avevo 15 anni sono cominciati i primi sintomi, con ciclo irregolare, sbalzi di peso e umore da esaurita.\u00a0<\/span><span style=\"font-size: 16px;\">Ero sempre stanca, svogliata, con sintomi d&#8217;orticaria improvvisi, ma vista la situazione di stress in famiglia, era stata giustificato per quello.\u00a0<\/span><span style=\"font-size: 16px;\">E mi hanno mandato dallo psicologo.\u00a0<\/span><span style=\"font-size: 16px;\">Ogni anno facevo le analisi del sangue, visto che in famiglia abbiamo diverse malattie, tra cui gli esami ft3 ft4 tsh, nella norma compresi quelli per gli anticorpi, anti tg anti tpo, invece alti.\u00a0<\/span><span style=\"font-size: 16px;\">E anche una ecografia alla tiroide in cui risultava un nodulo, minuscolo, ma che viste le analisi del sangue, avevo solo una tiroidite, non serviva approfondire&#8230;\u00a0<\/span><span style=\"font-size: 16px;\">Accantonata la tiroide, che secondo loro non aveva nulla, inizio a indagare su altri sintomi.\u00a0<\/span><span style=\"font-size: 16px;\">Smetto la pillola, e mi trovo ad avere un ciclo all&#8217;anno.\u00a0<\/span><span style=\"font-size: 16px;\">Analisi del sangue, controlli genetici, ormonali, e risulta una menopausa anticipata(28 anni), e che devo mettermi a dieta perch\u00e9 gli zuccheri sono alti.\u00a0<\/span><span style=\"font-size: 16px;\">Riprendo la pillola, sotto guida del ginecologo e mi metto a dieta, sotto la guida del dietologo.\u00a0<\/span><span style=\"font-size: 16px;\">Successivamente inizio ad avere problemi respiratori, asma, e una volta all&#8217;anno ero totalmente afona.\u00a0<\/span><span style=\"font-size: 16px;\">Fatto i test allergologici, visita dal pneumologo e non risultava nulla.\u00a0<\/span><span style=\"font-size: 16px;\">Poi ho avuto un periodo di in cui non ho avuto sintomi eclatanti, per circa 3-4 anni.\u00a0<\/span><span style=\"font-size: 16px;\">E nell&#8217;arco di poco, ritorna tutto, prurito improvviso(allergia ai detersivi?), stanchezza cronica, la mia frase tipica alla domanda come stai era :\u201dSONO DISTRUTTA!\u201dMi vergognavo ad esserlo, perch\u00e9 non avevo un lavoro stressante inoltre, secchezza agli occhi, alla bocca, la pelle che tira, ovunque!I dolori alle caviglie, ai polsi, i dolori alla muscolatura in generale.\u00a0<\/span><span style=\"font-size: 16px;\">E la personalit\u00e0 di dott. Jekill e mister Hyde&#8230;\u00a0<\/span><span style=\"font-size: 16px;\">Poi nel 2013 mi sono impuntata!avevo qualcosa e volevo saperlo!\u00a0<\/span><span style=\"font-size: 16px;\">A costo di passare per ipocondriaca, mi rifaccio tutte le analisi da capo.<\/span><\/p>\n<p style=\"text-align: left;\"><span style=\"font-size: 16px;\">Nel frattempo incontro Renate, e una parola tira l&#8217;altra e mi parla della secca, di come sta lei, e quello che pi\u00f9 mi ha convinta \u00e8 stato che lei mi credeva!\u00a0<\/span><span style=\"font-size: 16px;\">Dopo anni di sguardi compassionevoli, finalmente qualcuno che mi capiva.\u00a0<\/span><span style=\"font-size: 16px;\">Decido di prenotare una visita con il Dott Vergini, che dopo aver visto le mie analisi mi diagnostica <a href=\"http:\/\/nogsteedshypo.nl\/?page_id=506\" target=\"_blank\">Tiroidite di hashimoto<\/a> e mi prescrive la secca e la vit D.(tsh, ft3, ft4, nei range). Ma nel frattempo mi informo, studio, cerco di capire cos&#8217;ho, e mi rendo conto che dovr\u00f2 conviverci tutta la vita, che dovr\u00f2 sempre stare attenta a quel che mangio, a quel che faccio, che probabilmente quel velo di stanchezza ci sar\u00e0 sempre e che avr\u00f2 giorni si e giorni no, ma che con questa cura per\u00f2 sono rinata, ho un sonno regolare, la stanchezza \u00e8 stato il primo sintomo a sparire.\u00a0<\/span><span style=\"font-size: 16px;\">Ho tolto il glutine dalla dieta, i latticini li avevo gi\u00e0 eliminati, prendo gli integratori, se prima mi dimenticavo anche di prendere la pillola per tre giorni, la secca non l&#8217;ho mai scordata!<br \/>\n<\/span><span style=\"font-size: 16px;\">Non avrei mai creduto che fosse \u201csolo\u201d la tiroide, che se mi avessero curato prima avrei avuto uno splendido matrimonio, non chiusa in casa con attacchi di panico e pianti&#8230;\u00e8 l&#8217;avvenimento che mi pesa di pi\u00f9&#8230;non essere stata \u201cpresente\u201d&#8230;<\/span><\/p>\n<\/div><div id=\"post-footer-1306\" class=\"post-footer clear\"><\/div>","protected":false},"excerpt":{"rendered":"<p>Sono 20 anni che penso di avere problemi con la tiroide.\u00a0Da quando avevo 15 anni sono cominciati i primi sintomi, con ciclo irregolare, sbalzi di peso e umore da esaurita.\u00a0Ero sempre stanca, svogliata, con sintomi d&#8217;orticaria improvvisi, ma vista la&hellip; <a href=\"https:\/\/nogsteedshypo.nl\/testimonianza-di-silvia-36-anni-paziente-con-la-malattia-di-hashimoto\/\" title=\"Continue reading &laquo;Testimonianza di Silvia (36 anni, paziente con la malattia di Hashimoto)&raquo;\" class=\"more-link\">Continue reading &laquo;Testimonianza di Silvia (36 anni, paziente con la malattia di Hashimoto)&raquo;<\/a><\/p>\n","protected":false},"author":1,"featured_media":0,"parent":0,"menu_order":0,"comment_status":"closed","ping_status":"open","template":"","meta":{"footnotes":""},"class_list":["post-1306","page","type-page","status-publish","hentry"],"yoast_head":"<!-- This site is optimized with the Yoast SEO plugin v27.4 - https:\/\/yoast.com\/product\/yoast-seo-wordpress\/ -->\n<title>Testimonianza di Silvia (36 anni, paziente con la malattia di Hashimoto) - Nog Steeds Hypo<\/title>\n<meta name=\"robots\" content=\"index, follow, max-snippet:-1, max-image-preview:large, max-video-preview:-1\" \/>\n<link rel=\"canonical\" href=\"https:\/\/nogsteedshypo.nl\/?page_id=1306\" \/>\n<meta property=\"og:locale\" content=\"it_IT\" \/>\n<meta property=\"og:type\" content=\"article\" \/>\n<meta property=\"og:title\" content=\"Testimonianza di Silvia (36 anni, paziente con la malattia di Hashimoto) - Nog Steeds Hypo\" \/>\n<meta property=\"og:description\" content=\"Sono 20 anni che penso di avere problemi con la tiroide.\u00a0Da quando avevo 15 anni sono cominciati i primi sintomi, con ciclo irregolare, sbalzi di peso e umore da esaurita.\u00a0Ero sempre stanca, svogliata, con sintomi d&#8217;orticaria improvvisi, ma vista la&hellip; Continue reading &laquo;Testimonianza di Silvia (36 anni, paziente con la malattia di Hashimoto)&raquo;\" \/>\n<meta property=\"og:url\" content=\"https:\/\/nogsteedshypo.nl\/?page_id=1306\" \/>\n<meta property=\"og:site_name\" content=\"Nog Steeds Hypo\" \/>\n<meta property=\"article:publisher\" content=\"https:\/\/www.facebook.com\/AncoraIpo\" \/>\n<meta property=\"article:modified_time\" content=\"2014-06-14T16:44:11+00:00\" \/>\n<meta property=\"og:image\" content=\"http:\/\/nogsteedshypo.nl\/wp-content\/uploads\/2014\/02\/foto-silvia-voor-testimonianza-patient-blog.jpg\" \/>\n<meta name=\"twitter:label1\" content=\"Tempo di lettura stimato\" \/>\n\t<meta name=\"twitter:data1\" content=\"3 minuti\" \/>\n<script type=\"application\/ld+json\" class=\"yoast-schema-graph\">{\"@context\":\"https:\\\/\\\/schema.org\",\"@graph\":[{\"@type\":\"WebPage\",\"@id\":\"https:\\\/\\\/nogsteedshypo.nl\\\/?page_id=1306\",\"url\":\"https:\\\/\\\/nogsteedshypo.nl\\\/?page_id=1306\",\"name\":\"Testimonianza di Silvia (36 anni, paziente con la malattia di Hashimoto) - Nog Steeds Hypo\",\"isPartOf\":{\"@id\":\"http:\\\/\\\/nogsteedshypo.nl\\\/#website\"},\"primaryImageOfPage\":{\"@id\":\"https:\\\/\\\/nogsteedshypo.nl\\\/?page_id=1306#primaryimage\"},\"image\":{\"@id\":\"https:\\\/\\\/nogsteedshypo.nl\\\/?page_id=1306#primaryimage\"},\"thumbnailUrl\":\"http:\\\/\\\/nogsteedshypo.nl\\\/wp-content\\\/uploads\\\/2014\\\/02\\\/foto-silvia-voor-testimonianza-patient-blog.jpg\",\"datePublished\":\"2014-02-16T13:43:25+00:00\",\"dateModified\":\"2014-06-14T16:44:11+00:00\",\"breadcrumb\":{\"@id\":\"https:\\\/\\\/nogsteedshypo.nl\\\/?page_id=1306#breadcrumb\"},\"inLanguage\":\"it-IT\",\"potentialAction\":[{\"@type\":\"ReadAction\",\"target\":[\"https:\\\/\\\/nogsteedshypo.nl\\\/?page_id=1306\"]}]},{\"@type\":\"ImageObject\",\"inLanguage\":\"it-IT\",\"@id\":\"https:\\\/\\\/nogsteedshypo.nl\\\/?page_id=1306#primaryimage\",\"url\":\"https:\\\/\\\/nogsteedshypo.nl\\\/wp-content\\\/uploads\\\/2014\\\/02\\\/foto-silvia-voor-testimonianza-patient-blog.jpg\",\"contentUrl\":\"https:\\\/\\\/nogsteedshypo.nl\\\/wp-content\\\/uploads\\\/2014\\\/02\\\/foto-silvia-voor-testimonianza-patient-blog.jpg\",\"width\":115,\"height\":148},{\"@type\":\"BreadcrumbList\",\"@id\":\"https:\\\/\\\/nogsteedshypo.nl\\\/?page_id=1306#breadcrumb\",\"itemListElement\":[{\"@type\":\"ListItem\",\"position\":1,\"name\":\"Home\",\"item\":\"http:\\\/\\\/nogsteedshypo.nl\\\/\"},{\"@type\":\"ListItem\",\"position\":2,\"name\":\"Testimonianza di Silvia (36 anni, paziente con la malattia di Hashimoto)\"}]},{\"@type\":\"WebSite\",\"@id\":\"http:\\\/\\\/nogsteedshypo.nl\\\/#website\",\"url\":\"http:\\\/\\\/nogsteedshypo.nl\\\/\",\"name\":\"Ancora ipo\",\"description\":\"Als de standaardmedicijnen niet werken\u2026\",\"publisher\":{\"@id\":\"http:\\\/\\\/nogsteedshypo.nl\\\/#organization\"},\"potentialAction\":[{\"@type\":\"SearchAction\",\"target\":{\"@type\":\"EntryPoint\",\"urlTemplate\":\"http:\\\/\\\/nogsteedshypo.nl\\\/?s={search_term_string}\"},\"query-input\":{\"@type\":\"PropertyValueSpecification\",\"valueRequired\":true,\"valueName\":\"search_term_string\"}}],\"inLanguage\":\"it-IT\"},{\"@type\":\"Organization\",\"@id\":\"http:\\\/\\\/nogsteedshypo.nl\\\/#organization\",\"name\":\"Ancora ipo\",\"url\":\"http:\\\/\\\/nogsteedshypo.nl\\\/\",\"logo\":{\"@type\":\"ImageObject\",\"inLanguage\":\"it-IT\",\"@id\":\"http:\\\/\\\/nogsteedshypo.nl\\\/#\\\/schema\\\/logo\\\/image\\\/\",\"url\":\"http:\\\/\\\/nogsteedshypo.nl\\\/wp-content\\\/uploads\\\/2013\\\/10\\\/cropped-cropped-cropped-kleinere-foto-gedownload-voor-header-site2-1.jpg\",\"contentUrl\":\"http:\\\/\\\/nogsteedshypo.nl\\\/wp-content\\\/uploads\\\/2013\\\/10\\\/cropped-cropped-cropped-kleinere-foto-gedownload-voor-header-site2-1.jpg\",\"width\":800,\"height\":380,\"caption\":\"Ancora ipo\"},\"image\":{\"@id\":\"http:\\\/\\\/nogsteedshypo.nl\\\/#\\\/schema\\\/logo\\\/image\\\/\"},\"sameAs\":[\"https:\\\/\\\/www.facebook.com\\\/AncoraIpo\"]}]}<\/script>\n<!-- \/ Yoast SEO plugin. -->","yoast_head_json":{"title":"Testimonianza di Silvia (36 anni, paziente con la malattia di Hashimoto) - Nog Steeds Hypo","robots":{"index":"index","follow":"follow","max-snippet":"max-snippet:-1","max-image-preview":"max-image-preview:large","max-video-preview":"max-video-preview:-1"},"canonical":"https:\/\/nogsteedshypo.nl\/?page_id=1306","og_locale":"it_IT","og_type":"article","og_title":"Testimonianza di Silvia (36 anni, paziente con la malattia di Hashimoto) - Nog Steeds Hypo","og_description":"Sono 20 anni che penso di avere problemi con la tiroide.\u00a0Da quando avevo 15 anni sono cominciati i primi sintomi, con ciclo irregolare, sbalzi di peso e umore da esaurita.\u00a0Ero sempre stanca, svogliata, con sintomi d&#8217;orticaria improvvisi, ma vista la&hellip; Continue reading &laquo;Testimonianza di Silvia (36 anni, paziente con la malattia di Hashimoto)&raquo;","og_url":"https:\/\/nogsteedshypo.nl\/?page_id=1306","og_site_name":"Nog Steeds Hypo","article_publisher":"https:\/\/www.facebook.com\/AncoraIpo","article_modified_time":"2014-06-14T16:44:11+00:00","og_image":[{"url":"http:\/\/nogsteedshypo.nl\/wp-content\/uploads\/2014\/02\/foto-silvia-voor-testimonianza-patient-blog.jpg","type":"","width":"","height":""}],"twitter_misc":{"Tempo di lettura stimato":"3 minuti"},"schema":{"@context":"https:\/\/schema.org","@graph":[{"@type":"WebPage","@id":"https:\/\/nogsteedshypo.nl\/?page_id=1306","url":"https:\/\/nogsteedshypo.nl\/?page_id=1306","name":"Testimonianza di Silvia (36 anni, paziente con la malattia di Hashimoto) - Nog Steeds Hypo","isPartOf":{"@id":"http:\/\/nogsteedshypo.nl\/#website"},"primaryImageOfPage":{"@id":"https:\/\/nogsteedshypo.nl\/?page_id=1306#primaryimage"},"image":{"@id":"https:\/\/nogsteedshypo.nl\/?page_id=1306#primaryimage"},"thumbnailUrl":"http:\/\/nogsteedshypo.nl\/wp-content\/uploads\/2014\/02\/foto-silvia-voor-testimonianza-patient-blog.jpg","datePublished":"2014-02-16T13:43:25+00:00","dateModified":"2014-06-14T16:44:11+00:00","breadcrumb":{"@id":"https:\/\/nogsteedshypo.nl\/?page_id=1306#breadcrumb"},"inLanguage":"it-IT","potentialAction":[{"@type":"ReadAction","target":["https:\/\/nogsteedshypo.nl\/?page_id=1306"]}]},{"@type":"ImageObject","inLanguage":"it-IT","@id":"https:\/\/nogsteedshypo.nl\/?page_id=1306#primaryimage","url":"https:\/\/nogsteedshypo.nl\/wp-content\/uploads\/2014\/02\/foto-silvia-voor-testimonianza-patient-blog.jpg","contentUrl":"https:\/\/nogsteedshypo.nl\/wp-content\/uploads\/2014\/02\/foto-silvia-voor-testimonianza-patient-blog.jpg","width":115,"height":148},{"@type":"BreadcrumbList","@id":"https:\/\/nogsteedshypo.nl\/?page_id=1306#breadcrumb","itemListElement":[{"@type":"ListItem","position":1,"name":"Home","item":"http:\/\/nogsteedshypo.nl\/"},{"@type":"ListItem","position":2,"name":"Testimonianza di Silvia (36 anni, paziente con la malattia di Hashimoto)"}]},{"@type":"WebSite","@id":"http:\/\/nogsteedshypo.nl\/#website","url":"http:\/\/nogsteedshypo.nl\/","name":"Ancora ipo","description":"Als de standaardmedicijnen niet werken\u2026","publisher":{"@id":"http:\/\/nogsteedshypo.nl\/#organization"},"potentialAction":[{"@type":"SearchAction","target":{"@type":"EntryPoint","urlTemplate":"http:\/\/nogsteedshypo.nl\/?s={search_term_string}"},"query-input":{"@type":"PropertyValueSpecification","valueRequired":true,"valueName":"search_term_string"}}],"inLanguage":"it-IT"},{"@type":"Organization","@id":"http:\/\/nogsteedshypo.nl\/#organization","name":"Ancora ipo","url":"http:\/\/nogsteedshypo.nl\/","logo":{"@type":"ImageObject","inLanguage":"it-IT","@id":"http:\/\/nogsteedshypo.nl\/#\/schema\/logo\/image\/","url":"http:\/\/nogsteedshypo.nl\/wp-content\/uploads\/2013\/10\/cropped-cropped-cropped-kleinere-foto-gedownload-voor-header-site2-1.jpg","contentUrl":"http:\/\/nogsteedshypo.nl\/wp-content\/uploads\/2013\/10\/cropped-cropped-cropped-kleinere-foto-gedownload-voor-header-site2-1.jpg","width":800,"height":380,"caption":"Ancora ipo"},"image":{"@id":"http:\/\/nogsteedshypo.nl\/#\/schema\/logo\/image\/"},"sameAs":["https:\/\/www.facebook.com\/AncoraIpo"]}]}},"_links":{"self":[{"href":"https:\/\/nogsteedshypo.nl\/index.php?rest_route=\/wp\/v2\/pages\/1306","targetHints":{"allow":["GET"]}}],"collection":[{"href":"https:\/\/nogsteedshypo.nl\/index.php?rest_route=\/wp\/v2\/pages"}],"about":[{"href":"https:\/\/nogsteedshypo.nl\/index.php?rest_route=\/wp\/v2\/types\/page"}],"author":[{"embeddable":true,"href":"https:\/\/nogsteedshypo.nl\/index.php?rest_route=\/wp\/v2\/users\/1"}],"replies":[{"embeddable":true,"href":"https:\/\/nogsteedshypo.nl\/index.php?rest_route=%2Fwp%2Fv2%2Fcomments&post=1306"}],"version-history":[{"count":32,"href":"https:\/\/nogsteedshypo.nl\/index.php?rest_route=\/wp\/v2\/pages\/1306\/revisions"}],"predecessor-version":[{"id":1367,"href":"https:\/\/nogsteedshypo.nl\/index.php?rest_route=\/wp\/v2\/pages\/1306\/revisions\/1367"}],"wp:attachment":[{"href":"https:\/\/nogsteedshypo.nl\/index.php?rest_route=%2Fwp%2Fv2%2Fmedia&parent=1306"}],"curies":[{"name":"wp","href":"https:\/\/api.w.org\/{rel}","templated":true}]}}