{"id":1291,"date":"2014-02-11T19:57:30","date_gmt":"2014-02-11T19:57:30","guid":{"rendered":"http:\/\/nogsteedshypo.nl\/?page_id=1291"},"modified":"2014-06-14T16:52:53","modified_gmt":"2014-06-14T16:52:53","slug":"et-tu-glutine-blog-post-di-jen-wittman","status":"publish","type":"page","link":"https:\/\/nogsteedshypo.nl\/?page_id=1291","title":{"rendered":"Et tu, Glutine?"},"content":{"rendered":"<div id=\"post-entry-excerpt-1291\" class=\"entry-part\"><p><span style=\"font-size: 16px;\"><a href=\"http:\/\/nogsteedshypo.nl\/wp-content\/uploads\/2014\/02\/jen-wittman-et-tu-glutine-foto.jpg\"><img loading=\"lazy\" decoding=\"async\" class=\"alignleft wp-image-1292 size-thumbnail\" style=\"margin: 10px 15px 0px 0px;\" src=\"http:\/\/nogsteedshypo.nl\/wp-content\/uploads\/2014\/02\/jen-wittman-et-tu-glutine-foto-150x146.jpg\" alt=\"jen wittman et tu glutine foto\" width=\"150\" height=\"146\" \/><\/a><span style=\"font-size: 12pt;\">Blog post da Jen Wittman, scrittrice Americana occasionale per ThyroidChange, pubblicato il 31-01-2014, tradotto in Italiano.<br \/>\nll titolo \u2018Et tu, Glutine?\u2019 riferisce al teatro di Shakespeare sull&#8217;omicidio di Giulio Cesare. Shakespeare ha drammatizato l\u2019omicidio facendo dire a Giulo Cesare \u2018Et tu, Bruto?\u2019 (\u2018Anche tu, Bruto?). Il teatro di Shakespeare ha reso famose queste parole, mentre secondo la storia in realt\u00e0 Giulio Cesare mor\u00ec senza parole. Con le parole \u2018Et tu, Glutine?\u2019 Jen intende trasmettere che il glutine \u00e8 un nemico nascosto.<\/span><\/span><\/p>\n<p><strong style=\"font-size: 16px;\">Et tu, Glutine?<\/strong><\/p>\n<p><span style=\"font-size: 16px;\">Jen Wittman, che soffriva della malattia di Hashimoto, \u00e8 diventata esperta della salute e coach di pazienti di malattie della tiroide. Tramite il suo corso online gratuito TLC Power Sessions, Intensive, Retreat e Home Healing Program Jen supporta persone che soffrono di malattie della tiroide. Il suo ultimo progetto \u201cYour Favorite Thyroid Diet &amp; Cookbook\u201d (Il tuo libro preferito di dieta tiroidea &amp; cucina) verr\u00e0 pubblicato a Marzo 2014.<\/span><\/p>\n<p><span style=\"font-size: 16px;\">Vi racconto un po di me stessa. Lavoro come chef qualificata da 14 anni. Amo il buon cibo e amo mangiare. Quasi 10 anni fa mio marito ed io abbiamo risparmiato soldi per 7 anni cosicch\u00e9 potessi seguire il mio sogno di cucinare in Italia. Ho detto Italia! Casa della pi\u00f9 soffice e avvolgente pasta che si possa mangiare. Quando abitavamo in Italia cominciavamo la giornata scendendo 104 gradini per andare al \u2018bar\u2019 (dove si pu\u00f2 fare la prima colazione). Ordinavo un cappuccino e un pasticcino ogni giorno. Per pranzo sceglievo i formaggi, la carne e le olive pi\u00f9 fini che mi potevo permettere e una pagnotta di pane fresco. Per pranzo andavo in una piccola trattoria per godermi le cose per cui \u00e8 famosa l\u2019Italia \u2013 pizze perfette o un piatto di pasta deliziosa che era la fine del mondo. Spesso mangiavamo un dolce cremoso e un espresso o un digestivo.<\/span><\/p>\n<p><span style=\"font-size: 16px;\">Dopo avervi raccontato questo, vi sembro il tipo di ragazza che non ha solo rinunciato al caff\u00e8 ma anche al glutine? E invece, l\u2019ho fatto. Ecco perch\u00e9\u2026<\/span><\/p>\n<p><span style=\"font-size: 16px;\">Le molecole del glutine assomigliano al tessuto tiroideo. Questo che cosa significa per te? Significa che se hai l\u2019intestino permeabile (leaky gut) o una sensabilit\u00e0 al glutine, il tuo corpo sbaglier\u00e0 e attachera la tua tiroide, pensando\u00a0 che stia attacando le molecule del glutine.<\/span><\/p>\n<p><span style=\"font-size: 16px;\">Se soffri di ipotiroidismo \u00a0\u00e8 probabile al 90% che hai la malattia di Hashimoto, una malattia autoimmune. Questo vuol dire che come nel 90% dei tutti i casi di ipotiroidismo, \u00e8 probabile che il TUO corpo sta attacando la tua tiroide, distruggendone il suo tessuto. Tristemente la malatia di Hashimoto viene diagnostica erroneamente. \u00c8 possibile avere i livelli tiroidei perfettamente \u2018normali\u2019, ma essere comunque Hashimoto, ma spesso i medici non prescrivono esami del sangue extra per vedere se in realt\u00e0 se ne \u00e8 affetti, perch\u00e8 tanto poi la prassi \u00e8 sempre la stessa&#8230; medicinali.<\/span><\/p>\n<p><span style=\"font-size: 16px;\">Una malattia autoimmune significa che il corpo ha una risposta immunitaria esagerata contro sostanze e tessuti normalmente presenti nel corpo. \u00a0Inoltre la ghiandola tiroidea \u00e8 connessa a parecchi organi del corpo compreso il metabolismo dei surrenali, il funzionamento gastrointestinale, la produzione degli acidi dello stomaco, il metabolismo dell ormone surrenale, cambiamenti nella chimica del cervello e la disintossicazione del fegato. Quindi, quando una molecola di glutine fuoriesce attraverso le pareti del tratto digestivo, il corpo comincia ad attacare il glutine e inconsapevolmente attaca la tiroide continuandone la distruzione.<\/span><\/p>\n<p><span style=\"font-size: 16px;\"><strong>Questa \u00e8 roba seria. Alcuni medici e ricercatori delle malattie della tiroide insistono che se vuoi fermare la distruzione della tiroide, si deve eliminare del tutto il glutine. <\/strong><\/span><\/p>\n<p><span style=\"font-size: 16px;\">Forse avevi gi\u00e0 sentito tutto questo, ma adesso \u00e8 giunta l\u2019ora di agire. Se vuoi veramente curare il tuo disturbo della tiroide, devi alzare le mani e far cadere le brioches.<\/span><\/p>\n<p><span style=\"font-size: 16px;\">Ti chiedi: \u201cCome faccio a rinunciare alla mia pasta o pizza? Che cos\u2019altro mangio invece?\u201d. \u201cSar\u00f2 mai sazio?\u201d. Si, sarai sazio e ci sono tantissimi cibi deliziosi che normalmente non contengono glutine. \u00a0Rinunciare al glutine sembra una scelta infelice e scoraggiante, lo so. Ho vissuto sulla mia pelle questa cosa e prima di evitare il glutine non sapevo se ci sarei mai riuscita. Ma ce l\u2019ho fatta. E ho imparato un sacco di trucchi e ho tante nuove fonti di ricette da provare. Da quando ho smesso di mangiare glutine ho cominciato a sentirmi molto meglio e non ne sento pi\u00f9 il bisogno. Certo, del pane fresco appena uscito dal forno ha un profumo delizioso, ma il mio corpo in realt\u00e0 non lo desidera pi\u00f9. Se io c\u2019e l&#8217;ho fatta, c\u2019e la puoi fare anche tu\u2026. Basta farlo!<\/span><\/p>\n<p><span style=\"font-size: 16px;\">articolo originale di ThyroidChange:<a href=\" http:\/\/www.thyroidchange.org\/2\/post\/2014\/01\/et-tu-gluten.html\" target=\"_blank\"> http:\/\/www.thyroidchange.org\/2\/post\/2014\/01\/et-tu-gluten.html<\/a><\/span><\/p>\n<\/div><div id=\"post-footer-1291\" class=\"post-footer clear\"><\/div>","protected":false},"excerpt":{"rendered":"<p>Blog post da Jen Wittman, scrittrice Americana occasionale per ThyroidChange, pubblicato il 31-01-2014, tradotto in Italiano. ll titolo \u2018Et tu, Glutine?\u2019 riferisce al teatro di Shakespeare sull&#8217;omicidio di Giulio Cesare. Shakespeare ha drammatizato l\u2019omicidio facendo dire a Giulo Cesare \u2018Et&hellip; <a href=\"https:\/\/nogsteedshypo.nl\/et-tu-glutine-blog-post-di-jen-wittman\/\" title=\"Continue reading &laquo;Et tu, Glutine?  &raquo;\" class=\"more-link\">Continue reading &laquo;Et tu, Glutine?  &raquo;<\/a><\/p>\n","protected":false},"author":1,"featured_media":0,"parent":0,"menu_order":0,"comment_status":"closed","ping_status":"open","template":"","meta":{"footnotes":""},"class_list":["post-1291","page","type-page","status-publish","hentry"],"yoast_head":"<!-- This site is optimized with the Yoast SEO plugin v27.4 - https:\/\/yoast.com\/product\/yoast-seo-wordpress\/ -->\n<title>Et tu, Glutine?  - Nog Steeds Hypo<\/title>\n<meta name=\"robots\" content=\"index, follow, max-snippet:-1, max-image-preview:large, max-video-preview:-1\" \/>\n<link rel=\"canonical\" href=\"https:\/\/nogsteedshypo.nl\/?page_id=1291\" \/>\n<meta property=\"og:locale\" content=\"it_IT\" \/>\n<meta property=\"og:type\" content=\"article\" \/>\n<meta property=\"og:title\" content=\"Et tu, Glutine?  - Nog Steeds Hypo\" \/>\n<meta property=\"og:description\" content=\"Blog post da Jen Wittman, scrittrice Americana occasionale per ThyroidChange, pubblicato il 31-01-2014, tradotto in Italiano. ll titolo \u2018Et tu, Glutine?\u2019 riferisce al teatro di Shakespeare sull&#8217;omicidio di Giulio Cesare. Shakespeare ha drammatizato l\u2019omicidio facendo dire a Giulo Cesare \u2018Et&hellip; Continue reading &laquo;Et tu, Glutine? &raquo;\" \/>\n<meta property=\"og:url\" content=\"https:\/\/nogsteedshypo.nl\/?page_id=1291\" \/>\n<meta property=\"og:site_name\" content=\"Nog Steeds Hypo\" \/>\n<meta property=\"article:publisher\" content=\"https:\/\/www.facebook.com\/AncoraIpo\" \/>\n<meta property=\"article:modified_time\" content=\"2014-06-14T16:52:53+00:00\" \/>\n<meta property=\"og:image\" content=\"http:\/\/nogsteedshypo.nl\/wp-content\/uploads\/2014\/02\/jen-wittman-et-tu-glutine-foto-150x146.jpg\" \/>\n<meta name=\"twitter:label1\" content=\"Tempo di lettura stimato\" \/>\n\t<meta name=\"twitter:data1\" content=\"4 minuti\" \/>\n<script type=\"application\/ld+json\" class=\"yoast-schema-graph\">{\"@context\":\"https:\\\/\\\/schema.org\",\"@graph\":[{\"@type\":\"WebPage\",\"@id\":\"https:\\\/\\\/nogsteedshypo.nl\\\/?page_id=1291\",\"url\":\"https:\\\/\\\/nogsteedshypo.nl\\\/?page_id=1291\",\"name\":\"Et tu, Glutine? - Nog Steeds Hypo\",\"isPartOf\":{\"@id\":\"http:\\\/\\\/nogsteedshypo.nl\\\/#website\"},\"primaryImageOfPage\":{\"@id\":\"https:\\\/\\\/nogsteedshypo.nl\\\/?page_id=1291#primaryimage\"},\"image\":{\"@id\":\"https:\\\/\\\/nogsteedshypo.nl\\\/?page_id=1291#primaryimage\"},\"thumbnailUrl\":\"http:\\\/\\\/nogsteedshypo.nl\\\/wp-content\\\/uploads\\\/2014\\\/02\\\/jen-wittman-et-tu-glutine-foto-150x146.jpg\",\"datePublished\":\"2014-02-11T19:57:30+00:00\",\"dateModified\":\"2014-06-14T16:52:53+00:00\",\"breadcrumb\":{\"@id\":\"https:\\\/\\\/nogsteedshypo.nl\\\/?page_id=1291#breadcrumb\"},\"inLanguage\":\"it-IT\",\"potentialAction\":[{\"@type\":\"ReadAction\",\"target\":[\"https:\\\/\\\/nogsteedshypo.nl\\\/?page_id=1291\"]}]},{\"@type\":\"ImageObject\",\"inLanguage\":\"it-IT\",\"@id\":\"https:\\\/\\\/nogsteedshypo.nl\\\/?page_id=1291#primaryimage\",\"url\":\"https:\\\/\\\/nogsteedshypo.nl\\\/wp-content\\\/uploads\\\/2014\\\/02\\\/jen-wittman-et-tu-glutine-foto.jpg\",\"contentUrl\":\"https:\\\/\\\/nogsteedshypo.nl\\\/wp-content\\\/uploads\\\/2014\\\/02\\\/jen-wittman-et-tu-glutine-foto.jpg\",\"width\":219,\"height\":146},{\"@type\":\"BreadcrumbList\",\"@id\":\"https:\\\/\\\/nogsteedshypo.nl\\\/?page_id=1291#breadcrumb\",\"itemListElement\":[{\"@type\":\"ListItem\",\"position\":1,\"name\":\"Home\",\"item\":\"http:\\\/\\\/nogsteedshypo.nl\\\/\"},{\"@type\":\"ListItem\",\"position\":2,\"name\":\"Et tu, Glutine?\"}]},{\"@type\":\"WebSite\",\"@id\":\"http:\\\/\\\/nogsteedshypo.nl\\\/#website\",\"url\":\"http:\\\/\\\/nogsteedshypo.nl\\\/\",\"name\":\"Ancora ipo\",\"description\":\"Als de standaardmedicijnen niet werken\u2026\",\"publisher\":{\"@id\":\"http:\\\/\\\/nogsteedshypo.nl\\\/#organization\"},\"potentialAction\":[{\"@type\":\"SearchAction\",\"target\":{\"@type\":\"EntryPoint\",\"urlTemplate\":\"http:\\\/\\\/nogsteedshypo.nl\\\/?s={search_term_string}\"},\"query-input\":{\"@type\":\"PropertyValueSpecification\",\"valueRequired\":true,\"valueName\":\"search_term_string\"}}],\"inLanguage\":\"it-IT\"},{\"@type\":\"Organization\",\"@id\":\"http:\\\/\\\/nogsteedshypo.nl\\\/#organization\",\"name\":\"Ancora ipo\",\"url\":\"http:\\\/\\\/nogsteedshypo.nl\\\/\",\"logo\":{\"@type\":\"ImageObject\",\"inLanguage\":\"it-IT\",\"@id\":\"http:\\\/\\\/nogsteedshypo.nl\\\/#\\\/schema\\\/logo\\\/image\\\/\",\"url\":\"http:\\\/\\\/nogsteedshypo.nl\\\/wp-content\\\/uploads\\\/2013\\\/10\\\/cropped-cropped-cropped-kleinere-foto-gedownload-voor-header-site2-1.jpg\",\"contentUrl\":\"http:\\\/\\\/nogsteedshypo.nl\\\/wp-content\\\/uploads\\\/2013\\\/10\\\/cropped-cropped-cropped-kleinere-foto-gedownload-voor-header-site2-1.jpg\",\"width\":800,\"height\":380,\"caption\":\"Ancora ipo\"},\"image\":{\"@id\":\"http:\\\/\\\/nogsteedshypo.nl\\\/#\\\/schema\\\/logo\\\/image\\\/\"},\"sameAs\":[\"https:\\\/\\\/www.facebook.com\\\/AncoraIpo\"]}]}<\/script>\n<!-- \/ Yoast SEO plugin. -->","yoast_head_json":{"title":"Et tu, Glutine?  - Nog Steeds Hypo","robots":{"index":"index","follow":"follow","max-snippet":"max-snippet:-1","max-image-preview":"max-image-preview:large","max-video-preview":"max-video-preview:-1"},"canonical":"https:\/\/nogsteedshypo.nl\/?page_id=1291","og_locale":"it_IT","og_type":"article","og_title":"Et tu, Glutine?  - Nog Steeds Hypo","og_description":"Blog post da Jen Wittman, scrittrice Americana occasionale per ThyroidChange, pubblicato il 31-01-2014, tradotto in Italiano. ll titolo \u2018Et tu, Glutine?\u2019 riferisce al teatro di Shakespeare sull&#8217;omicidio di Giulio Cesare. Shakespeare ha drammatizato l\u2019omicidio facendo dire a Giulo Cesare \u2018Et&hellip; Continue reading &laquo;Et tu, Glutine? &raquo;","og_url":"https:\/\/nogsteedshypo.nl\/?page_id=1291","og_site_name":"Nog Steeds Hypo","article_publisher":"https:\/\/www.facebook.com\/AncoraIpo","article_modified_time":"2014-06-14T16:52:53+00:00","og_image":[{"url":"http:\/\/nogsteedshypo.nl\/wp-content\/uploads\/2014\/02\/jen-wittman-et-tu-glutine-foto-150x146.jpg","type":"","width":"","height":""}],"twitter_misc":{"Tempo di lettura stimato":"4 minuti"},"schema":{"@context":"https:\/\/schema.org","@graph":[{"@type":"WebPage","@id":"https:\/\/nogsteedshypo.nl\/?page_id=1291","url":"https:\/\/nogsteedshypo.nl\/?page_id=1291","name":"Et tu, Glutine? - Nog Steeds Hypo","isPartOf":{"@id":"http:\/\/nogsteedshypo.nl\/#website"},"primaryImageOfPage":{"@id":"https:\/\/nogsteedshypo.nl\/?page_id=1291#primaryimage"},"image":{"@id":"https:\/\/nogsteedshypo.nl\/?page_id=1291#primaryimage"},"thumbnailUrl":"http:\/\/nogsteedshypo.nl\/wp-content\/uploads\/2014\/02\/jen-wittman-et-tu-glutine-foto-150x146.jpg","datePublished":"2014-02-11T19:57:30+00:00","dateModified":"2014-06-14T16:52:53+00:00","breadcrumb":{"@id":"https:\/\/nogsteedshypo.nl\/?page_id=1291#breadcrumb"},"inLanguage":"it-IT","potentialAction":[{"@type":"ReadAction","target":["https:\/\/nogsteedshypo.nl\/?page_id=1291"]}]},{"@type":"ImageObject","inLanguage":"it-IT","@id":"https:\/\/nogsteedshypo.nl\/?page_id=1291#primaryimage","url":"https:\/\/nogsteedshypo.nl\/wp-content\/uploads\/2014\/02\/jen-wittman-et-tu-glutine-foto.jpg","contentUrl":"https:\/\/nogsteedshypo.nl\/wp-content\/uploads\/2014\/02\/jen-wittman-et-tu-glutine-foto.jpg","width":219,"height":146},{"@type":"BreadcrumbList","@id":"https:\/\/nogsteedshypo.nl\/?page_id=1291#breadcrumb","itemListElement":[{"@type":"ListItem","position":1,"name":"Home","item":"http:\/\/nogsteedshypo.nl\/"},{"@type":"ListItem","position":2,"name":"Et tu, Glutine?"}]},{"@type":"WebSite","@id":"http:\/\/nogsteedshypo.nl\/#website","url":"http:\/\/nogsteedshypo.nl\/","name":"Ancora ipo","description":"Als de standaardmedicijnen niet werken\u2026","publisher":{"@id":"http:\/\/nogsteedshypo.nl\/#organization"},"potentialAction":[{"@type":"SearchAction","target":{"@type":"EntryPoint","urlTemplate":"http:\/\/nogsteedshypo.nl\/?s={search_term_string}"},"query-input":{"@type":"PropertyValueSpecification","valueRequired":true,"valueName":"search_term_string"}}],"inLanguage":"it-IT"},{"@type":"Organization","@id":"http:\/\/nogsteedshypo.nl\/#organization","name":"Ancora ipo","url":"http:\/\/nogsteedshypo.nl\/","logo":{"@type":"ImageObject","inLanguage":"it-IT","@id":"http:\/\/nogsteedshypo.nl\/#\/schema\/logo\/image\/","url":"http:\/\/nogsteedshypo.nl\/wp-content\/uploads\/2013\/10\/cropped-cropped-cropped-kleinere-foto-gedownload-voor-header-site2-1.jpg","contentUrl":"http:\/\/nogsteedshypo.nl\/wp-content\/uploads\/2013\/10\/cropped-cropped-cropped-kleinere-foto-gedownload-voor-header-site2-1.jpg","width":800,"height":380,"caption":"Ancora ipo"},"image":{"@id":"http:\/\/nogsteedshypo.nl\/#\/schema\/logo\/image\/"},"sameAs":["https:\/\/www.facebook.com\/AncoraIpo"]}]}},"_links":{"self":[{"href":"https:\/\/nogsteedshypo.nl\/index.php?rest_route=\/wp\/v2\/pages\/1291","targetHints":{"allow":["GET"]}}],"collection":[{"href":"https:\/\/nogsteedshypo.nl\/index.php?rest_route=\/wp\/v2\/pages"}],"about":[{"href":"https:\/\/nogsteedshypo.nl\/index.php?rest_route=\/wp\/v2\/types\/page"}],"author":[{"embeddable":true,"href":"https:\/\/nogsteedshypo.nl\/index.php?rest_route=\/wp\/v2\/users\/1"}],"replies":[{"embeddable":true,"href":"https:\/\/nogsteedshypo.nl\/index.php?rest_route=%2Fwp%2Fv2%2Fcomments&post=1291"}],"version-history":[{"count":22,"href":"https:\/\/nogsteedshypo.nl\/index.php?rest_route=\/wp\/v2\/pages\/1291\/revisions"}],"predecessor-version":[{"id":1375,"href":"https:\/\/nogsteedshypo.nl\/index.php?rest_route=\/wp\/v2\/pages\/1291\/revisions\/1375"}],"wp:attachment":[{"href":"https:\/\/nogsteedshypo.nl\/index.php?rest_route=%2Fwp%2Fv2%2Fmedia&parent=1291"}],"curies":[{"name":"wp","href":"https:\/\/api.w.org\/{rel}","templated":true}]}}