{"id":1009,"date":"2013-12-01T00:03:57","date_gmt":"2013-12-01T00:03:57","guid":{"rendered":"http:\/\/nogsteedshypo.nl\/?page_id=1009"},"modified":"2013-12-01T15:02:44","modified_gmt":"2013-12-01T15:02:44","slug":"articoli-ed-interviste","status":"publish","type":"page","link":"https:\/\/nogsteedshypo.nl\/?page_id=1009","title":{"rendered":"Intervista con Erfa Thyroid"},"content":{"rendered":"<div id=\"post-entry-excerpt-1009\" class=\"entry-part\"><p><span style=\"font-size: 16px;\"><a href=\"http:\/\/nogsteedshypo.nl\/wp-content\/uploads\/2013\/12\/dr-henri-knafo-interview-erfa-thyroid.jpg\"><img loading=\"lazy\" decoding=\"async\" class=\"alignleft size-thumbnail wp-image-1026\" alt=\"dr henri knafo interview erfa thyroid\" src=\"http:\/\/nogsteedshypo.nl\/wp-content\/uploads\/2013\/12\/dr-henri-knafo-interview-erfa-thyroid-150x150.jpg\" width=\"150\" height=\"150\" srcset=\"https:\/\/nogsteedshypo.nl\/wp-content\/uploads\/2013\/12\/dr-henri-knafo-interview-erfa-thyroid-150x150.jpg 150w, https:\/\/nogsteedshypo.nl\/wp-content\/uploads\/2013\/12\/dr-henri-knafo-interview-erfa-thyroid-80x80.jpg 80w\" sizes=\"auto, (max-width: 150px) 100vw, 150px\" \/><\/a>Un intervista tradotta in Italiano, rilasciata il 13 settembre 2013 con il dottor Henri Knafo direttore medico di Erfa Thyroid. Erfa \u00e8 una marca di secca. Dottor Knafo risponde ad alcune domande. Le pastiglie Erfa sono disponibili nella maggior parte dalle farmacie <a href=\"http:\/\/nogsteedshypo.nl\/?page_id=267\" target=\"_blank\">della lista del sito Ancora Ipo<\/a>. Secondo dottor Knafo \u00e8 disponibile almeno nelle farmacie Springfield, Pharm-Assay e Merloni la Farmacia Internazionale Dr Merloni di Chiasso. In Italia \u00e8 una medicinale non mutuabile. \u00a0<\/span><\/p>\n<p><b style=\"font-size: 16px;\"><br \/>\nAlcuni medici ritengono l\u2019ormone tiroideo naturale <\/b><b style=\"font-size: 16px;\">\u201dimpuro\u201d. Cosa risponde per contrastare questa convinzione? \u00a0<\/b><\/p>\n<p><span style=\"font-size: 16px;\">Il nostro prodotto \u00e8 stato disegnato e prodotto da Pfizer (Park Davis). Abbiamo acquistato il prodotto da loro. \u00c8 stato disegnato come cura medicinale standard. Non \u00e8 una cura impura.\u00a0<\/span><\/p>\n<p><strong style=\"font-size: 16px;\">Dove viene prodotto il vostro ormone tiroideo naturale?\u00a0<\/strong><\/p>\n<p><span style=\"font-size: 16px;\">Anche se gli ingredienti principali vengono dagli Stati Uniti il nostro ormone viene prodotto in Europa (Belgio) e distribuito in Canada.\u00a0<strong><\/strong><\/span><\/p>\n<p><strong style=\"font-size: 16px;\">Come viene prodotto il vostro ormone?<\/strong><\/p>\n<p><span style=\"font-size: 16px;\">Tutto l\u2019organo viene estratto, testato, purificato (da batterii ecc), essiccato e polverizzato<strong>. <\/strong><\/span><\/p>\n<p><strong style=\"font-size: 16px;\">Pu\u00f2 essere somministrato sublinguale?<\/strong><strong style=\"font-size: 16px;\">*<\/strong><\/p>\n<p><span style=\"font-size: 16px;\">Non abbiamo tanta informazione sulla somministrazione sublinguale. Secondo la mia opinione funziona comunque. Parecchi pazienti lo somministrano sublinguale e i loro esami del sangue risultano normali. Il modo di somministrare \u00e8 importante: appena alzati la mattina presto, solo con un bicchiere d\u2019acqua, almeno 45 minuti-1 ora prima di mangiare e 4 ore separati da integratori o cibi che contengono alte concentrazioni di calcio.\u00a0 <\/span><\/p>\n<p><strong style=\"font-size: 16px;\">Erfa Thyroid \u00e8 senza glutine?<\/strong><\/p>\n<p><span style=\"font-size: 16px;\">Si, \u00e8 senza glutine. Il nostro impianto di produzione non produce nessun prodotto collegato al glutine. Abbiamo anche parecchi pazienti sensibili al glutine che usano il nostro prodotto. Non ci \u00e8 mai stato riferito un effetto collaterale in questi pazienti. <\/span><\/p>\n<p><strong style=\"font-size: 16px;\">Erfa Thyroid \u00e8 privo di latticini?<\/strong><\/p>\n<p><span style=\"font-size: 16px;\">No. Il nostro prodotto viene a contatto con lattosio durante il processo di purificazione e potrebbe contenere tracce di lattosio. Tuttavia l\u2019allergia al lattosio \u00e8 estremamente raro e persone intolleranti al lattosio non dovrebbero essere afflitti.\u00a0 <\/span><\/p>\n<p><strong style=\"font-size: 16px;\">Gli animali sono attestati privi di ormoni e antibiotici?\u00a0<\/strong><\/p>\n<p><span style=\"font-size: 16px;\">No. Come gli animali usati in tutti gli ormoni tiroidei naturali negli Stati Uniti la ghiandola tiroidea viene estratta di animali che sono destinati al consumo umano. Non possiamo garantire che sia privo di antibiotici.<strong><br \/>\n<\/strong><\/span><span style=\"font-size: 16px;\"><strong><br \/>\nQuali sono gli eccipienti?<\/strong><\/span><\/p>\n<p><span style=\"font-size: 16px;\">Amido di mais, talco (legante), magnesio stearato\u00a0(agente\u00a0di flusso) &amp; zucchero* (saccarosio Europeo USP che aumenta l\u2019assorbimento.)\u00a0<\/span><\/p>\n<p><span style=\"font-size: 16px;\">*Parecchi esperti internazionali di ormone tiroideo naturale sono favorevoli all\u2019 aggiunti dello zucchero al preparato.<\/span><\/p>\n<p><b style=\"font-size: 16px;\">Quali misure adottate per confermare il dosaggio\/l\u2019efficacia di ogni lotto?<\/b><\/p>\n<p><span style=\"font-size: 16px;\">Health Canada (ministero della salute Canadese) ha approvato il nostro processo di produzione e controlli. Ogni lotto viene testato per il contenuto di ormoni. Abbiamo anche l\u2019obbligo opposto da Health Canada di segnalare ogni effetto collaterale o mancanza di efficacia. Tutti i rapporti vengono analizzati e segnalati sul sito di Health Canada. \u00a0<\/span><\/p>\n<p><strong style=\"font-size: 16px;\">Esiste una\u00a0deviazione\u00a0accettabile tra ciascun lotto?<\/strong><\/p>\n<p><span style=\"font-size: 16px;\">Health Canada permette un massimo del 10% di variazione tra ciascun lotto. Tuttavia raramente superiamo il 5%<\/span><strong style=\"font-size: 16px;\">.<\/strong><\/p>\n<p><strong style=\"font-size: 16px;\">Avete intenzione di produrre altri dosaggi nel futuro?\u00a0<\/strong><\/p>\n<p><span style=\"font-size: 16px;\">Abbiamo solo una licenza per 30, 60 e 125 mg. Aggiungere un dosaggio \u00e8 estremamente complicato in Canada, perch\u00e9 deve passare importanti fasi\u00a0di regolamentazione. Non abbiamo intenzione di aggiungere dosaggi diversi. <\/span><\/p>\n<p><strong style=\"font-size: 16px;\">Avete una scheda di conversione per marchi Statiunitensi (Synthroid, etc.)?<\/strong><\/p>\n<p><span style=\"font-size: 16px;\">Una parola di cautela. Ho visto tanti errori di conversione da Levotiroxina in Erfa Thyroid. Il modo migliore di convertire \u00e8 di consultare un medico o di contattarci direttamente. La nostra scheda di conversione (Table II) \u00e8 disponibile sul nostro sito. Per esempio se un paziente prende 100 mcgs di synthroid dovrebbe prendere intorno a 65 mg di Erfa Thyroid. Per\u00f2, a secondo dei livelli del sangue il medico aggiusta il dosaggio.<\/span><\/p>\n<p><strong style=\"font-size: 16px;\">Essendo un azienda farmaceutica Canadese, riuscite a compilare prescrizioni? \u00a0<\/strong><\/p>\n<p><span style=\"font-size: 16px;\">In ogni paese c\u2019\u00e8 un programma cos\u00ec chiamato per pazienti (in Canada lo chiamiamo un programma di accesso speciale). In casi speciali possiamo spedire medicazioni se c\u2019\u00e8 l\u2019autorizzazione di un medico dal paese di cui si tratta. Negli Stati Uniti l\u2019FDA non ha approvato l\u2019uso della tiroide essiccata come in Canada, dov\u2019\u00e8 legalmente approvata. L\u2019FDA \u00e8 stato tollerante e ha fatto attraversare qualche medicazione da Canada agli Stati Uniti. Questo potrebbe cambiare in futuro. \u00a0\u00a0<\/span><\/p>\n<p><strong style=\"font-size: 16px;\">L\u2019Erfa Thyroid dev\u2019essere conforme alle stesse condizioni dell US FDA come le medicine in base di ormoni tiroidei sintetici?<\/strong><\/p>\n<p><span style=\"font-size: 16px;\">Ci conformiamo alle stesse condizioni come ogni medicazione in Canada (medicazioni sintetiche incluse). Le nostre medicazioni sono stati approvati da Health Canada e i nostri certificati sono disponibili sul nostro sito. Non abbiamo a che fare con l\u2019FDA. \u00a0<\/span><\/p>\n<p><b style=\"font-size: 16px;\">L\u2019Erfa Thyroid \u00e8 mai stato richiamato?<\/b><\/p>\n<p><span style=\"font-size: 16px;\">No.<\/span><\/p>\n<p><b style=\"font-size: 16px;\">Un medico Statiunitense come deve compilare la prescrizione per l\u2019Erfa Thyroid?<\/b><\/p>\n<p><span style=\"font-size: 16px;\">Deve solo scrivere la prescrizione per l\u2019Erfa Thyroid o tiroide essiccata e includere il dosaggio e la quantit\u00e0. \u00a0<\/span><\/p>\n<p><strong style=\"font-size: 16px;\">Quale sono le opzioni di quantit\u00e0?<\/strong><\/p>\n<p><span style=\"font-size: 16px;\">Per esportare vendiamo solo la quantit\u00e0 di 100 pastiglie. Tuttavia, alcune farmacie Canadesi vendono la quantit\u00e0 di 500 pastiglie. Non siamo affiliati con nessuna farmacia Canadese. <\/span><\/p>\n<p><strong style=\"font-size: 16px;\">Quanto costa?<\/strong><\/p>\n<p><span style=\"font-size: 16px;\">Il prezzo abituale pu\u00f2 variare da farmacia a farmacia. Tuttavia, i pazienti possono acquistare direttamente da noi. Il vantaggio \u00e8 che le nostre medicazioni vengono tenute in stanze con temperature severamente controllate e per ragioni di stabilit\u00e0 vengono spedite nei container originali. I prezzi si trovano sul nostro sito: <a href=\"http:\/\/www.pharmasourcing.com\/\" target=\"_blank\">www.pharmasourcing.com<\/a>. <\/span><\/p>\n<p><span style=\"font-size: 16px;\"> <strong>Un paziente come f\u00e0 a compilare prescrizioni per l\u2019Erfa Thyroid?<\/strong><\/span><\/p>\n<p><span style=\"font-size: 16px;\">I pazienti che ordinano da Erfa possono inviare le loro prescrizioni tramite fax 1-514-931-7330 o mandare un messaggio a info@eci2012.net. Dopo aver inviato la prescrizione possono andare sul sito <a href=\"http:\/\/www.pharmasourcing.com\/\" target=\"_blank\">www.pharmasourcing.com<\/a> per pagare online. Le medicazioni vengono spedite entro 24 ore. Caroline \u00e8 responsabile per tutte gli ordini e pu\u00f2 essere contattata direttamente al numero 1-888-922-3133.<\/span><\/p>\n<p><strong style=\"font-size: 16px;\">Altre informazioni importanti:<\/strong><\/p>\n<p><span style=\"font-size: 16px;\">Se un paziente che prende l\u2019Erfa ha qualche problema siamo sempre disponibili per aiutarle e trovare una soluzione.<\/span><\/p>\n<p><span style=\"font-size: 16px;\">Siccome parecchi pazienti riferiscono che hanno la pelle molto secca vendiamo anche <a href=\"http:\/\/www.iskacanada.com\/super-moisturizing-cream\/\" target=\"_blank\">una crema viso<\/a> molto potente tramite il nostro sito (si pu\u00f2 ordinare insieme con le medicazioni).\u00a0<a href=\"http:\/\/www.iskacanada.com\/super-moisturizing-cream\/\" target=\"_blank\"><br \/>\n<\/a><\/span><\/p>\n<p><span style=\"font-size: 16px;\">Far\u00f2 una presentazione sull\u2019 ormone tiroideo naturale alla World Anti-Aging Society a Londra questo weekend. Finora il nostro \u00e8 l\u2019ormone tiroideo naturale il pi\u00f9 prescritto in Europa e il movimento Europeo diventa pi\u00f9 e pi\u00f9 importante. Dovrete parlare del <a href=\"http:\/\/www.ncbi.nlm.nih.gov\/pubmed\/23539727\" target=\"_blank\">nuovo studio clinico\u00a0randomizzato Statiunitense<\/a> che prova che pazienti preferiscono l\u2019ormone tiroideo naturale sopra gli ormoni sintetici. Quando un medico non \u00e8 disposto a prescrivere questa cura, dovrete portargli questo studio. Se avete bisogno di una copia sentitevi liberi di contattarci.<\/span><\/p>\n<p><strong><span style=\"font-size: 16px;\">Vorrei ringraziare il direttore medico di Erfa per aver messo a disposizione il suo tempo per rispondere alle nostre domande cos\u00ec profondamente. \u00c8 un vero piacere lavorare con lui..<\/span><\/strong><\/p>\n<p><span style=\"text-decoration: underline; font-size: 16px;\">Nota personale dalla redazione Ancora Ipo<\/span><\/p>\n<p><strong style=\"font-size: 16px;\">*<\/strong><span style=\"font-size: 16px;\">L\u2019Armour e l\u2019Erfa si possono assumere sublinguale (prima si mastica e poi la si fa sciogliere sotto la lingua). Il vantaggio \u00e8 che in questo modo l\u2019assorbimento non dipende dal funzionamento dell\u2019intestino che sopratutto nei pazienti con la malattia di Hashimoto spesso \u00e8 compromesso, ma entra in circolo direttamente nel sangue.<\/span><\/p>\n<\/div><div id=\"post-footer-1009\" class=\"post-footer clear\"><\/div>","protected":false},"excerpt":{"rendered":"<p>Un intervista tradotta in Italiano, rilasciata il 13 settembre 2013 con il dottor Henri Knafo direttore medico di Erfa Thyroid. Erfa \u00e8 una marca di secca. Dottor Knafo risponde ad alcune domande. Le pastiglie Erfa sono disponibili nella maggior parte&hellip; <a href=\"https:\/\/nogsteedshypo.nl\/articoli-ed-interviste\/\" title=\"Continue reading &laquo;Intervista con Erfa Thyroid&raquo;\" class=\"more-link\">Continue reading &laquo;Intervista con Erfa Thyroid&raquo;<\/a><\/p>\n","protected":false},"author":1,"featured_media":0,"parent":0,"menu_order":0,"comment_status":"closed","ping_status":"open","template":"","meta":{"footnotes":""},"class_list":["post-1009","page","type-page","status-publish","hentry"],"yoast_head":"<!-- This site is optimized with the Yoast SEO plugin v27.4 - https:\/\/yoast.com\/product\/yoast-seo-wordpress\/ -->\n<title>Intervista con Erfa Thyroid - Nog Steeds Hypo<\/title>\n<meta name=\"robots\" content=\"index, follow, max-snippet:-1, max-image-preview:large, max-video-preview:-1\" \/>\n<link rel=\"canonical\" href=\"https:\/\/nogsteedshypo.nl\/?page_id=1009\" \/>\n<meta property=\"og:locale\" content=\"it_IT\" \/>\n<meta property=\"og:type\" content=\"article\" \/>\n<meta property=\"og:title\" content=\"Intervista con Erfa Thyroid - Nog Steeds Hypo\" \/>\n<meta property=\"og:description\" content=\"Un intervista tradotta in Italiano, rilasciata il 13 settembre 2013 con il dottor Henri Knafo direttore medico di Erfa Thyroid. Erfa \u00e8 una marca di secca. Dottor Knafo risponde ad alcune domande. Le pastiglie Erfa sono disponibili nella maggior parte&hellip; Continue reading &laquo;Intervista con Erfa Thyroid&raquo;\" \/>\n<meta property=\"og:url\" content=\"https:\/\/nogsteedshypo.nl\/?page_id=1009\" \/>\n<meta property=\"og:site_name\" content=\"Nog Steeds Hypo\" \/>\n<meta property=\"article:publisher\" content=\"https:\/\/www.facebook.com\/AncoraIpo\" \/>\n<meta property=\"article:modified_time\" content=\"2013-12-01T15:02:44+00:00\" \/>\n<meta property=\"og:image\" content=\"http:\/\/nogsteedshypo.nl\/wp-content\/uploads\/2013\/12\/dr-henri-knafo-interview-erfa-thyroid-150x150.jpg\" \/>\n<meta name=\"twitter:label1\" content=\"Tempo di lettura stimato\" \/>\n\t<meta name=\"twitter:data1\" content=\"6 minuti\" \/>\n<script type=\"application\/ld+json\" class=\"yoast-schema-graph\">{\"@context\":\"https:\\\/\\\/schema.org\",\"@graph\":[{\"@type\":\"WebPage\",\"@id\":\"https:\\\/\\\/nogsteedshypo.nl\\\/?page_id=1009\",\"url\":\"https:\\\/\\\/nogsteedshypo.nl\\\/?page_id=1009\",\"name\":\"Intervista con Erfa Thyroid - Nog Steeds Hypo\",\"isPartOf\":{\"@id\":\"http:\\\/\\\/nogsteedshypo.nl\\\/#website\"},\"primaryImageOfPage\":{\"@id\":\"https:\\\/\\\/nogsteedshypo.nl\\\/?page_id=1009#primaryimage\"},\"image\":{\"@id\":\"https:\\\/\\\/nogsteedshypo.nl\\\/?page_id=1009#primaryimage\"},\"thumbnailUrl\":\"http:\\\/\\\/nogsteedshypo.nl\\\/wp-content\\\/uploads\\\/2013\\\/12\\\/dr-henri-knafo-interview-erfa-thyroid-150x150.jpg\",\"datePublished\":\"2013-12-01T00:03:57+00:00\",\"dateModified\":\"2013-12-01T15:02:44+00:00\",\"breadcrumb\":{\"@id\":\"https:\\\/\\\/nogsteedshypo.nl\\\/?page_id=1009#breadcrumb\"},\"inLanguage\":\"it-IT\",\"potentialAction\":[{\"@type\":\"ReadAction\",\"target\":[\"https:\\\/\\\/nogsteedshypo.nl\\\/?page_id=1009\"]}]},{\"@type\":\"ImageObject\",\"inLanguage\":\"it-IT\",\"@id\":\"https:\\\/\\\/nogsteedshypo.nl\\\/?page_id=1009#primaryimage\",\"url\":\"https:\\\/\\\/nogsteedshypo.nl\\\/wp-content\\\/uploads\\\/2013\\\/12\\\/dr-henri-knafo-interview-erfa-thyroid.jpg\",\"contentUrl\":\"https:\\\/\\\/nogsteedshypo.nl\\\/wp-content\\\/uploads\\\/2013\\\/12\\\/dr-henri-knafo-interview-erfa-thyroid.jpg\",\"width\":157,\"height\":205},{\"@type\":\"BreadcrumbList\",\"@id\":\"https:\\\/\\\/nogsteedshypo.nl\\\/?page_id=1009#breadcrumb\",\"itemListElement\":[{\"@type\":\"ListItem\",\"position\":1,\"name\":\"Home\",\"item\":\"http:\\\/\\\/nogsteedshypo.nl\\\/\"},{\"@type\":\"ListItem\",\"position\":2,\"name\":\"Intervista con Erfa Thyroid\"}]},{\"@type\":\"WebSite\",\"@id\":\"http:\\\/\\\/nogsteedshypo.nl\\\/#website\",\"url\":\"http:\\\/\\\/nogsteedshypo.nl\\\/\",\"name\":\"Ancora ipo\",\"description\":\"Als de standaardmedicijnen niet werken\u2026\",\"publisher\":{\"@id\":\"http:\\\/\\\/nogsteedshypo.nl\\\/#organization\"},\"potentialAction\":[{\"@type\":\"SearchAction\",\"target\":{\"@type\":\"EntryPoint\",\"urlTemplate\":\"http:\\\/\\\/nogsteedshypo.nl\\\/?s={search_term_string}\"},\"query-input\":{\"@type\":\"PropertyValueSpecification\",\"valueRequired\":true,\"valueName\":\"search_term_string\"}}],\"inLanguage\":\"it-IT\"},{\"@type\":\"Organization\",\"@id\":\"http:\\\/\\\/nogsteedshypo.nl\\\/#organization\",\"name\":\"Ancora ipo\",\"url\":\"http:\\\/\\\/nogsteedshypo.nl\\\/\",\"logo\":{\"@type\":\"ImageObject\",\"inLanguage\":\"it-IT\",\"@id\":\"http:\\\/\\\/nogsteedshypo.nl\\\/#\\\/schema\\\/logo\\\/image\\\/\",\"url\":\"http:\\\/\\\/nogsteedshypo.nl\\\/wp-content\\\/uploads\\\/2013\\\/10\\\/cropped-cropped-cropped-kleinere-foto-gedownload-voor-header-site2-1.jpg\",\"contentUrl\":\"http:\\\/\\\/nogsteedshypo.nl\\\/wp-content\\\/uploads\\\/2013\\\/10\\\/cropped-cropped-cropped-kleinere-foto-gedownload-voor-header-site2-1.jpg\",\"width\":800,\"height\":380,\"caption\":\"Ancora ipo\"},\"image\":{\"@id\":\"http:\\\/\\\/nogsteedshypo.nl\\\/#\\\/schema\\\/logo\\\/image\\\/\"},\"sameAs\":[\"https:\\\/\\\/www.facebook.com\\\/AncoraIpo\"]}]}<\/script>\n<!-- \/ Yoast SEO plugin. -->","yoast_head_json":{"title":"Intervista con Erfa Thyroid - Nog Steeds Hypo","robots":{"index":"index","follow":"follow","max-snippet":"max-snippet:-1","max-image-preview":"max-image-preview:large","max-video-preview":"max-video-preview:-1"},"canonical":"https:\/\/nogsteedshypo.nl\/?page_id=1009","og_locale":"it_IT","og_type":"article","og_title":"Intervista con Erfa Thyroid - Nog Steeds Hypo","og_description":"Un intervista tradotta in Italiano, rilasciata il 13 settembre 2013 con il dottor Henri Knafo direttore medico di Erfa Thyroid. Erfa \u00e8 una marca di secca. Dottor Knafo risponde ad alcune domande. Le pastiglie Erfa sono disponibili nella maggior parte&hellip; Continue reading &laquo;Intervista con Erfa Thyroid&raquo;","og_url":"https:\/\/nogsteedshypo.nl\/?page_id=1009","og_site_name":"Nog Steeds Hypo","article_publisher":"https:\/\/www.facebook.com\/AncoraIpo","article_modified_time":"2013-12-01T15:02:44+00:00","og_image":[{"url":"http:\/\/nogsteedshypo.nl\/wp-content\/uploads\/2013\/12\/dr-henri-knafo-interview-erfa-thyroid-150x150.jpg","type":"","width":"","height":""}],"twitter_misc":{"Tempo di lettura stimato":"6 minuti"},"schema":{"@context":"https:\/\/schema.org","@graph":[{"@type":"WebPage","@id":"https:\/\/nogsteedshypo.nl\/?page_id=1009","url":"https:\/\/nogsteedshypo.nl\/?page_id=1009","name":"Intervista con Erfa Thyroid - Nog Steeds Hypo","isPartOf":{"@id":"http:\/\/nogsteedshypo.nl\/#website"},"primaryImageOfPage":{"@id":"https:\/\/nogsteedshypo.nl\/?page_id=1009#primaryimage"},"image":{"@id":"https:\/\/nogsteedshypo.nl\/?page_id=1009#primaryimage"},"thumbnailUrl":"http:\/\/nogsteedshypo.nl\/wp-content\/uploads\/2013\/12\/dr-henri-knafo-interview-erfa-thyroid-150x150.jpg","datePublished":"2013-12-01T00:03:57+00:00","dateModified":"2013-12-01T15:02:44+00:00","breadcrumb":{"@id":"https:\/\/nogsteedshypo.nl\/?page_id=1009#breadcrumb"},"inLanguage":"it-IT","potentialAction":[{"@type":"ReadAction","target":["https:\/\/nogsteedshypo.nl\/?page_id=1009"]}]},{"@type":"ImageObject","inLanguage":"it-IT","@id":"https:\/\/nogsteedshypo.nl\/?page_id=1009#primaryimage","url":"https:\/\/nogsteedshypo.nl\/wp-content\/uploads\/2013\/12\/dr-henri-knafo-interview-erfa-thyroid.jpg","contentUrl":"https:\/\/nogsteedshypo.nl\/wp-content\/uploads\/2013\/12\/dr-henri-knafo-interview-erfa-thyroid.jpg","width":157,"height":205},{"@type":"BreadcrumbList","@id":"https:\/\/nogsteedshypo.nl\/?page_id=1009#breadcrumb","itemListElement":[{"@type":"ListItem","position":1,"name":"Home","item":"http:\/\/nogsteedshypo.nl\/"},{"@type":"ListItem","position":2,"name":"Intervista con Erfa Thyroid"}]},{"@type":"WebSite","@id":"http:\/\/nogsteedshypo.nl\/#website","url":"http:\/\/nogsteedshypo.nl\/","name":"Ancora ipo","description":"Als de standaardmedicijnen niet werken\u2026","publisher":{"@id":"http:\/\/nogsteedshypo.nl\/#organization"},"potentialAction":[{"@type":"SearchAction","target":{"@type":"EntryPoint","urlTemplate":"http:\/\/nogsteedshypo.nl\/?s={search_term_string}"},"query-input":{"@type":"PropertyValueSpecification","valueRequired":true,"valueName":"search_term_string"}}],"inLanguage":"it-IT"},{"@type":"Organization","@id":"http:\/\/nogsteedshypo.nl\/#organization","name":"Ancora ipo","url":"http:\/\/nogsteedshypo.nl\/","logo":{"@type":"ImageObject","inLanguage":"it-IT","@id":"http:\/\/nogsteedshypo.nl\/#\/schema\/logo\/image\/","url":"http:\/\/nogsteedshypo.nl\/wp-content\/uploads\/2013\/10\/cropped-cropped-cropped-kleinere-foto-gedownload-voor-header-site2-1.jpg","contentUrl":"http:\/\/nogsteedshypo.nl\/wp-content\/uploads\/2013\/10\/cropped-cropped-cropped-kleinere-foto-gedownload-voor-header-site2-1.jpg","width":800,"height":380,"caption":"Ancora ipo"},"image":{"@id":"http:\/\/nogsteedshypo.nl\/#\/schema\/logo\/image\/"},"sameAs":["https:\/\/www.facebook.com\/AncoraIpo"]}]}},"_links":{"self":[{"href":"https:\/\/nogsteedshypo.nl\/index.php?rest_route=\/wp\/v2\/pages\/1009","targetHints":{"allow":["GET"]}}],"collection":[{"href":"https:\/\/nogsteedshypo.nl\/index.php?rest_route=\/wp\/v2\/pages"}],"about":[{"href":"https:\/\/nogsteedshypo.nl\/index.php?rest_route=\/wp\/v2\/types\/page"}],"author":[{"embeddable":true,"href":"https:\/\/nogsteedshypo.nl\/index.php?rest_route=\/wp\/v2\/users\/1"}],"replies":[{"embeddable":true,"href":"https:\/\/nogsteedshypo.nl\/index.php?rest_route=%2Fwp%2Fv2%2Fcomments&post=1009"}],"version-history":[{"count":14,"href":"https:\/\/nogsteedshypo.nl\/index.php?rest_route=\/wp\/v2\/pages\/1009\/revisions"}],"predecessor-version":[{"id":1027,"href":"https:\/\/nogsteedshypo.nl\/index.php?rest_route=\/wp\/v2\/pages\/1009\/revisions\/1027"}],"wp:attachment":[{"href":"https:\/\/nogsteedshypo.nl\/index.php?rest_route=%2Fwp%2Fv2%2Fmedia&parent=1009"}],"curies":[{"name":"wp","href":"https:\/\/api.w.org\/{rel}","templated":true}]}}